{"id":8782,"date":"2023-02-20T14:19:53","date_gmt":"2023-02-20T14:19:53","guid":{"rendered":"https:\/\/farmleigh.ie\/bunscoil\/"},"modified":"2023-02-20T14:26:09","modified_gmt":"2023-02-20T14:26:09","slug":"bunscoil","status":"publish","type":"page","link":"https:\/\/farmleigh.ie\/ga\/bunscoil\/","title":{"rendered":"Bunscoil"},"content":{"rendered":"<p>[et_pb_section fb_built=&#8221;1&#8243; fullwidth=&#8221;on&#8221; _builder_version=&#8221;4.16&#8243; background_image=&#8221;https:\/\/farmleigh.ie\/wp-content\/uploads\/2017\/10\/Embroidery-detail-dining-room-Farmleigh.-OPW.jpg&#8221; locked=&#8221;off&#8221; global_colors_info=&#8221;{}&#8221;][et_pb_fullwidth_header title=&#8221;Oideachas&#8221; subhead=&#8221;Beala\u00ed \u00c9ags\u00fala le Pl\u00e9 len\u00e1r mBaili\u00fach\u00e1n&#8221; text_orientation=&#8221;center&#8221; header_fullscreen=&#8221;on&#8221; header_scroll_down=&#8221;on&#8221; scroll_down_icon=&#8221;%%0%%&#8221; scroll_down_icon_size=&#8221;25px&#8221; background_overlay_color=&#8221;rgba(0,0,0,0.33)&#8221; _builder_version=&#8221;4.16&#8243; title_font_size=&#8221;50px&#8221; subhead_font_size=&#8221;23px&#8221; background_color=&#8221;rgba(255, 255, 255, 0)&#8221; background_enable_image=&#8221;off&#8221; max_width_tablet=&#8221;50px&#8221; global_colors_info=&#8221;{}&#8221; button_one_text_size__hover_enabled=&#8221;off&#8221; button_two_text_size__hover_enabled=&#8221;off&#8221; button_one_text_color__hover_enabled=&#8221;off&#8221; button_two_text_color__hover_enabled=&#8221;off&#8221; button_one_border_width__hover_enabled=&#8221;off&#8221; button_two_border_width__hover_enabled=&#8221;off&#8221; button_one_border_color__hover_enabled=&#8221;off&#8221; button_two_border_color__hover_enabled=&#8221;off&#8221; button_one_border_radius__hover_enabled=&#8221;off&#8221; button_two_border_radius__hover_enabled=&#8221;off&#8221; button_one_letter_spacing__hover_enabled=&#8221;off&#8221; button_two_letter_spacing__hover_enabled=&#8221;off&#8221; button_one_bg_color__hover_enabled=&#8221;off&#8221; button_two_bg_color__hover_enabled=&#8221;off&#8221;][\/et_pb_fullwidth_header][\/et_pb_section][et_pb_section fb_built=&#8221;1&#8243; _builder_version=&#8221;4.16&#8243; global_colors_info=&#8221;{}&#8221;][et_pb_row admin_label=&#8221;Eolas sa bhreis ar an Sc\u00e9im um Chuairteanna Oideachais Saor in Aisce do Scoileanna&#8221; _builder_version=&#8221;4.16&#8243; global_colors_info=&#8221;{}&#8221;][et_pb_column type=&#8221;4_4&#8243; _builder_version=&#8221;4.16&#8243; custom_padding=&#8221;|||&#8221; global_colors_info=&#8221;{}&#8221; custom_padding__hover=&#8221;|||&#8221;][et_pb_text admin_label=&#8221;Free School Visits&#8221; _builder_version=&#8221;4.19.4&#8243; link_font=&#8221;|600|||||||&#8221; vertical_offset_tablet=&#8221;0&#8243; horizontal_offset_tablet=&#8221;0&#8243; hover_enabled=&#8221;0&#8243; z_index_tablet=&#8221;0&#8243; text_text_shadow_horizontal_length_tablet=&#8221;0px&#8221; text_text_shadow_vertical_length_tablet=&#8221;0px&#8221; text_text_shadow_blur_strength_tablet=&#8221;1px&#8221; link_text_shadow_horizontal_length_tablet=&#8221;0px&#8221; link_text_shadow_vertical_length_tablet=&#8221;0px&#8221; link_text_shadow_blur_strength_tablet=&#8221;1px&#8221; ul_text_shadow_horizontal_length_tablet=&#8221;0px&#8221; ul_text_shadow_vertical_length_tablet=&#8221;0px&#8221; ul_text_shadow_blur_strength_tablet=&#8221;1px&#8221; ol_text_shadow_horizontal_length_tablet=&#8221;0px&#8221; ol_text_shadow_vertical_length_tablet=&#8221;0px&#8221; ol_text_shadow_blur_strength_tablet=&#8221;1px&#8221; quote_text_shadow_horizontal_length_tablet=&#8221;0px&#8221; quote_text_shadow_vertical_length_tablet=&#8221;0px&#8221; quote_text_shadow_blur_strength_tablet=&#8221;1px&#8221; header_text_shadow_horizontal_length_tablet=&#8221;0px&#8221; header_text_shadow_vertical_length_tablet=&#8221;0px&#8221; header_text_shadow_blur_strength_tablet=&#8221;1px&#8221; header_2_text_shadow_horizontal_length_tablet=&#8221;0px&#8221; header_2_text_shadow_vertical_length_tablet=&#8221;0px&#8221; header_2_text_shadow_blur_strength_tablet=&#8221;1px&#8221; header_3_text_shadow_horizontal_length_tablet=&#8221;0px&#8221; header_3_text_shadow_vertical_length_tablet=&#8221;0px&#8221; header_3_text_shadow_blur_strength_tablet=&#8221;1px&#8221; header_4_text_shadow_horizontal_length_tablet=&#8221;0px&#8221; header_4_text_shadow_vertical_length_tablet=&#8221;0px&#8221; header_4_text_shadow_blur_strength_tablet=&#8221;1px&#8221; header_5_text_shadow_horizontal_length_tablet=&#8221;0px&#8221; header_5_text_shadow_vertical_length_tablet=&#8221;0px&#8221; header_5_text_shadow_blur_strength_tablet=&#8221;1px&#8221; header_6_text_shadow_horizontal_length_tablet=&#8221;0px&#8221; header_6_text_shadow_vertical_length_tablet=&#8221;0px&#8221; header_6_text_shadow_blur_strength_tablet=&#8221;1px&#8221; box_shadow_horizontal_tablet=&#8221;0px&#8221; box_shadow_vertical_tablet=&#8221;0px&#8221; box_shadow_blur_tablet=&#8221;40px&#8221; box_shadow_spread_tablet=&#8221;0px&#8221; global_colors_info=&#8221;{}&#8221; sticky_enabled=&#8221;0&#8243;]<\/p>\n<h3>Cuairteanna Scoileanna Oideachasula<\/h3>\n<p>Faoin sc\u00e9im seo, is f\u00e9idir le gach uile dhalta bunscoile agus dara leibh\u00e9al ini\u00fachadh a dh\u00e9anamh ar na l\u00e1ithre\u00e1in iontacha at\u00e1 againn, saor in aisce. Chun leas a bhaint as an \u00e1is seo cuairt saor in aisce a dh\u00e9anamh, n\u00edl le d\u00e9anamh ach\u00a0do chuairt a chur in \u00e1irithe d\u00edreach leis an l\u00e1ithre\u00e1n at\u00e1 roghnaithe agat\u00a021 l\u00e1 ar a laghad roimh r\u00e9, agus \u00e9 a dhearbh\u00fa tr\u00e1th nach d\u00e9ana\u00ed n\u00e1 24 uair an chloig roimh do chuairt. Anuas air sin, caithfidh na cuairteanna a dh\u00e9anamh le linn na scoilbhliana agus n\u00ed m\u00f3r d\u00f3ibh a bheith bainteach leis an gcuraclam n\u00e1isi\u00fanta at\u00e1 faofa ag an Roinn Oideachais agus Scileanna.<\/p>\n<p>Ar mhaithe le do chompord f\u00e9in, smaoinigh ar an chuairt a bheart\u00fa don s\u00e9as\u00far ci\u00fain \u2013 f\u00e1gfar go mbeidh n\u00edos m\u00f3 sp\u00e1is ar f\u00e1il do do ghr\u00fapa chun ini\u00fachadh fairsing a dh\u00e9anamh m\u00e1s rud \u00e9 nach bhfuil an oiread sin daoine eile ann.<\/p>\n<p>T\u00e1 na T\u00e9arma\u00ed agus Coinn\u00edollacha go l\u00e9ir ar f\u00e1il <a href=\"https:\/\/heritageireland.ie\/ga\/foghlaim\/cuairteanna-scoileanna-oideachasula\/\">anseo<\/a>.<\/p>\n<p>Chun tuilleadh faisn\u00e9ise a fh\u00e1il n\u00f3 chun \u00e1irithint gr\u00fapa a dh\u00e9anamh, seol r\u00edomhphost chuig\u00a0<a href=\"mailto:farmleighguides@opw.ie\">farmleighguides@opw.ie<\/a>\u00a0n\u00f3 cuir glao ar 01 815 5914.<\/p>\n<p>[\/et_pb_text][\/et_pb_column][\/et_pb_row][\/et_pb_section][et_pb_section fb_built=&#8221;1&#8243; _builder_version=&#8221;4.17.6&#8243; _module_preset=&#8221;default&#8221; background_color=&#8221;#eff4f7&#8243; global_colors_info=&#8221;{}&#8221;][et_pb_row _builder_version=&#8221;4.17.6&#8243; _module_preset=&#8221;default&#8221; global_colors_info=&#8221;{}&#8221;][et_pb_column type=&#8221;4_4&#8243; _builder_version=&#8221;4.17.6&#8243; _module_preset=&#8221;default&#8221; global_colors_info=&#8221;{}&#8221;][et_pb_text admin_label=&#8221;Life in the 19th century&#8221; _builder_version=&#8221;4.19.4&#8243; _module_preset=&#8221;default&#8221; global_colors_info=&#8221;{}&#8221;]<\/p>\n<h4>Life in the 19th century<\/h4>\n<p>Discover what life was like in the 19th century for the Guinness family at Farmleigh. Farmleigh dates to the 1880s and belonged to Edward Cecil Guinness, great grandson of the famous Arthur Guinness. Visit the beautiful interiors and discover the differences between life in a big house 140 years ago and life today, including candles and fireplaces instead of heat and electricity, servants in the house and grounds to get the work done, kitchens in the basements and bells to call down for service, antiques instead of plastic, fine wood carving, stuccowork and lots more.<\/p>\n<p>Farmleigh estate also boasts a walled garden, sunken garden, follies and modern sculptures. The wide variety of trees and habitats provide an opportunity to explore native and non-native biodiversity. Have a look at our education pack, tree trail and activity sheets while planning your visit to Farmleigh House &amp; Estate.<\/p>\n<p>[\/et_pb_text][\/et_pb_column][\/et_pb_row][et_pb_row column_structure=&#8221;1_2,1_2&#8243; _builder_version=&#8221;4.16&#8243; _module_preset=&#8221;default&#8221; global_colors_info=&#8221;{}&#8221;][et_pb_column type=&#8221;1_2&#8243; _builder_version=&#8221;4.16&#8243; _module_preset=&#8221;default&#8221; global_colors_info=&#8221;{}&#8221;][et_pb_button button_url=&#8221;https:\/\/farmleigh.ie\/education-teachers-notes\/&#8221; url_new_window=&#8221;on&#8221; button_text=&#8221;Teachers Notes&#8221; button_alignment=&#8221;center&#8221; admin_label=&#8221;Teachers Notes&#8221; _builder_version=&#8221;4.17.3&#8243; _module_preset=&#8221;default&#8221; custom_button=&#8221;on&#8221; button_text_color=&#8221;#FFFFFF&#8221; button_bg_color=&#8221;#00457a&#8221; button_border_color=&#8221;RGBA(255,255,255,0)&#8221; button_border_radius=&#8221;7px&#8221; button_text_shadow_style=&#8221;preset1&#8243; global_colors_info=&#8221;{}&#8221;][\/et_pb_button][\/et_pb_column][et_pb_column type=&#8221;1_2&#8243; _builder_version=&#8221;4.16&#8243; _module_preset=&#8221;default&#8221; global_colors_info=&#8221;{}&#8221;][et_pb_button button_text=&#8221;Classroom Workbook&#8221; button_alignment=&#8221;center&#8221; disabled_on=&#8221;on|on|on&#8221; admin_label=&#8221;Classroom Workbook&#8221; _builder_version=&#8221;4.16&#8243; _module_preset=&#8221;default&#8221; custom_button=&#8221;on&#8221; button_text_color=&#8221;#FFFFFF&#8221; button_bg_color=&#8221;#E01F45&#8243; button_border_color=&#8221;RGBA(255,255,255,0)&#8221; button_border_radius=&#8221;7px&#8221; button_text_shadow_style=&#8221;preset1&#8243; disabled=&#8221;on&#8221; global_colors_info=&#8221;{}&#8221;][\/et_pb_button][\/et_pb_column][\/et_pb_row][\/et_pb_section][et_pb_section fb_built=&#8221;1&#8243; _builder_version=&#8221;4.17.6&#8243; _module_preset=&#8221;default&#8221; background_color=&#8221;#cfdde6&#8243; global_colors_info=&#8221;{}&#8221;][et_pb_row column_structure=&#8221;1_3,1_3,1_3&#8243; _builder_version=&#8221;4.16&#8243; _module_preset=&#8221;default&#8221; global_colors_info=&#8221;{}&#8221;][et_pb_column type=&#8221;1_3&#8243; _builder_version=&#8221;4.16&#8243; _module_preset=&#8221;default&#8221; global_colors_info=&#8221;{}&#8221;][et_pb_image src=&#8221;https:\/\/farmleigh.ie\/wp-content\/uploads\/2017\/10\/Painting-in-old-vestibule-at-Farmeigh.-OPW.jpg&#8221; title_text=&#8221;Painting in boudoir at Farmeigh. OPW&#8221; admin_label=&#8221;Portrait Activity Image&#8221; _builder_version=&#8221;4.16&#8243; _module_preset=&#8221;default&#8221; border_radii=&#8221;on|10px|10px|10px|10px&#8221; global_colors_info=&#8221;{}&#8221;][\/et_pb_image][et_pb_button button_url=&#8221;https:\/\/farmleigh.ie\/wp-content\/uploads\/2022\/12\/B2.-Primary-School-Portraits.pdf&#8221; url_new_window=&#8221;on&#8221; button_text=&#8221;Portrait Activity&#8221; button_alignment=&#8221;center&#8221; admin_label=&#8221;Portrait Activity Button&#8221; _builder_version=&#8221;4.19.4&#8243; _module_preset=&#8221;default&#8221; custom_button=&#8221;on&#8221; button_text_color=&#8221;#FFFFFF&#8221; button_bg_color=&#8221;#00457a&#8221; button_border_color=&#8221;RGBA(255,255,255,0)&#8221; button_border_radius=&#8221;7px&#8221; button_text_shadow_style=&#8221;preset2&#8243; global_colors_info=&#8221;{}&#8221;][\/et_pb_button][\/et_pb_column][et_pb_column type=&#8221;1_3&#8243; _builder_version=&#8221;4.16&#8243; _module_preset=&#8221;default&#8221; global_colors_info=&#8221;{}&#8221;][et_pb_image src=&#8221;https:\/\/farmleigh.ie\/wp-content\/uploads\/2022\/02\/FB_IMG_1627561450318.jpg&#8221; alt=&#8221;Bronze bird sculpture titled \u00c9an M\u00f3r on Farmleigh front lawn&#8221; title_text=&#8221;\u00c9an M\u00f3r front lawn Farmleigh&#8221; admin_label=&#8221;Sculpture Map Image&#8221; _builder_version=&#8221;4.16&#8243; _module_preset=&#8221;default&#8221; border_radii=&#8221;on|10px|10px|10px|10px&#8221; global_colors_info=&#8221;{}&#8221;][\/et_pb_image][et_pb_button button_url=&#8221;https:\/\/farmleigh.ie\/wp-content\/uploads\/2022\/12\/B3.-Primary-Map-Sculpture.pdf&#8221; url_new_window=&#8221;on&#8221; button_text=&#8221;Sculpture Map Activity&#8221; button_alignment=&#8221;center&#8221; admin_label=&#8221;Sculpture Map Button&#8221; _builder_version=&#8221;4.19.4&#8243; _module_preset=&#8221;default&#8221; custom_button=&#8221;on&#8221; button_text_color=&#8221;#FFFFFF&#8221; button_bg_color=&#8221;#00457a&#8221; button_border_color=&#8221;RGBA(255,255,255,0)&#8221; button_border_radius=&#8221;7px&#8221; button_text_shadow_style=&#8221;preset1&#8243; global_colors_info=&#8221;{}&#8221;][\/et_pb_button][\/et_pb_column][et_pb_column type=&#8221;1_3&#8243; _builder_version=&#8221;4.16&#8243; _module_preset=&#8221;default&#8221; global_colors_info=&#8221;{}&#8221;][et_pb_image src=&#8221;https:\/\/farmleigh.ie\/wp-content\/uploads\/2022\/02\/Screenshot_202202.jpg&#8221; alt=&#8221;Oak leaves&#8221; title_text=&#8221;Oak leaves&#8221; admin_label=&#8221;Tree Detective Image&#8221; _builder_version=&#8221;4.16&#8243; _module_preset=&#8221;default&#8221; border_radii=&#8221;on|10px|10px|10px|10px&#8221; global_colors_info=&#8221;{}&#8221;][\/et_pb_image][et_pb_button button_url=&#8221;https:\/\/farmleigh.ie\/wp-content\/uploads\/2021\/08\/Tree-Detectives.pdf&#8221; url_new_window=&#8221;on&#8221; button_text=&#8221;Tree Detective Activity&#8221; button_alignment=&#8221;center&#8221; admin_label=&#8221;Tree Detective Button&#8221; _builder_version=&#8221;4.17.6&#8243; _module_preset=&#8221;default&#8221; custom_button=&#8221;on&#8221; button_text_color=&#8221;#FFFFFF&#8221; button_bg_color=&#8221;#00457a&#8221; button_border_color=&#8221;RGBA(255,255,255,0)&#8221; button_border_radius=&#8221;7px&#8221; button_text_shadow_style=&#8221;preset1&#8243; global_colors_info=&#8221;{}&#8221;][\/et_pb_button][\/et_pb_column][\/et_pb_row][et_pb_row admin_label=&#8221;Div&#8221; _builder_version=&#8221;4.16&#8243; _module_preset=&#8221;default&#8221; global_colors_info=&#8221;{}&#8221;][et_pb_column type=&#8221;4_4&#8243; _builder_version=&#8221;4.16&#8243; _module_preset=&#8221;default&#8221; global_colors_info=&#8221;{}&#8221;][et_pb_divider disabled_on=&#8221;on|on|on&#8221; _builder_version=&#8221;4.16&#8243; _module_preset=&#8221;default&#8221; disabled=&#8221;on&#8221; global_colors_info=&#8221;{}&#8221;][\/et_pb_divider][et_pb_text disabled_on=&#8221;on|on|on&#8221; admin_label=&#8221;Tree trail&#8221; _builder_version=&#8221;4.16&#8243; _module_preset=&#8221;default&#8221; disabled=&#8221;on&#8221; global_colors_info=&#8221;{}&#8221;]<\/p>\n<h4>Natural Environment<\/h4>\n<p>Have a look at the tree trail to discover the trees at Farmleigh<\/p>\n<p>[\/et_pb_text][\/et_pb_column][\/et_pb_row][\/et_pb_section][et_pb_section fb_built=&#8221;1&#8243; fullwidth=&#8221;on&#8221; _builder_version=&#8221;4.17.3&#8243; _module_preset=&#8221;default&#8221; global_colors_info=&#8221;{}&#8221;][et_pb_fullwidth_image src=&#8221;https:\/\/farmleigh.ie\/wp-content\/uploads\/2022\/02\/IMG_9834.jpg&#8221; alt=&#8221;Crainn&#8221; title_text=&#8221;autumn trees on fountain lawn&#8221; admin_label=&#8221;Fullwidth Autumn Trees on Fountain Lawn Image&#8221; _builder_version=&#8221;4.17.3&#8243; _module_preset=&#8221;default&#8221; global_colors_info=&#8221;{}&#8221;][\/et_pb_fullwidth_image][\/et_pb_section]<\/p>\n","protected":false},"excerpt":{"rendered":"<p>Cuairteanna Scoileanna Oideachasula Faoin sc\u00e9im seo, is f\u00e9idir le gach uile dhalta bunscoile agus dara leibh\u00e9al ini\u00fachadh a dh\u00e9anamh ar na l\u00e1ithre\u00e1in iontacha at\u00e1 againn, saor in aisce. Chun leas [&hellip;]<\/p>\n","protected":false},"author":11,"featured_media":0,"parent":0,"menu_order":0,"comment_status":"closed","ping_status":"closed","template":"","meta":{"_et_pb_use_builder":"on","_et_pb_old_content":"","_et_gb_content_width":"","footnotes":""},"class_list":["post-8782","page","type-page","status-publish","hentry"],"_links":{"self":[{"href":"https:\/\/farmleigh.ie\/ga\/wp-json\/wp\/v2\/pages\/8782","targetHints":{"allow":["GET"]}}],"collection":[{"href":"https:\/\/farmleigh.ie\/ga\/wp-json\/wp\/v2\/pages"}],"about":[{"href":"https:\/\/farmleigh.ie\/ga\/wp-json\/wp\/v2\/types\/page"}],"author":[{"embeddable":true,"href":"https:\/\/farmleigh.ie\/ga\/wp-json\/wp\/v2\/users\/11"}],"replies":[{"embeddable":true,"href":"https:\/\/farmleigh.ie\/ga\/wp-json\/wp\/v2\/comments?post=8782"}],"version-history":[{"count":5,"href":"https:\/\/farmleigh.ie\/ga\/wp-json\/wp\/v2\/pages\/8782\/revisions"}],"predecessor-version":[{"id":8797,"href":"https:\/\/farmleigh.ie\/ga\/wp-json\/wp\/v2\/pages\/8782\/revisions\/8797"}],"wp:attachment":[{"href":"https:\/\/farmleigh.ie\/ga\/wp-json\/wp\/v2\/media?parent=8782"}],"curies":[{"name":"wp","href":"https:\/\/api.w.org\/{rel}","templated":true}]}}