{"id":8633,"date":"2023-01-27T12:11:20","date_gmt":"2023-01-27T12:11:20","guid":{"rendered":"https:\/\/farmleigh.ie\/turais\/"},"modified":"2026-01-31T14:51:01","modified_gmt":"2026-01-31T14:51:01","slug":"turais","status":"publish","type":"page","link":"https:\/\/farmleigh.ie\/ga\/turais\/","title":{"rendered":"Turais"},"content":{"rendered":"<p>[et_pb_section fb_built=&#8221;1&#8243; fullwidth=&#8221;on&#8221; _builder_version=&#8221;4.16&#8243; background_image=&#8221;https:\/\/farmleigh.ie\/wp-content\/uploads\/2017\/10\/A-tour-of-the-Conservatory-at-Farmleigh.-OPW.jpg&#8221; global_colors_info=&#8221;{}&#8221;][et_pb_fullwidth_header title=&#8221;Turais&#8221; subhead=&#8221;Tar i gCuideachta le Duine d\u00e1r dTreoraithe Seanchleachta ar Thuras An-Sp\u00e9isi\u00fail!&#8221; text_orientation=&#8221;center&#8221; header_fullscreen=&#8221;on&#8221; header_scroll_down=&#8221;on&#8221; scroll_down_icon=&#8221;%%0%%&#8221; scroll_down_icon_size=&#8221;25px&#8221; background_overlay_color=&#8221;rgba(0,0,0,0.33)&#8221; disabled_on=&#8221;off|off|off&#8221; _builder_version=&#8221;4.16&#8243; title_font_size=&#8221;50px&#8221; subhead_font_size=&#8221;23px&#8221; background_color=&#8221;rgba(255, 255, 255, 0)&#8221; background_image=&#8221;http:\/\/ds2.opw.ie\/wp-content\/uploads\/2017\/10\/A-tour-of-the-Conservatory-at-Farmleigh.-OPW.jpg&#8221; button_one_letter_spacing_hover=&#8221;0&#8243; button_two_letter_spacing_hover=&#8221;0&#8243; global_colors_info=&#8221;{}&#8221; button_one_text_size__hover_enabled=&#8221;off&#8221; button_one_text_size__hover=&#8221;null&#8221; button_two_text_size__hover_enabled=&#8221;off&#8221; button_two_text_size__hover=&#8221;null&#8221; button_one_text_color__hover_enabled=&#8221;off&#8221; button_one_text_color__hover=&#8221;null&#8221; button_two_text_color__hover_enabled=&#8221;off&#8221; button_two_text_color__hover=&#8221;null&#8221; button_one_border_width__hover_enabled=&#8221;off&#8221; button_one_border_width__hover=&#8221;null&#8221; button_two_border_width__hover_enabled=&#8221;off&#8221; button_two_border_width__hover=&#8221;null&#8221; button_one_border_color__hover_enabled=&#8221;off&#8221; button_one_border_color__hover=&#8221;null&#8221; button_two_border_color__hover_enabled=&#8221;off&#8221; button_two_border_color__hover=&#8221;null&#8221; button_one_border_radius__hover_enabled=&#8221;off&#8221; button_one_border_radius__hover=&#8221;null&#8221; button_two_border_radius__hover_enabled=&#8221;off&#8221; button_two_border_radius__hover=&#8221;null&#8221; button_one_letter_spacing__hover_enabled=&#8221;on&#8221; button_one_letter_spacing__hover=&#8221;0&#8243; button_two_letter_spacing__hover_enabled=&#8221;on&#8221; button_two_letter_spacing__hover=&#8221;0&#8243; button_one_bg_color__hover_enabled=&#8221;off&#8221; button_one_bg_color__hover=&#8221;null&#8221; button_two_bg_color__hover_enabled=&#8221;off&#8221; button_two_bg_color__hover=&#8221;null&#8221;][\/et_pb_fullwidth_header][\/et_pb_section][et_pb_section fb_built=&#8221;1&#8243; _builder_version=&#8221;4.17.4&#8243; background_enable_color=&#8221;off&#8221; global_colors_info=&#8221;{}&#8221;][et_pb_row column_structure=&#8221;1_2,1_2&#8243; disabled_on=&#8221;off|off|off&#8221; _builder_version=&#8221;4.16&#8243; background_size=&#8221;initial&#8221; background_position=&#8221;top_left&#8221; background_repeat=&#8221;repeat&#8221; global_colors_info=&#8221;{}&#8221;][et_pb_column type=&#8221;1_2&#8243; _builder_version=&#8221;4.16&#8243; custom_padding=&#8221;|||&#8221; global_colors_info=&#8221;{}&#8221; custom_padding__hover=&#8221;|||&#8221;][et_pb_text admin_label=&#8221;House Tour&#8221; _builder_version=&#8221;4.27.5&#8243; text_font=&#8221;||||||||&#8221; text_text_color=&#8221;#0a0a0a&#8221; link_font=&#8221;|600|||||||&#8221; link_text_color=&#8221;#61b533&#8243; vertical_offset_tablet=&#8221;0&#8243; horizontal_offset_tablet=&#8221;0&#8243; module_alignment=&#8221;left&#8221; hover_enabled=&#8221;0&#8243; z_index_tablet=&#8221;500&#8243; box_shadow_horizontal_tablet=&#8221;0px&#8221; box_shadow_vertical_tablet=&#8221;0px&#8221; box_shadow_blur_tablet=&#8221;40px&#8221; box_shadow_spread_tablet=&#8221;0px&#8221; global_colors_info=&#8221;{}&#8221; sticky_enabled=&#8221;0&#8243;]<\/p>\n<h3>Turas Treoraithe ar Theach Farmleigh<\/h3>\n<p>Is tr\u00ed thuras treoraithe amh\u00e1in a fhaightear rochtain ar Theach Farmleigh. B\u00edonn turais threoraithe ar Theach Farmleigh ar f\u00e1il idir 10.00 agus 17.30. Is \u00e9 16.30 an t-am is d\u00e9ana\u00ed a ligtear daoine isteach. Leithdh\u00e1iltear tic\u00e9id ar bhonn \u2018t\u00fas freastail ar an gceann is t\u00faisce\u2019 n\u00f3 tr\u00ed iad a chur in \u00e1irithe ar l\u00edne. Tar i gcuideachta le duine d\u00e1r dtreoraithe eolacha ar thuras ar Theach Farmleigh, ar lena linn a rachaidh t\u00fa \u00f3n ocht\u00fa haois d\u00e9ag, nuair a tosa\u00edodh an obair t\u00f3g\u00e1la, suas go dt\u00ed an l\u00e1 inniu.<\/p>\n<p>N\u00ed m\u00f3r do leana\u00ed bheith faoi mhaoirseacht ag aosach i gc\u00f3na\u00ed.<\/p>\n<p>Chun tuilleadh faisn\u00e9ise a fh\u00e1il n\u00f3 chun \u00e1irithint gr\u00fapa a dh\u00e9anamh, seol r\u00edomhphost chuig <span style=\"color: #008080;\"><a style=\"color: #008080;\" href=\"mailto:farmleighguides@opw.ie\"><strong>farmleighguides@opw.ie<\/strong><\/a><\/span>\u00a0n\u00f3 cuir glao ar 01 815 5914.<\/p>\n<p><strong>Coinnigh do mhadra ar \u00e9ill fad a bheidh t\u00fa ar East\u00e1t Farmleigh.<\/strong><\/p>\n<p>&nbsp;<\/p>\n<p>[\/et_pb_text][et_pb_image _builder_version=&#8221;4.27.5&#8243; _module_preset=&#8221;default&#8221; alt=&#8221;Farmleigh Porte Cochere with wisteria&#8221; title_text=&#8221;1&#8243; src=&#8221;http:\/\/farmleigh.ie\/wp-content\/uploads\/2026\/01\/1-1.jpg&#8221; hover_enabled=&#8221;0&#8243; sticky_enabled=&#8221;0&#8243;][\/et_pb_image][\/et_pb_column][et_pb_column type=&#8221;1_2&#8243; _builder_version=&#8221;4.16&#8243; custom_padding=&#8221;|||&#8221; global_colors_info=&#8221;{}&#8221; custom_padding__hover=&#8221;|||&#8221;][et_pb_text admin_label=&#8221;Admission charges&#8221; _builder_version=&#8221;4.27.5&#8243; text_text_color=&#8221;#383838&#8243; vertical_offset_tablet=&#8221;0&#8243; horizontal_offset_tablet=&#8221;0&#8243; module_alignment=&#8221;left&#8221; hover_enabled=&#8221;0&#8243; z_index_tablet=&#8221;500&#8243; box_shadow_horizontal_tablet=&#8221;0px&#8221; box_shadow_vertical_tablet=&#8221;0px&#8221; box_shadow_blur_tablet=&#8221;40px&#8221; box_shadow_spread_tablet=&#8221;0px&#8221; global_colors_info=&#8221;{}&#8221; sticky_enabled=&#8221;0&#8243;]<\/p>\n<h3>Muirir ar Chead Isteach i dTeach Farmleigh<\/h3>\n<p>Aosach: \u20ac8.00<br \/>Sean\u00f3ir (60+): \u20ac6.00<br \/>Leanbh (12-17)\/Mac l\u00e9inn (aitheantas ag teast\u00e1il): \u20ac4.00<br \/>Leanbh faoi bhun 12 bhliain d\u2019aois: Saor in aisce<br \/>Teaghlach (Beirt aosach, c\u00faigear leana\u00ed ar a mh\u00e9ad): \u20ac20.00<\/p>\n<p>Maireann an turas ar an teach 50 n\u00f3im\u00e9ad ar an me\u00e1n.<\/p>\n<p>T\u00e1 cead isteach saor in aisce \u00e1 thairiscint againn d\u00f3ibh si\u00fad at\u00e1 faoi mh\u00edchumas agus do na c\u00faram\u00f3ir\u00ed at\u00e1 \u00e1 dtionlacan ag na su\u00edomhanna go l\u00e9ir d\u00e1r gcuid a ngearrtar t\u00e1ille chun dul isteach iontu.<\/p>\n<p>*\u00d3s rud \u00e9 gur foirgneamh oibre de chuid an Rialtais \u00e9 Teach Farmleigh, f\u00e9adfar an Teach a dh\u00fanadh ar gearrfh\u00f3gra. Is f\u00e9idir leat teagmh\u00e1il a dh\u00e9anamh linn chun an t-eolas is deireana\u00ed a fh\u00e1il roimh do chuairt, n\u00f3 is f\u00e9idir leat s\u00fail a chaitheamh ar an gc\u00e9ad leathanach den su\u00edomh Gr\u00e9as\u00e1in seo chun aon fh\u00f3gra\u00ed a l\u00e9amh.<\/p>\n<p>[\/et_pb_text][et_pb_button button_url=&#8221;https:\/\/farmleigh.admit-one.eu\/?p=calendar&#038;ev=STANDARD&#8221; button_text=&#8221;Cuir Turas ar an Teach in \u00c1irithe&#8221; disabled_on=&#8221;on|on|on&#8221; _builder_version=&#8221;4.27.0&#8243; _module_preset=&#8221;default&#8221; custom_button=&#8221;on&#8221; button_text_color=&#8221;#FFFFFF&#8221; button_bg_color=&#8221;#004d44&#8243; button_border_width=&#8221;2px&#8221; button_border_color=&#8221;RGBA(255,255,255,0)&#8221; button_text_shadow_style=&#8221;preset1&#8243; global_colors_info=&#8221;{}&#8221; disabled=&#8221;on&#8221;][\/et_pb_button][\/et_pb_column][\/et_pb_row][et_pb_row column_structure=&#8221;1_2,1_2&#8243; disabled_on=&#8221;on|on|on&#8221; _builder_version=&#8221;4.16&#8243; background_size=&#8221;initial&#8221; background_position=&#8221;top_left&#8221; background_repeat=&#8221;repeat&#8221; disabled=&#8221;on&#8221; global_colors_info=&#8221;{}&#8221;][et_pb_column type=&#8221;1_2&#8243; _builder_version=&#8221;4.16&#8243; custom_padding=&#8221;|||&#8221; global_colors_info=&#8221;{}&#8221; custom_padding__hover=&#8221;|||&#8221;][et_pb_text admin_label=&#8221;Daily House Tours Text&#8221; _builder_version=&#8221;4.16&#8243; text_text_color=&#8221;#383838&#8243; vertical_offset_tablet=&#8221;0&#8243; horizontal_offset_tablet=&#8221;0&#8243; module_alignment=&#8221;left&#8221; z_index_tablet=&#8221;500&#8243; box_shadow_horizontal_tablet=&#8221;0px&#8221; box_shadow_vertical_tablet=&#8221;0px&#8221; box_shadow_blur_tablet=&#8221;40px&#8221; box_shadow_spread_tablet=&#8221;0px&#8221; global_colors_info=&#8221;{}&#8221;]<\/p>\n<h3>Farmleigh House Guided Tour<\/h3>\n<p>Access to Farmleigh House is by guided tour. Guided tours of Farmleigh House are available on a first come, first serve basis between 10.00 hrs and 17.30 hrs with the last entry at 16.30 hrs. Join one of our knowledgeable guides for a tour of Farmleigh House that takes you from the eighteenth century, when building commenced, right up to the present day.<\/p>\n<p><strong>Farmleigh House Admissions Charges<\/strong>:<br \/>Adult: \u20ac8.00<br \/>Senior (60+): \u20ac6.00<br \/>Child (12-17)\/Student (ID required): \u20ac4.00<br \/>Child under 12: Free<br \/>Family (Two adults, max five children): \u20ac20.00<\/p>\n<p>The average length of the house tour is 50 minutes.<\/p>\n<p>*Please note that because Farmleigh is a working Government building, the House may close at short notice. You can contact us for updates in advance of your visit, or check the front page of this website for notices.<\/p>\n<p>[\/et_pb_text][\/et_pb_column][et_pb_column type=&#8221;1_2&#8243; _builder_version=&#8221;4.16&#8243; custom_padding=&#8221;|||&#8221; global_colors_info=&#8221;{}&#8221; custom_padding__hover=&#8221;|||&#8221;][et_pb_text admin_label=&#8221;Daily Guided Outdoor Tours Text&#8221; _builder_version=&#8221;4.16&#8243; text_text_color=&#8221;#0a0a0a&#8221; vertical_offset_tablet=&#8221;0&#8243; horizontal_offset_tablet=&#8221;0&#8243; module_alignment=&#8221;left&#8221; z_index_tablet=&#8221;500&#8243; box_shadow_horizontal_tablet=&#8221;0px&#8221; box_shadow_vertical_tablet=&#8221;0px&#8221; box_shadow_blur_tablet=&#8221;40px&#8221; box_shadow_spread_tablet=&#8221;0px&#8221; global_colors_info=&#8221;{}&#8221;]<\/p>\n<h3>Farmleigh Estate Outdoor Tour<\/h3>\n<p>The outdoor tour will include the extensive pleasure grounds with a wonderful collection of Victorian, Edwardian and contemporary ornamental features with walled and sunken gardens and scenic lakeside views. Hear the fascinating stories of various members of <a href=\"http:\/\/farmleigh.ie\/the-guinness-family\/\">the Guinness family<\/a> who lived in the house, and helped create Farmleigh&#8217;s beautiful pleaure grounds.<\/p>\n<p><strong>Farmleigh Outdoor Guided Tour Charges<\/strong>:<br \/>Adult: \u20ac5.00<br \/>Senior (60+): \u20ac4.00<br \/>Child (12-17)\/Student (ID required): \u20ac3.00<br \/>Child under 12: Free<br \/>Family (Two adults, max five children): \u20ac13.00<\/p>\n<p>The average length of a tour is 45 minutes<\/p>\n<p>*Please note that because Farmleigh is a working Government building, the Estate may close at short notice. You can <a href=\"http:\/\/farmleigh.ie\/contact-us\/\">contact us<\/a> for updates in advance of your visit, or check the front page of this website for notices.<\/p>\n<p>[\/et_pb_text][\/et_pb_column][\/et_pb_row][\/et_pb_section][et_pb_section fb_built=&#8221;1&#8243; _builder_version=&#8221;4.17.4&#8243; background_color=&#8221;#f2f8f7&#8243; global_colors_info=&#8221;{}&#8221;][et_pb_row column_structure=&#8221;1_3,1_3,1_3&#8243; _builder_version=&#8221;4.16&#8243; background_size=&#8221;initial&#8221; background_position=&#8221;top_left&#8221; background_repeat=&#8221;repeat&#8221; global_colors_info=&#8221;{}&#8221;][et_pb_column type=&#8221;1_3&#8243; _builder_version=&#8221;4.16&#8243; custom_padding=&#8221;|||&#8221; global_colors_info=&#8221;{}&#8221; custom_padding__hover=&#8221;|||&#8221;][et_pb_testimonial author=&#8221;Maighnuada ar Tripadvisor&#8221; _builder_version=&#8221;4.17.4&#8243; background_enable_color=&#8221;off&#8221; use_background_color=&#8221;off&#8221; border_radii_portrait=&#8221;on||||&#8221; border_style=&#8221;solid&#8221; global_colors_info=&#8221;{}&#8221;]<\/p>\n<p>Stopped here for lunch today and was very pleasantly surprised. The staff were very friendly, helpful and professional. The food was simple but tasty and good value. Great coffee. Lovely views over the lake.<\/p>\n<p>[\/et_pb_testimonial][\/et_pb_column][et_pb_column type=&#8221;1_3&#8243; _builder_version=&#8221;4.16&#8243; custom_padding=&#8221;|||&#8221; global_colors_info=&#8221;{}&#8221; custom_padding__hover=&#8221;|||&#8221;][et_pb_testimonial author=&#8221;Mick B ar Tripadvisor&#8221; _builder_version=&#8221;4.17.4&#8243; background_enable_color=&#8221;off&#8221; use_background_color=&#8221;off&#8221; border_radii_portrait=&#8221;on||||&#8221; border_style=&#8221;solid&#8221; global_colors_info=&#8221;{}&#8221;]<\/p>\n<p>We did the 11:15 am tour. The guide was excellent. This was about my 5th time doing tour but it was the most informative. Thanks to Don . He had a lovely personality. Very welcoming and full of enthusiasm. I would love to attend his Dublin Castle tour. Highly recommended.<\/p>\n<p>[\/et_pb_testimonial][\/et_pb_column][et_pb_column type=&#8221;1_3&#8243; _builder_version=&#8221;4.16&#8243; custom_padding=&#8221;|||&#8221; global_colors_info=&#8221;{}&#8221; custom_padding__hover=&#8221;|||&#8221;][et_pb_testimonial author=&#8221;Permia on Tripadvisor&#8221; _builder_version=&#8221;4.17.4&#8243; background_enable_color=&#8221;off&#8221; use_background_color=&#8221;off&#8221; border_radii_portrait=&#8221;on||||&#8221; border_style=&#8221;solid&#8221; global_colors_info=&#8221;{}&#8221;]<\/p>\n<p>The house tour was excellent, led by a great guide. We saw the beautiful rooms, which play host to visiting heads of state and royalty. The decorative features are outstanding with exquisite tapestries, stucco and gorgeous chandeliers enhancing the space.<\/p>\n<p>[\/et_pb_testimonial][\/et_pb_column][\/et_pb_row][\/et_pb_section][et_pb_section fb_built=&#8221;1&#8243; fullwidth=&#8221;on&#8221; disabled_on=&#8221;off|off|off&#8221; _builder_version=&#8221;4.27.5&#8243; hover_enabled=&#8221;0&#8243; global_colors_info=&#8221;{}&#8221; sticky_enabled=&#8221;0&#8243;][et_pb_fullwidth_image src=&#8221;http:\/\/farmleigh.ie\/wp-content\/uploads\/2025\/03\/Farmleigh-16-scaled.jpg&#8221; _builder_version=&#8221;4.27.5&#8243; hover_enabled=&#8221;0&#8243; global_colors_info=&#8221;{}&#8221; alt=&#8221;Wooden fireplace below tapestry featuring personification of Africa; lady in carriage pulled by lions&#8221; title_text=&#8221;OLYMPUS DIGITAL CAMERA&#8221; sticky_enabled=&#8221;0&#8243;][\/et_pb_fullwidth_image][\/et_pb_section]<\/p>\n","protected":false},"excerpt":{"rendered":"<p>Turas Treoraithe ar Theach Farmleigh Is tr\u00ed thuras treoraithe amh\u00e1in a fhaightear rochtain ar Theach Farmleigh. B\u00edonn turais threoraithe ar Theach Farmleigh ar f\u00e1il idir 10.00 agus 17.30. Is \u00e9 [&hellip;]<\/p>\n","protected":false},"author":1,"featured_media":0,"parent":0,"menu_order":0,"comment_status":"closed","ping_status":"closed","template":"","meta":{"_et_pb_use_builder":"on","_et_pb_old_content":"","_et_gb_content_width":"","footnotes":""},"class_list":["post-8633","page","type-page","status-publish","hentry"],"_links":{"self":[{"href":"https:\/\/farmleigh.ie\/ga\/wp-json\/wp\/v2\/pages\/8633","targetHints":{"allow":["GET"]}}],"collection":[{"href":"https:\/\/farmleigh.ie\/ga\/wp-json\/wp\/v2\/pages"}],"about":[{"href":"https:\/\/farmleigh.ie\/ga\/wp-json\/wp\/v2\/types\/page"}],"author":[{"embeddable":true,"href":"https:\/\/farmleigh.ie\/ga\/wp-json\/wp\/v2\/users\/1"}],"replies":[{"embeddable":true,"href":"https:\/\/farmleigh.ie\/ga\/wp-json\/wp\/v2\/comments?post=8633"}],"version-history":[{"count":5,"href":"https:\/\/farmleigh.ie\/ga\/wp-json\/wp\/v2\/pages\/8633\/revisions"}],"predecessor-version":[{"id":12428,"href":"https:\/\/farmleigh.ie\/ga\/wp-json\/wp\/v2\/pages\/8633\/revisions\/12428"}],"wp:attachment":[{"href":"https:\/\/farmleigh.ie\/ga\/wp-json\/wp\/v2\/media?parent=8633"}],"curies":[{"name":"wp","href":"https:\/\/api.w.org\/{rel}","templated":true}]}}