{"id":8627,"date":"2023-01-27T11:46:26","date_gmt":"2023-01-27T11:46:26","guid":{"rendered":"https:\/\/farmleigh.ie\/learscail-suimh\/"},"modified":"2023-01-27T11:46:27","modified_gmt":"2023-01-27T11:46:27","slug":"learscail-suimh","status":"publish","type":"page","link":"https:\/\/farmleigh.ie\/ga\/learscail-suimh\/","title":{"rendered":"L\u00e9arsc\u00e1il Su\u00edmh"},"content":{"rendered":"<p>[et_pb_section fb_built=&#8221;1&#8243; _builder_version=&#8221;3.22&#8243;][et_pb_row _builder_version=&#8221;3.25&#8243; background_size=&#8221;initial&#8221; background_position=&#8221;top_left&#8221; background_repeat=&#8221;repeat&#8221;][et_pb_column type=&#8221;4_4&#8243; _builder_version=&#8221;3.25&#8243; custom_padding=&#8221;|||&#8221; custom_padding__hover=&#8221;|||&#8221;][et_pb_text admin_label=&#8221;WP Sitemap Page Code&#8221; _builder_version=&#8221;4.9.7&#8243; _module_preset=&#8221;default&#8221; hover_enabled=&#8221;0&#8243; sticky_enabled=&#8221;0&#8243;]<\/p>\n<h2><a href=\"https:\/\/farmleigh.ie\/ga\/learscail-suimh\/\">L\u00c9ARSC\u00c1IL SU\u00cdMH<\/a><\/h2>\n<p>[wp_sitemap_page only=&#8221;page&#8221; display_title=&#8221;false&#8221;]<\/p>\n<p>[\/et_pb_text][\/et_pb_column][\/et_pb_row][\/et_pb_section]<\/p>\n","protected":false},"excerpt":{"rendered":"<p>L\u00c9ARSC\u00c1IL SU\u00cdMH [wp_sitemap_page only=&#8221;page&#8221; display_title=&#8221;false&#8221;]<\/p>\n","protected":false},"author":1,"featured_media":0,"parent":0,"menu_order":0,"comment_status":"closed","ping_status":"closed","template":"","meta":{"_et_pb_use_builder":"on","_et_pb_old_content":"","_et_gb_content_width":"","footnotes":""},"class_list":["post-8627","page","type-page","status-publish","hentry"],"_links":{"self":[{"href":"https:\/\/farmleigh.ie\/ga\/wp-json\/wp\/v2\/pages\/8627","targetHints":{"allow":["GET"]}}],"collection":[{"href":"https:\/\/farmleigh.ie\/ga\/wp-json\/wp\/v2\/pages"}],"about":[{"href":"https:\/\/farmleigh.ie\/ga\/wp-json\/wp\/v2\/types\/page"}],"author":[{"embeddable":true,"href":"https:\/\/farmleigh.ie\/ga\/wp-json\/wp\/v2\/users\/1"}],"replies":[{"embeddable":true,"href":"https:\/\/farmleigh.ie\/ga\/wp-json\/wp\/v2\/comments?post=8627"}],"version-history":[{"count":2,"href":"https:\/\/farmleigh.ie\/ga\/wp-json\/wp\/v2\/pages\/8627\/revisions"}],"predecessor-version":[{"id":8629,"href":"https:\/\/farmleigh.ie\/ga\/wp-json\/wp\/v2\/pages\/8627\/revisions\/8629"}],"wp:attachment":[{"href":"https:\/\/farmleigh.ie\/ga\/wp-json\/wp\/v2\/media?parent=8627"}],"curies":[{"name":"wp","href":"https:\/\/api.w.org\/{rel}","templated":true}]}}