{"id":8624,"date":"2023-01-27T11:42:35","date_gmt":"2023-01-27T11:42:35","guid":{"rendered":"https:\/\/farmleigh.ie\/uaireanta-oscailte\/"},"modified":"2025-01-29T11:43:45","modified_gmt":"2025-01-29T11:43:45","slug":"uaireanta-oscailte","status":"publish","type":"page","link":"https:\/\/farmleigh.ie\/ga\/uaireanta-oscailte\/","title":{"rendered":"Uaireanta Oscailte"},"content":{"rendered":"<p>[et_pb_section fb_built=&#8221;1&#8243; fullwidth=&#8221;on&#8221; _builder_version=&#8221;4.16&#8243; background_image=&#8221;https:\/\/farmleigh.ie\/wp-content\/uploads\/2017\/10\/Farmleigh-front-door.-OPW.jpg&#8221; global_colors_info=&#8221;{}&#8221;][et_pb_fullwidth_header title=&#8221;Uaireanta Oscailte  &#8221; subhead=&#8221;Scrollaigh chun Amanna a Bhrabhs\u00e1il&#8221; text_orientation=&#8221;center&#8221; header_fullscreen=&#8221;on&#8221; header_scroll_down=&#8221;on&#8221; scroll_down_icon=&#8221;%%0%%&#8221; scroll_down_icon_size=&#8221;25px&#8221; background_overlay_color=&#8221;rgba(0,0,0,0.33)&#8221; _builder_version=&#8221;4.16&#8243; title_font_size=&#8221;50px&#8221; subhead_font_size=&#8221;23px&#8221; background_color=&#8221;rgba(255, 255, 255, 0)&#8221; background_image=&#8221;http:\/\/ds2.opw.ie\/wp-content\/uploads\/2017\/10\/Entrance-to-ticket-desk-at-Farmleigh.-OPW.jpg&#8221; max_width_tablet=&#8221;50px&#8221; global_colors_info=&#8221;{}&#8221; button_one_text_size__hover_enabled=&#8221;off&#8221; button_one_text_size__hover=&#8221;null&#8221; button_two_text_size__hover_enabled=&#8221;off&#8221; button_two_text_size__hover=&#8221;null&#8221; button_one_text_color__hover_enabled=&#8221;off&#8221; button_one_text_color__hover=&#8221;null&#8221; button_two_text_color__hover_enabled=&#8221;off&#8221; button_two_text_color__hover=&#8221;null&#8221; button_one_border_width__hover_enabled=&#8221;off&#8221; button_one_border_width__hover=&#8221;null&#8221; button_two_border_width__hover_enabled=&#8221;off&#8221; button_two_border_width__hover=&#8221;null&#8221; button_one_border_color__hover_enabled=&#8221;off&#8221; button_one_border_color__hover=&#8221;null&#8221; button_two_border_color__hover_enabled=&#8221;off&#8221; button_two_border_color__hover=&#8221;null&#8221; button_one_border_radius__hover_enabled=&#8221;off&#8221; button_one_border_radius__hover=&#8221;null&#8221; button_two_border_radius__hover_enabled=&#8221;off&#8221; button_two_border_radius__hover=&#8221;null&#8221; button_one_letter_spacing__hover_enabled=&#8221;off&#8221; button_one_letter_spacing__hover=&#8221;null&#8221; button_two_letter_spacing__hover_enabled=&#8221;off&#8221; button_two_letter_spacing__hover=&#8221;null&#8221; button_one_bg_color__hover_enabled=&#8221;off&#8221; button_one_bg_color__hover=&#8221;null&#8221; button_two_bg_color__hover_enabled=&#8221;off&#8221; button_two_bg_color__hover=&#8221;null&#8221;][\/et_pb_fullwidth_header][\/et_pb_section][et_pb_section fb_built=&#8221;1&#8243; _builder_version=&#8221;4.17.3&#8243; background_enable_color=&#8221;off&#8221; global_colors_info=&#8221;{}&#8221;][et_pb_row column_structure=&#8221;1_2,1_2&#8243; _builder_version=&#8221;4.16&#8243; background_size=&#8221;initial&#8221; background_position=&#8221;top_left&#8221; background_repeat=&#8221;repeat&#8221; global_colors_info=&#8221;{}&#8221;][et_pb_column type=&#8221;1_2&#8243; _builder_version=&#8221;4.16&#8243; custom_padding=&#8221;|||&#8221; global_colors_info=&#8221;{}&#8221; custom_padding__hover=&#8221;|||&#8221;][et_pb_text admin_label=&#8221;Estate Text&#8221; _builder_version=&#8221;4.27.0&#8243; link_font=&#8221;|600|||||||&#8221; link_text_color=&#8221;#61b533&#8243; vertical_offset_tablet=&#8221;0&#8243; horizontal_offset_tablet=&#8221;0&#8243; module_alignment=&#8221;left&#8221; z_index_tablet=&#8221;0&#8243; text_text_shadow_horizontal_length_tablet=&#8221;0px&#8221; text_text_shadow_vertical_length_tablet=&#8221;0px&#8221; text_text_shadow_blur_strength_tablet=&#8221;1px&#8221; link_text_shadow_horizontal_length_tablet=&#8221;0px&#8221; link_text_shadow_vertical_length_tablet=&#8221;0px&#8221; link_text_shadow_blur_strength_tablet=&#8221;1px&#8221; ul_text_shadow_horizontal_length_tablet=&#8221;0px&#8221; ul_text_shadow_vertical_length_tablet=&#8221;0px&#8221; ul_text_shadow_blur_strength_tablet=&#8221;1px&#8221; ol_text_shadow_horizontal_length_tablet=&#8221;0px&#8221; ol_text_shadow_vertical_length_tablet=&#8221;0px&#8221; ol_text_shadow_blur_strength_tablet=&#8221;1px&#8221; quote_text_shadow_horizontal_length_tablet=&#8221;0px&#8221; quote_text_shadow_vertical_length_tablet=&#8221;0px&#8221; quote_text_shadow_blur_strength_tablet=&#8221;1px&#8221; header_text_shadow_horizontal_length_tablet=&#8221;0px&#8221; header_text_shadow_vertical_length_tablet=&#8221;0px&#8221; header_text_shadow_blur_strength_tablet=&#8221;1px&#8221; header_2_text_shadow_horizontal_length_tablet=&#8221;0px&#8221; header_2_text_shadow_vertical_length_tablet=&#8221;0px&#8221; header_2_text_shadow_blur_strength_tablet=&#8221;1px&#8221; header_3_text_shadow_horizontal_length_tablet=&#8221;0px&#8221; header_3_text_shadow_vertical_length_tablet=&#8221;0px&#8221; header_3_text_shadow_blur_strength_tablet=&#8221;1px&#8221; header_4_text_shadow_horizontal_length_tablet=&#8221;0px&#8221; header_4_text_shadow_vertical_length_tablet=&#8221;0px&#8221; header_4_text_shadow_blur_strength_tablet=&#8221;1px&#8221; header_5_text_shadow_horizontal_length_tablet=&#8221;0px&#8221; header_5_text_shadow_vertical_length_tablet=&#8221;0px&#8221; header_5_text_shadow_blur_strength_tablet=&#8221;1px&#8221; header_6_text_shadow_horizontal_length_tablet=&#8221;0px&#8221; header_6_text_shadow_vertical_length_tablet=&#8221;0px&#8221; header_6_text_shadow_blur_strength_tablet=&#8221;1px&#8221; box_shadow_horizontal_tablet=&#8221;0px&#8221; box_shadow_vertical_tablet=&#8221;0px&#8221; box_shadow_blur_tablet=&#8221;40px&#8221; box_shadow_spread_tablet=&#8221;0px&#8221; global_colors_info=&#8221;{}&#8221;]<\/p>\n<h3>Uaireanta Oscailte East\u00e1t Farmleigh<\/h3>\n<p>Oscla\u00edtear East\u00e1t Farmleigh ag 10:00 an Luan go dt\u00ed an Domhnach, agus an d\u00e1 l\u00e1 sin san \u00e1ireamh.<\/p>\n<p><strong>Is \u00e9 17:00 an t-am is d\u00e9ana\u00ed a ligtear daoine isteach san east\u00e1t<\/strong><br \/>D\u00fantar East\u00e1t Farmleigh ag 18:00<\/p>\n<p>T\u00e1 s\u00e9 saor in aisce dul isteach in East\u00e1t Farmleigh.<\/p>\n<p>Tabhair faoi deara nach bhfuil fulachta\u00ed ceadaithe ar thailte East\u00e1t Farmleigh.<\/p>\n<p><strong>N\u00ed m\u00f3r madra\u00ed a choinne\u00e1il ar \u00e9ill<\/strong> ar East\u00e1t Farmleigh toisc go bhfuil capaill, asail, eallach agus caoirigh ann ar na tailte.<\/p>\n<p>Clice\u00e1il <a href=\"https:\/\/farmleigh.ie\/ga\/bialann-an-ti-bad\/\"><strong>anseo<\/strong><\/a> chun amharc ar na huaireanta oscailte do Bhialann an T\u00ed B\u00e1d.<\/p>\n<p><a href=\"https:\/\/farmleigh.ie\/frequently-asked-questions\/\"><strong>Ceisteanna Coitianta<\/strong><\/a><\/p>\n<p>[\/et_pb_text][\/et_pb_column][et_pb_column type=&#8221;1_2&#8243; _builder_version=&#8221;4.16&#8243; custom_padding=&#8221;|||&#8221; global_colors_info=&#8221;{}&#8221; custom_padding__hover=&#8221;|||&#8221;][et_pb_text disabled_on=&#8221;off|off|off&#8221; admin_label=&#8221;House Text&#8221; _builder_version=&#8221;4.19.4&#8243; text_text_color=&#8221;#565656&#8243; link_font=&#8221;|600|||||||&#8221; link_text_color=&#8221;#61b533&#8243; vertical_offset_tablet=&#8221;0&#8243; horizontal_offset_tablet=&#8221;0&#8243; module_alignment=&#8221;left&#8221; z_index_tablet=&#8221;500&#8243; box_shadow_horizontal_tablet=&#8221;0px&#8221; box_shadow_vertical_tablet=&#8221;0px&#8221; box_shadow_blur_tablet=&#8221;40px&#8221; box_shadow_spread_tablet=&#8221;0px&#8221; global_colors_info=&#8221;{}&#8221;]<\/p>\n<h3>Turas Treoraithe ar Theach Farmleigh<\/h3>\n<p>Is tr\u00ed thuras treoraithe amh\u00e1in a fhaightear rochtain ar Theach Farmleigh. B\u00edonn turais threoraithe ar Theach Farmleigh ar f\u00e1il lena gcur in \u00e1irithe ar l\u00edne n\u00f3 ar bhonn \u2018t\u00fas freastail ar an gceann is t\u00faisce\u2019 idir 10.00 agus 17.30. Is \u00e9 16.30 an t-am is d\u00e9ana\u00ed a ligtear daoine isteach. Tar i gcuideachta le duine d\u00e1r dtreoraithe eolacha ar thuras ar Theach Farmleigh, ar lena linn a rachaidh t\u00fa \u00f3n ocht\u00fa haois d\u00e9ag, nuair a tosa\u00edodh an obair t\u00f3g\u00e1la, suas go dt\u00ed an l\u00e1 inniu.<\/p>\n<p><strong>Muirir ar Chead Isteach i dTeach Farmleigh<\/strong>:<br \/>Aosach: \u20ac8.00<br \/>Sean\u00f3ir (60+): \u20ac6.00<br \/>Leanbh (12-17)\/Mac l\u00e9inn (aitheantas ag teast\u00e1il): \u20ac4.00<br \/>Leanbh faoi bhun 12 bhliain d\u2019aois: Saor in aisce<br \/>Teaghlach (Beirt aosach, c\u00faigear leana\u00ed ar a mh\u00e9ad): \u20ac20.00<\/p>\n<p>Maireann an turas ar an teach 50 n\u00f3im\u00e9ad ar an me\u00e1n.<\/p>\n<p>Ar oscailt \u00f3 l\u00e1r mh\u00ed an Mh\u00e1rta go dt\u00ed an 31 Nollaig*<\/p>\n<p>*\u00d3s rud \u00e9 gur foirgneamh oibre de chuid an Rialtais \u00e9 Teach Farmleigh, f\u00e9adfar an Teach a dh\u00fanadh ar gearrfh\u00f3gra le haghaidh gn\u00f3 st\u00e1it. Is f\u00e9idir leat teagmh\u00e1il a dh\u00e9anamh linn chun an t-eolas is deireana\u00ed a fh\u00e1il roimh do chuairt, n\u00f3 is f\u00e9idir leat s\u00fail a chaitheamh ar an gc\u00e9ad leathanach den su\u00edomh Gr\u00e9as\u00e1in seo chun aon fh\u00f3gra\u00ed a l\u00e9amh.<\/p>\n<p>[\/et_pb_text][\/et_pb_column][\/et_pb_row][et_pb_row disabled_on=&#8221;on|on|on&#8221; _builder_version=&#8221;4.16&#8243; background_size=&#8221;initial&#8221; background_position=&#8221;top_left&#8221; background_repeat=&#8221;repeat&#8221; disabled=&#8221;on&#8221; global_colors_info=&#8221;{}&#8221;][et_pb_column type=&#8221;4_4&#8243; _builder_version=&#8221;4.16&#8243; custom_padding=&#8221;|||&#8221; global_colors_info=&#8221;{}&#8221; custom_padding__hover=&#8221;|||&#8221;][et_pb_divider color=&#8221;#800020&#8243; disabled_on=&#8221;off|off|off&#8221; _builder_version=&#8221;4.16&#8243; hide_on_mobile=&#8221;on&#8221; global_colors_info=&#8221;{}&#8221;][\/et_pb_divider][\/et_pb_column][\/et_pb_row][\/et_pb_section][et_pb_section fb_built=&#8221;1&#8243; _builder_version=&#8221;4.17.3&#8243; background_color=&#8221;#f2f8f7&#8243; global_colors_info=&#8221;{}&#8221;][et_pb_row column_structure=&#8221;1_2,1_2&#8243; _builder_version=&#8221;4.16&#8243; background_size=&#8221;initial&#8221; background_position=&#8221;top_left&#8221; background_repeat=&#8221;repeat&#8221; global_colors_info=&#8221;{}&#8221;][et_pb_column type=&#8221;1_2&#8243; _builder_version=&#8221;4.16&#8243; custom_padding=&#8221;|||&#8221; global_colors_info=&#8221;{}&#8221; custom_padding__hover=&#8221;|||&#8221;][et_pb_text admin_label=&#8221;Gallery Text&#8221; _builder_version=&#8221;4.27.4&#8243; link_font=&#8221;|600|||||||&#8221; link_text_color=&#8221;#61b533&#8243; vertical_offset_tablet=&#8221;0&#8243; horizontal_offset_tablet=&#8221;0&#8243; module_alignment=&#8221;left&#8221; hover_enabled=&#8221;0&#8243; z_index_tablet=&#8221;0&#8243; text_text_shadow_horizontal_length_tablet=&#8221;0px&#8221; text_text_shadow_vertical_length_tablet=&#8221;0px&#8221; text_text_shadow_blur_strength_tablet=&#8221;1px&#8221; link_text_shadow_horizontal_length_tablet=&#8221;0px&#8221; link_text_shadow_vertical_length_tablet=&#8221;0px&#8221; link_text_shadow_blur_strength_tablet=&#8221;1px&#8221; ul_text_shadow_horizontal_length_tablet=&#8221;0px&#8221; ul_text_shadow_vertical_length_tablet=&#8221;0px&#8221; ul_text_shadow_blur_strength_tablet=&#8221;1px&#8221; ol_text_shadow_horizontal_length_tablet=&#8221;0px&#8221; ol_text_shadow_vertical_length_tablet=&#8221;0px&#8221; ol_text_shadow_blur_strength_tablet=&#8221;1px&#8221; quote_text_shadow_horizontal_length_tablet=&#8221;0px&#8221; quote_text_shadow_vertical_length_tablet=&#8221;0px&#8221; quote_text_shadow_blur_strength_tablet=&#8221;1px&#8221; header_text_shadow_horizontal_length_tablet=&#8221;0px&#8221; header_text_shadow_vertical_length_tablet=&#8221;0px&#8221; header_text_shadow_blur_strength_tablet=&#8221;1px&#8221; header_2_text_shadow_horizontal_length_tablet=&#8221;0px&#8221; header_2_text_shadow_vertical_length_tablet=&#8221;0px&#8221; header_2_text_shadow_blur_strength_tablet=&#8221;1px&#8221; header_3_text_shadow_horizontal_length_tablet=&#8221;0px&#8221; header_3_text_shadow_vertical_length_tablet=&#8221;0px&#8221; header_3_text_shadow_blur_strength_tablet=&#8221;1px&#8221; header_4_text_shadow_horizontal_length_tablet=&#8221;0px&#8221; header_4_text_shadow_vertical_length_tablet=&#8221;0px&#8221; header_4_text_shadow_blur_strength_tablet=&#8221;1px&#8221; header_5_text_shadow_horizontal_length_tablet=&#8221;0px&#8221; header_5_text_shadow_vertical_length_tablet=&#8221;0px&#8221; header_5_text_shadow_blur_strength_tablet=&#8221;1px&#8221; header_6_text_shadow_horizontal_length_tablet=&#8221;0px&#8221; header_6_text_shadow_vertical_length_tablet=&#8221;0px&#8221; header_6_text_shadow_blur_strength_tablet=&#8221;1px&#8221; box_shadow_horizontal_tablet=&#8221;0px&#8221; box_shadow_vertical_tablet=&#8221;0px&#8221; box_shadow_blur_tablet=&#8221;40px&#8221; box_shadow_spread_tablet=&#8221;0px&#8221; global_colors_info=&#8221;{}&#8221; sticky_enabled=&#8221;0&#8243;]<\/p>\n<h4>Gaileara\u00ed Farmleigh<\/h4>\n<p>Le linn taispe\u00e1ntas, b\u00edonn Gaileara\u00ed Farmleigh ar oscailt \u00f3 10am go 5pm an Mh\u00e1irt go dt\u00ed an Domhnach (agus ar an Luan, i gc\u00e1s Laethanta Saoire Bainc). B\u00edonn an Gaileara\u00ed d\u00fanta don l\u00f3n \u00f3 1pm go 2pm.<\/p>\n<p>T\u00e1 s\u00e9 saor in aisce dul isteach i nGaileara\u00ed Farmleigh. Clice\u00e1il <a href=\"https:\/\/farmleigh.ie\/events\/\"><strong>anseo<\/strong><\/a> chun leathanaigh Ghr\u00e9as\u00e1in Ghaileara\u00ed Farmleigh a rochtain.<\/p>\n<p>[\/et_pb_text][\/et_pb_column][et_pb_column type=&#8221;1_2&#8243; _builder_version=&#8221;4.16&#8243; custom_padding=&#8221;|||&#8221; global_colors_info=&#8221;{}&#8221; custom_padding__hover=&#8221;|||&#8221;][et_pb_text admin_label=&#8221;Library Text&#8221; _builder_version=&#8221;4.17.4&#8243; link_font=&#8221;|600|||||||&#8221; link_text_color=&#8221;#61b533&#8243; module_alignment=&#8221;left&#8221; global_colors_info=&#8221;{}&#8221;]<\/p>\n<h4>Leabharlann Benjamin U\u00edbh Eachach<\/h4>\n<p>Tugtar cuairt ghearr ar an <a href=\"https:\/\/farmleigh.ie\/ga\/reamhra\/\"><strong>Leabharlann<\/strong><\/a> mar chuid den turas ginear\u00e1lta ar Theach Farmleigh (at\u00e1 tuairiscithe thuas). C\u00e9 go gceada\u00edtear do chuairteoir\u00ed amharc ar sheomra na Leabharlainne le linn an turais sin, n\u00ed fh\u00e9adfaidh siad ceann ar bith de na leabhair a l\u00e9amh.<\/p>\n<p>Chun cuairt a thabhairt ar an Leabharlann mar L\u00e9itheoir, clice\u00e1il <a href=\"https:\/\/farmleigh.ie\/ga\/rochtain\/\"><strong>anseo<\/strong><\/a> chun na rialacha maidir le ligean isteach a l\u00e9amh. Is tr\u00ed choinne speisialta amh\u00e1in a fhaightear rochtain ar an Leabharlann.<\/p>\n<p>[\/et_pb_text][\/et_pb_column][\/et_pb_row][\/et_pb_section][et_pb_section fb_built=&#8221;1&#8243; fullwidth=&#8221;on&#8221; disabled_on=&#8221;on|on|on&#8221; _builder_version=&#8221;4.16&#8243; disabled=&#8221;on&#8221; global_colors_info=&#8221;{}&#8221;][et_pb_fullwidth_image src=&#8221;http:\/\/farmleigh.ie\/wp-content\/uploads\/2017\/10\/Bell-at-Ticket-Desk-at-Farmleigh.-OPW.jpg&#8221; alt=&#8221;Caisle\u00e1n agus Dim\u00e9in Bhaile an \u00c1saigh, P\u00e1irc an Fhionnuisce&#8221; title_text=&#8221;Caisle\u00e1n agus Dim\u00e9in Bhaile an \u00c1saigh, P\u00e1irc an Fhionnuisce&#8221; admin_label=&#8221;Bell Fullwidth Image&#8221; _builder_version=&#8221;4.16&#8243; animation_direction=&#8221;off&#8221; animation=&#8221;off&#8221; global_colors_info=&#8221;{}&#8221;][\/et_pb_fullwidth_image][\/et_pb_section]<\/p>\n","protected":false},"excerpt":{"rendered":"<p>Uaireanta Oscailte East\u00e1t Farmleigh Oscla\u00edtear East\u00e1t Farmleigh ag 10:00 an Luan go dt\u00ed an Domhnach, agus an d\u00e1 l\u00e1 sin san \u00e1ireamh. Is \u00e9 17:00 an t-am is d\u00e9ana\u00ed a [&hellip;]<\/p>\n","protected":false},"author":1,"featured_media":0,"parent":0,"menu_order":0,"comment_status":"closed","ping_status":"closed","template":"","meta":{"_et_pb_use_builder":"on","_et_pb_old_content":"","_et_gb_content_width":"","footnotes":""},"class_list":["post-8624","page","type-page","status-publish","hentry"],"_links":{"self":[{"href":"https:\/\/farmleigh.ie\/ga\/wp-json\/wp\/v2\/pages\/8624","targetHints":{"allow":["GET"]}}],"collection":[{"href":"https:\/\/farmleigh.ie\/ga\/wp-json\/wp\/v2\/pages"}],"about":[{"href":"https:\/\/farmleigh.ie\/ga\/wp-json\/wp\/v2\/types\/page"}],"author":[{"embeddable":true,"href":"https:\/\/farmleigh.ie\/ga\/wp-json\/wp\/v2\/users\/1"}],"replies":[{"embeddable":true,"href":"https:\/\/farmleigh.ie\/ga\/wp-json\/wp\/v2\/comments?post=8624"}],"version-history":[{"count":5,"href":"https:\/\/farmleigh.ie\/ga\/wp-json\/wp\/v2\/pages\/8624\/revisions"}],"predecessor-version":[{"id":11327,"href":"https:\/\/farmleigh.ie\/ga\/wp-json\/wp\/v2\/pages\/8624\/revisions\/11327"}],"wp:attachment":[{"href":"https:\/\/farmleigh.ie\/ga\/wp-json\/wp\/v2\/media?parent=8624"}],"curies":[{"name":"wp","href":"https:\/\/api.w.org\/{rel}","templated":true}]}}