{"id":8611,"date":"2023-01-27T09:58:12","date_gmt":"2023-01-27T09:58:12","guid":{"rendered":"https:\/\/farmleigh.ie\/polasai-priobhaideachta\/"},"modified":"2023-01-27T09:58:23","modified_gmt":"2023-01-27T09:58:23","slug":"polasai-priobhaideachta","status":"publish","type":"page","link":"https:\/\/farmleigh.ie\/ga\/polasai-priobhaideachta\/","title":{"rendered":"Polasa\u00ed Pr\u00edobh\u00e1ideachta"},"content":{"rendered":"<p>[et_pb_section bb_built=&#8221;1&#8243; fullwidth=&#8221;off&#8221; specialty=&#8221;off&#8221; inner_width=&#8221;auto&#8221; inner_max_width=&#8221;1080px&#8221;][et_pb_row][et_pb_column type=&#8221;4_4&#8243; custom_padding__hover=&#8221;|||&#8221; custom_padding=&#8221;|||&#8221;][et_pb_text _builder_version=&#8221;4.1&#8243; module_alignment=&#8221;left&#8221; text_text_shadow_horizontal_length=&#8221;text_text_shadow_style,%91object Object%93&#8243; text_text_shadow_horizontal_length_tablet=&#8221;0px&#8221; text_text_shadow_vertical_length=&#8221;text_text_shadow_style,%91object Object%93&#8243; text_text_shadow_vertical_length_tablet=&#8221;0px&#8221; text_text_shadow_blur_strength=&#8221;text_text_shadow_style,%91object Object%93&#8243; text_text_shadow_blur_strength_tablet=&#8221;1px&#8221; link_text_shadow_horizontal_length=&#8221;link_text_shadow_style,%91object Object%93&#8243; link_text_shadow_horizontal_length_tablet=&#8221;0px&#8221; link_text_shadow_vertical_length=&#8221;link_text_shadow_style,%91object Object%93&#8243; link_text_shadow_vertical_length_tablet=&#8221;0px&#8221; link_text_shadow_blur_strength=&#8221;link_text_shadow_style,%91object Object%93&#8243; link_text_shadow_blur_strength_tablet=&#8221;1px&#8221; ul_text_shadow_horizontal_length=&#8221;ul_text_shadow_style,%91object Object%93&#8243; ul_text_shadow_horizontal_length_tablet=&#8221;0px&#8221; ul_text_shadow_vertical_length=&#8221;ul_text_shadow_style,%91object Object%93&#8243; ul_text_shadow_vertical_length_tablet=&#8221;0px&#8221; ul_text_shadow_blur_strength=&#8221;ul_text_shadow_style,%91object Object%93&#8243; ul_text_shadow_blur_strength_tablet=&#8221;1px&#8221; ol_text_shadow_horizontal_length=&#8221;ol_text_shadow_style,%91object Object%93&#8243; ol_text_shadow_horizontal_length_tablet=&#8221;0px&#8221; ol_text_shadow_vertical_length=&#8221;ol_text_shadow_style,%91object Object%93&#8243; ol_text_shadow_vertical_length_tablet=&#8221;0px&#8221; ol_text_shadow_blur_strength=&#8221;ol_text_shadow_style,%91object Object%93&#8243; ol_text_shadow_blur_strength_tablet=&#8221;1px&#8221; quote_text_shadow_horizontal_length=&#8221;quote_text_shadow_style,%91object Object%93&#8243; quote_text_shadow_horizontal_length_tablet=&#8221;0px&#8221; quote_text_shadow_vertical_length=&#8221;quote_text_shadow_style,%91object Object%93&#8243; quote_text_shadow_vertical_length_tablet=&#8221;0px&#8221; quote_text_shadow_blur_strength=&#8221;quote_text_shadow_style,%91object Object%93&#8243; quote_text_shadow_blur_strength_tablet=&#8221;1px&#8221; header_text_shadow_horizontal_length=&#8221;header_text_shadow_style,%91object Object%93&#8243; header_text_shadow_horizontal_length_tablet=&#8221;0px&#8221; header_text_shadow_vertical_length=&#8221;header_text_shadow_style,%91object Object%93&#8243; header_text_shadow_vertical_length_tablet=&#8221;0px&#8221; header_text_shadow_blur_strength=&#8221;header_text_shadow_style,%91object Object%93&#8243; header_text_shadow_blur_strength_tablet=&#8221;1px&#8221; header_2_text_shadow_horizontal_length=&#8221;header_2_text_shadow_style,%91object Object%93&#8243; header_2_text_shadow_horizontal_length_tablet=&#8221;0px&#8221; header_2_text_shadow_vertical_length=&#8221;header_2_text_shadow_style,%91object Object%93&#8243; header_2_text_shadow_vertical_length_tablet=&#8221;0px&#8221; header_2_text_shadow_blur_strength=&#8221;header_2_text_shadow_style,%91object Object%93&#8243; header_2_text_shadow_blur_strength_tablet=&#8221;1px&#8221; header_3_text_shadow_horizontal_length=&#8221;header_3_text_shadow_style,%91object Object%93&#8243; header_3_text_shadow_horizontal_length_tablet=&#8221;0px&#8221; header_3_text_shadow_vertical_length=&#8221;header_3_text_shadow_style,%91object Object%93&#8243; header_3_text_shadow_vertical_length_tablet=&#8221;0px&#8221; header_3_text_shadow_blur_strength=&#8221;header_3_text_shadow_style,%91object Object%93&#8243; header_3_text_shadow_blur_strength_tablet=&#8221;1px&#8221; header_4_text_shadow_horizontal_length=&#8221;header_4_text_shadow_style,%91object Object%93&#8243; header_4_text_shadow_horizontal_length_tablet=&#8221;0px&#8221; header_4_text_shadow_vertical_length=&#8221;header_4_text_shadow_style,%91object Object%93&#8243; header_4_text_shadow_vertical_length_tablet=&#8221;0px&#8221; header_4_text_shadow_blur_strength=&#8221;header_4_text_shadow_style,%91object Object%93&#8243; header_4_text_shadow_blur_strength_tablet=&#8221;1px&#8221; header_5_text_shadow_horizontal_length=&#8221;header_5_text_shadow_style,%91object Object%93&#8243; header_5_text_shadow_horizontal_length_tablet=&#8221;0px&#8221; header_5_text_shadow_vertical_length=&#8221;header_5_text_shadow_style,%91object Object%93&#8243; header_5_text_shadow_vertical_length_tablet=&#8221;0px&#8221; header_5_text_shadow_blur_strength=&#8221;header_5_text_shadow_style,%91object Object%93&#8243; header_5_text_shadow_blur_strength_tablet=&#8221;1px&#8221; header_6_text_shadow_horizontal_length=&#8221;header_6_text_shadow_style,%91object Object%93&#8243; header_6_text_shadow_horizontal_length_tablet=&#8221;0px&#8221; header_6_text_shadow_vertical_length=&#8221;header_6_text_shadow_style,%91object Object%93&#8243; header_6_text_shadow_vertical_length_tablet=&#8221;0px&#8221; header_6_text_shadow_blur_strength=&#8221;header_6_text_shadow_style,%91object Object%93&#8243; header_6_text_shadow_blur_strength_tablet=&#8221;1px&#8221; box_shadow_horizontal_tablet=&#8221;0px&#8221; box_shadow_vertical_tablet=&#8221;0px&#8221; box_shadow_blur_tablet=&#8221;40px&#8221; box_shadow_spread_tablet=&#8221;0px&#8221; z_index_tablet=&#8221;500&#8243;]<\/p>\n<h3 class=\"p1\"><span class=\"s1\">Pr\u00edobh\u00e1ideacht agus Fian\u00e1in<\/span><\/h3>\n<p class=\"p2\"><span class=\"s1\">Is \u00ed Oifig na nOibreacha Poibl\u00ed (OOP) a thugann aire don su\u00edomh gr\u00e9as\u00e1in seo. T\u00e1 meas ioml\u00e1n ag OOP ar an gceart chun pr\u00edobh\u00e1ideachta at\u00e1 agat, agus n\u00ed bhaileofar aon fhaisn\u00e9is phearsanta i do thaobh ar an su\u00edomh gr\u00e9as\u00e1in seo gan cead soil\u00e9ir a fh\u00e1il uait. Caithfear le haon fhaisn\u00e9is phearsanta a thugann t\u00fa go deonach de r\u00e9ir na gcaighde\u00e1n sl\u00e1nd\u00e1la agus r\u00fandachta is airde, ag clo\u00ed go dian leis na hAchtanna um Chosaint Sonra\u00ed, 1988-2003.<\/span><\/p>\n<p class=\"p2\"><span class=\"s1\">Baineann an r\u00e1iteas seo len\u00e1r gcleachtais pr\u00edobh\u00e1ideachta i dtaca leis an su\u00edomh gr\u00e9as\u00e1in seo. Tugtar m\u00edni\u00fa ag bun an leathanaigh seo ar roinnt t\u00e9arma\u00ed teicni\u00fala a \u00fas\u00e1idtear sa r\u00e1iteas seo.<\/span><\/p>\n<h3 class=\"p1\"><span class=\"s1\">Faisn\u00e9is Phearsanta \u00e1 Baili\u00fa agus \u00e1 h\u00das\u00e1id<\/span><\/h3>\n<p class=\"p2\"><span class=\"s1\">N\u00ed bhail\u00edonn an su\u00edomh gr\u00e9as\u00e1in seo aon sonra\u00ed pearsanta, ach amh\u00e1in faisn\u00e9is a thugann t\u00fa go deonach. (Mar shampla, nuair a thugann t\u00fa aiseolas n\u00f3 nuair a chuireann t\u00fa ceist). Faisn\u00e9is ar bith a chuireann t\u00fa ar f\u00e1il ar an gcaoi sin, n\u00ed \u00fas\u00e1idtear \u00ed ach ar mhaithe leis an gcusp\u00f3ir ar chuir t\u00fa an fhaisn\u00e9is ar f\u00e1il lena aghaidh.<\/span><\/p>\n<h3 class=\"p1\"><span class=\"s1\">Faisn\u00e9is a Bhail\u00edmid go Rialta<\/span><\/h3>\n<p class=\"p2\"><span class=\"s1\">Is f\u00e9idir linn an fhaisn\u00e9is seo a leanas a bhaili\u00fa \u00f3 gach duine a \u00fas\u00e1ideann an su\u00edomh seo:<\/span><\/p>\n<ul class=\"ul1\">\n<li class=\"li2\"><span class=\"s1\">Faisn\u00e9is staitisti\u00fail (seoladh IP agus \u00f3stainm, an leagan den bhrabhs\u00e1la\u00ed gr\u00e9as\u00e1in, leathanaigh ar tugadh cuairt orthu etc)<\/span><\/li>\n<li class=\"li2\"><span class=\"s1\">An seoladh gr\u00e9as\u00e1in \u00f3nar shroich t\u00fa muid, lena n-\u00e1ir\u00edtear aon t\u00e9arma\u00ed cuardaigh a \u00fas\u00e1ideadh<\/span><\/li>\n<li class=\"li2\"><span class=\"s1\">Faisn\u00e9is eile a thugtar i bhfoirmeacha, mar shampla m\u00e1 thugann t\u00fa do chuid sonra\u00ed pearsanta agus t\u00fa ag iarraidh foirme n\u00f3 ag tabhairt aiseolais<\/span><\/li>\n<\/ul>\n<h3 class=\"p1\"><span class=\"s1\">An \u00das\u00e1id a Bhainimid as an bhFaisn\u00e9is<\/span><\/h3>\n<p class=\"p2\"><span class=\"s1\">Faisn\u00e9is ar bith a chuireann t\u00fa ar f\u00e1il, n\u00ed \u00fas\u00e1idfear \u00ed ach amh\u00e1in ar an gc\u00fais a shol\u00e1thair t\u00fa. N\u00ed dh\u00e9anfaimid iarracht cuairteoir\u00ed aonair a shainaithint n\u00e1 n\u00ed dh\u00e9anfaimid ceangal idir na sonra\u00ed teicni\u00fala a liosta\u00edtear thuas agus duine aonair ar bith. Is \u00e9 \u00e1r bpolasa\u00ed gan faisn\u00e9is theicni\u00fail den s\u00f3rt sin i leith daoine aonair a thugann cuairt ar an su\u00edomh gr\u00e9as\u00e1in a nochtadh d\u2019aon tr\u00ed\u00fa p\u00e1irt\u00ed go br\u00e1ch ach amh\u00e1in m\u00e1 cheangla\u00edonn riail dl\u00ed orainn faisn\u00e9is den s\u00f3rt sin a nochtadh. N\u00ed \u00fas\u00e1idfear an fhaisn\u00e9is theicni\u00fail ach chun cr\u00edoch staitisti\u00fail agus chun cr\u00edoch riarach\u00e1in eile.<\/span><\/p>\n<p class=\"p2\"><span class=\"s1\">Ba ch\u00f3ir duit a thabhairt do d\u2019aire, maidir le sonra\u00ed teicni\u00fala nach f\u00e9idir linn a cheangal le haon duine aonair is f\u00e9idir a shainaithint, nach \u2018sonra\u00ed pearsanta\u2019 iad sin chun cr\u00edocha na nAchtanna um Chosaint Sonra\u00ed, 1988 \u2013 2003.<\/span><\/p>\n<h3 class=\"p1\"><span class=\"s1\">Fian\u00e1in<\/span><\/h3>\n<p class=\"p2\"><span class=\"s1\">Is m\u00edreanna beaga eolais iad fian\u00e1in a st\u00f3r\u00e1iltear i gcomhaid shimpl\u00ed t\u00e9acs agus a gcuireann su\u00edomh gr\u00e9as\u00e1in ar do r\u00edomhaire iad. Is f\u00e9idir leis an su\u00edomh gr\u00e9as\u00e1in roinnt fian\u00e1n a l\u00e9amh agus t\u00fa ar an su\u00edomh ar\u00eds ina dhiaidh sin. Maidir leis an bhfaisn\u00e9is a st\u00f3r\u00e1iltear i bhfian\u00e1n, d\u2019fh\u00e9adfadh s\u00e9 gurb iad do chuid n\u00f3sanna brabhs\u00e1la ar an su\u00edomh gr\u00e9as\u00e1in a bheadh i gceist, n\u00f3 uimhir aitheantais uath\u00fail le go mbeidh an su\u00edomh gr\u00e9as\u00e1in in ann \u2018cuimhneamh\u2019 ort nuair a bheidh t\u00fa air ar\u00eds. Scriostar fian\u00e1in eile nuair a dh\u00fanann t\u00fa do bhrabhs\u00e1la\u00ed agus n\u00ed bhaineann siad ach le hoibri\u00fa an tsu\u00edmh gr\u00e9as\u00e1in. De ghn\u00e1th, n\u00ed bh\u00edonn faisn\u00e9is phearsanta i bhfian\u00e1in \u00f3nar f\u00e9idir t\u00fa a shainaithint, ach amh\u00e1in m\u00e1 bh\u00edonn t\u00fa tar \u00e9is faisn\u00e9is den s\u00f3rt sin a chur ar f\u00e1il don su\u00edomh gr\u00e9as\u00e1in.<\/span><\/p>\n<p class=\"p2\"><span class=\"s1\">Fian\u00e1in i roinnt \u00e1iteanna ar an su\u00edomh gr\u00e9as\u00e1in seo.<\/span><\/p>\n<ul class=\"ul1\">\n<li class=\"li2\"><span class=\"s1\">Nuair a thugann t\u00fa cuairt ar an su\u00edomh gr\u00e9as\u00e1in seo den ch\u00e9ad uair, feicfidh t\u00fa teachtaireacht ina gcuirtear ar an eolas faoi fhian\u00e1in th\u00fa. M\u00e1 chlice\u00e1lann t\u00fa an cnaipe \u2018Glac Leis\u2019, socr\u00f3far fian\u00e1n a dh\u00e9anann taifead ar do rogha.<\/span><\/li>\n<li class=\"li2\"><span class=\"s1\">Baintear \u00fas\u00e1id as Google Forms ar an su\u00edomh gr\u00e9as\u00e1in seo. B\u2019fh\u00e9idir go socr\u00f3idh Google fian\u00e1in nuair a \u00fas\u00e1idfidh t\u00fa feidhm na bhfoirmeacha. Tiocfaidh t\u00fa ar pholasa\u00ed pr\u00edobh\u00e1ideachta Google\u00a0<a href=\"http:\/\/www.google.com\/policies\/privacy\/\"><span class=\"s3\">anseo<\/span><\/a>.<\/span><\/li>\n<li class=\"li2\"><span class=\"s1\">Is f\u00e9idir go socr\u00f3far fian\u00e1in \u00f3 Google freisin nuair a thaispe\u00e1ntar Google Maps ar an su\u00edomh gr\u00e9as\u00e1in seo.<\/span><\/li>\n<li class=\"li2\"><span class=\"s1\">Baineann an su\u00edomh gr\u00e9as\u00e1in seo \u00fas\u00e1id as Mailchimp. Tiocfaidh t\u00fa ar pholasa\u00ed pr\u00edobh\u00e1ideachta Mailchimp\u00a0<a href=\"http:\/\/mailchimp.com\/legal\/privacy\/\"><span class=\"s3\">anseo<\/span><\/a>.<\/span><\/li>\n<\/ul>\n<p class=\"p2\"><span class=\"s1\">Ligeann an chuid is m\u00f3 de bhrabhs\u00e1laithe duit fian\u00e1in a chasadh as n\u00f3 do chuid socruithe le haghaidh fian\u00e1n a chur in oiri\u00faint. Le f\u00e1il amach c\u00e9n chaoi le sin a dh\u00e9anamh, f\u00e9ach ar an roghchl\u00e1r \u2018Cabhair\/Help\u2019 ar do bhrabhs\u00e1la\u00ed. Tabhair faoi deara, le do thoil, gur f\u00e9idir nach n-oibreoidh roinnt gn\u00e9ithe den su\u00edomh i gceart m\u00e1 chasann t\u00fa as na fian\u00e1in n\u00f3 m\u00e1 athra\u00edonn t\u00fa do chuid socruithe.<\/span><\/p>\n<h3 class=\"p1\"><span class=\"s1\">Tuilleadh Faisn\u00e9ise n\u00f3 Iarratas a Dh\u00e9anamh<\/span><\/h3>\n<p class=\"p2\"><span class=\"s1\">M\u00e1 bh\u00edonn imn\u00ed ort faoin gcaoi a bpr\u00f3ise\u00e1iltear sonra\u00ed pearsanta tr\u00edd an su\u00edomh gr\u00e9as\u00e1in seo, n\u00e1 b\u00edodh drogall ort \u00fadar imn\u00ed den s\u00f3rt sin a thabhairt d\u00e1r n-aire.<\/span><\/p>\n<h2 class=\"p1\"><span class=\"s1\">Gluais na dT\u00e9arma\u00ed Teicni\u00fala a \u00das\u00e1idtear<\/span><\/h2>\n<p class=\"p2\"><span class=\"s1\">Brabhs\u00e1la\u00ed Gr\u00e9as\u00e1in: an p\u00edosa bogearra\u00ed a \u00fas\u00e1ideann t\u00fa chun leathanaigh ghr\u00e9as\u00e1in a l\u00e9amh. Is sampla\u00ed iad Microsoft Internet Explorer, Mozilla Firefox agus Opera.<\/span><\/p>\n<p class=\"p3\"><span class=\"s4\">Seoladh IP: na sonra\u00ed a shainaithn\u00edonn do r\u00edomhaire (n\u00f3 r\u00edomhaire do chuideachta idirl\u00edn), tugtha i gc\u00f3d pr\u00f3tacail idirl\u00edn (mar shampla 192.168.72.34). T\u00e1 seoladh IP uath\u00fail ag gach r\u00edomhaire at\u00e1 ceangailte leis an ngr\u00e9as\u00e1n, c\u00e9 gur f\u00e9idir nach ionann an seoladh gach uair a dh\u00e9antar ceangal.<\/span><\/p>\n<p>&nbsp;<\/p>\n<p>&nbsp;<\/p>\n<p>[\/et_pb_text][\/et_pb_column][\/et_pb_row][\/et_pb_section]<\/p>\n","protected":false},"excerpt":{"rendered":"<p><div class=\"et_pb_row et_pb_row_0 et_pb_row_empty\">\n\t\t\t\t\n\t\t\t\t\n\t\t\t\t\n\t\t\t\t\n\t\t\t\t\n\t\t\t<\/div> Pr\u00edobh\u00e1ideacht agus Fian\u00e1in Is \u00ed Oifig na nOibreacha Poibl\u00ed (OOP) a thugann aire don su\u00edomh gr\u00e9as\u00e1in seo. T\u00e1 meas ioml\u00e1n ag OOP ar an gceart chun pr\u00edobh\u00e1ideachta at\u00e1 agat, [&hellip;]<\/p>\n","protected":false},"author":1,"featured_media":0,"parent":0,"menu_order":0,"comment_status":"closed","ping_status":"closed","template":"","meta":{"_et_pb_use_builder":"on","_et_pb_old_content":"","_et_gb_content_width":"","footnotes":""},"class_list":["post-8611","page","type-page","status-publish","hentry"],"_links":{"self":[{"href":"https:\/\/farmleigh.ie\/ga\/wp-json\/wp\/v2\/pages\/8611","targetHints":{"allow":["GET"]}}],"collection":[{"href":"https:\/\/farmleigh.ie\/ga\/wp-json\/wp\/v2\/pages"}],"about":[{"href":"https:\/\/farmleigh.ie\/ga\/wp-json\/wp\/v2\/types\/page"}],"author":[{"embeddable":true,"href":"https:\/\/farmleigh.ie\/ga\/wp-json\/wp\/v2\/users\/1"}],"replies":[{"embeddable":true,"href":"https:\/\/farmleigh.ie\/ga\/wp-json\/wp\/v2\/comments?post=8611"}],"version-history":[{"count":2,"href":"https:\/\/farmleigh.ie\/ga\/wp-json\/wp\/v2\/pages\/8611\/revisions"}],"predecessor-version":[{"id":8613,"href":"https:\/\/farmleigh.ie\/ga\/wp-json\/wp\/v2\/pages\/8611\/revisions\/8613"}],"wp:attachment":[{"href":"https:\/\/farmleigh.ie\/ga\/wp-json\/wp\/v2\/media?parent=8611"}],"curies":[{"name":"wp","href":"https:\/\/api.w.org\/{rel}","templated":true}]}}