{"id":8595,"date":"2023-01-26T16:47:26","date_gmt":"2023-01-26T16:47:26","guid":{"rendered":"https:\/\/farmleigh.ie\/muintir-guinness\/"},"modified":"2023-01-26T16:47:28","modified_gmt":"2023-01-26T16:47:28","slug":"muintir-guinness","status":"publish","type":"page","link":"https:\/\/farmleigh.ie\/ga\/muintir-guinness\/","title":{"rendered":"Muintir Guinness"},"content":{"rendered":"<p>[et_pb_section fb_built=&#8221;1&#8243; fullwidth=&#8221;on&#8221; _builder_version=&#8221;4.16&#8243; background_image=&#8221;https:\/\/farmleigh.ie\/wp-content\/uploads\/2017\/10\/Benjamin-Guinness-marries-Miranda-Smiley-in-1963.-Photo-Getty-Images.jpg&#8221; global_colors_info=&#8221;{}&#8221;][et_pb_fullwidth_header title=&#8221;Muintir Guinness ag East\u00e1t Farmleigh&#8221; subhead=&#8221;\u00d3 Ghr\u00fadair\u00ed go Bailitheoir\u00ed&#8221; text_orientation=&#8221;center&#8221; header_fullscreen=&#8221;on&#8221; header_scroll_down=&#8221;on&#8221; scroll_down_icon_size=&#8221;25px&#8221; background_overlay_color=&#8221;rgba(0,0,0,0.33)&#8221; content_max_width=&#8221;none&#8221; _builder_version=&#8221;4.16&#8243; title_font_size=&#8221;50px&#8221; subhead_font_size=&#8221;23px&#8221; background_color=&#8221;rgba(255, 255, 255, 0)&#8221; background_image=&#8221;http:\/\/ds2.opw.ie\/wp-content\/uploads\/2017\/10\/Guinness-family-tree-in-the-Library.-OPW.jpg&#8221; hover_enabled=&#8221;0&#8243; button_one_letter_spacing_hover=&#8221;0&#8243; button_two_letter_spacing_hover=&#8221;0&#8243; global_colors_info=&#8221;{}&#8221; button_one_text_size__hover_enabled=&#8221;off&#8221; button_two_text_size__hover_enabled=&#8221;off&#8221; button_one_text_color__hover_enabled=&#8221;off&#8221; button_two_text_color__hover_enabled=&#8221;off&#8221; button_one_border_width__hover_enabled=&#8221;off&#8221; button_two_border_width__hover_enabled=&#8221;off&#8221; button_one_border_color__hover_enabled=&#8221;off&#8221; button_two_border_color__hover_enabled=&#8221;off&#8221; button_one_border_radius__hover_enabled=&#8221;off&#8221; button_two_border_radius__hover_enabled=&#8221;off&#8221; button_one_letter_spacing__hover_enabled=&#8221;on&#8221; button_one_letter_spacing__hover=&#8221;0&#8243; button_two_letter_spacing__hover_enabled=&#8221;on&#8221; button_two_letter_spacing__hover=&#8221;0&#8243; button_one_bg_color__hover_enabled=&#8221;off&#8221; button_two_bg_color__hover_enabled=&#8221;off&#8221; sticky_enabled=&#8221;0&#8243;][\/et_pb_fullwidth_header][\/et_pb_section][et_pb_section fb_built=&#8221;1&#8243; _builder_version=&#8221;4.16&#8243; global_colors_info=&#8221;{}&#8221;][et_pb_row _builder_version=&#8221;4.16&#8243; background_size=&#8221;initial&#8221; background_position=&#8221;top_left&#8221; background_repeat=&#8221;repeat&#8221; global_colors_info=&#8221;{}&#8221;][et_pb_column type=&#8221;4_4&#8243; _builder_version=&#8221;4.16&#8243; custom_padding=&#8221;|||&#8221; global_colors_info=&#8221;{}&#8221; custom_padding__hover=&#8221;|||&#8221;][et_pb_text admin_label=&#8221;Farmleigh was bought in 1873&#8230; Text&#8221; _builder_version=&#8221;4.17.6&#8243; link_font=&#8221;|600|||||||&#8221; link_text_color=&#8221;#61b533&#8243; module_alignment=&#8221;left&#8221; hover_enabled=&#8221;0&#8243; border_style=&#8221;solid&#8221; global_colors_info=&#8221;{}&#8221; sticky_enabled=&#8221;0&#8243;]<\/p>\n<h3>Cheannaigh Edward Cecil Guinness (1\u00fa Iarla U\u00edbh Eachach), mac garph\u00e1iste le Arthur Guinness, bunaitheoir ghr\u00fadlann Guinness, East\u00e1t Farmleigh sa bhliain 1873.<\/h3>\n<p>Ba \u00e9 80 Faiche Stiabhna (Teach U\u00edbh Eachach, ceanncheathr\u00fa na Roinne Gn\u00f3tha\u00ed Eachtracha, anois) pr\u00edomh\u00e1it ch\u00f3naithe Edward ag an am. D\u2019amharcadh s\u00e9 ar East\u00e1t Farmleigh mar \u2018thearmann tuath\u00fail\u2019. Sa bhliain 1886, chuir Edward Cecil Guinness an ghr\u00fadlann ar an Stocmhalart\u00e1n, rud a mh\u00e9adaigh a shaibhreas agus a st\u00e1das s\u00f3isialta, mar a l\u00e9ir\u00edodh in at\u00f3g\u00e1il fhorleathan Theach Farmleigh. D\u2019ainneoin na hoibre sin, n\u00edor chaitheadh Edward agus Adelaide, a bhean ch\u00e9ile, ach pas beag ama ansin. Ba i Londain a bh\u00edodh a bpr\u00edomh\u00e1it ch\u00f3naithe. Nuair a bh\u00edodh siad i mBaile \u00c1tha Cliath, \u00e1fach, d\u2019fhanadh siad ag <a href=\"https:\/\/www.dfa.ie\/ie\/maidir-linne\/turais-threoraithe-ar-theach-uibh-eachach\/\"><strong>80 Faiche Stiabhna<\/strong><\/a> an chuid is m\u00f3 den am. N\u00ed fhanadh an chlann i dTeach Farmleigh ach amh\u00e1in ar feadh tr\u00e9imhs\u00ed gairide c\u00fapla seachtain, le linn mh\u00edonna an earraigh agus an tsamhraidh den chuid ba mh\u00f3.<\/p>\n<p>&nbsp;<\/p>\n\n\t\t<style type=\"text\/css\">\n\t\t\t#gallery-1 {\n\t\t\t\tmargin: auto;\n\t\t\t}\n\t\t\t#gallery-1 .gallery-item {\n\t\t\t\tfloat: left;\n\t\t\t\tmargin-top: 10px;\n\t\t\t\ttext-align: center;\n\t\t\t\twidth: 33%;\n\t\t\t}\n\t\t\t#gallery-1 img {\n\t\t\t\tborder: 2px solid #cfcfcf;\n\t\t\t}\n\t\t\t#gallery-1 .gallery-caption {\n\t\t\t\tmargin-left: 0;\n\t\t\t}\n\t\t\t\/* see gallery_shortcode() in wp-includes\/media.php *\/\n\t\t<\/style>\n\t\t<div id='gallery-1' class='gallery galleryid-8595 gallery-columns-3 gallery-size-thumbnail'><dl class='gallery-item'>\n\t\t\t<dt class='gallery-icon portrait'>\n\t\t\t\t<a href='https:\/\/farmleigh.ie\/ga\/the-guinness-family\/edward-cecil-guinness-1847-1927-the-iveagh-trust\/'><img loading=\"lazy\" decoding=\"async\" width=\"150\" height=\"150\" src=\"https:\/\/farmleigh.ie\/wp-content\/uploads\/2017\/10\/Edward-Cecil-Guinness-1847-\u2013-1927.-The-Iveagh-Trust-150x150.jpg\" class=\"attachment-thumbnail size-thumbnail\" alt=\"\" aria-describedby=\"gallery-1-1620\" \/><\/a>\n\t\t\t<\/dt>\n\t\t\t\t<dd class='wp-caption-text gallery-caption' id='gallery-1-1620'>\n\t\t\t\tEdward Cecil Guinness (1847 \u2013 1927). The Iveagh Trust\n\t\t\t\t<\/dd><\/dl><dl class='gallery-item'>\n\t\t\t<dt class='gallery-icon portrait'>\n\t\t\t\t<a href='https:\/\/farmleigh.ie\/ga\/the-guinness-family\/adelaide-maria-guinness-by-george-elgar-hicks\/'><img loading=\"lazy\" decoding=\"async\" width=\"150\" height=\"150\" src=\"https:\/\/farmleigh.ie\/wp-content\/uploads\/2017\/10\/Adelaide-Maria-Guinness-by-George-Elgar-Hicks-150x150.jpg\" class=\"attachment-thumbnail size-thumbnail\" alt=\"\" aria-describedby=\"gallery-1-1619\" \/><\/a>\n\t\t\t<\/dt>\n\t\t\t\t<dd class='wp-caption-text gallery-caption' id='gallery-1-1619'>\n\t\t\t\tAdelaide Maria Guinness by George Elgar Hicks\n\t\t\t\t<\/dd><\/dl><dl class='gallery-item'>\n\t\t\t<dt class='gallery-icon landscape'>\n\t\t\t\t<a href='https:\/\/farmleigh.ie\/ga\/the-guinness-family\/iveagh-house\/'><img loading=\"lazy\" decoding=\"async\" width=\"150\" height=\"150\" src=\"https:\/\/farmleigh.ie\/wp-content\/uploads\/2017\/10\/Iveagh-House-150x150.jpg\" class=\"attachment-thumbnail size-thumbnail\" alt=\"\" aria-describedby=\"gallery-1-1621\" \/><\/a>\n\t\t\t<\/dt>\n\t\t\t\t<dd class='wp-caption-text gallery-caption' id='gallery-1-1621'>\n\t\t\t\tIveagh House\n\t\t\t\t<\/dd><\/dl><br style=\"clear: both\" \/>\n\t\t<\/div>\n\n<p>[\/et_pb_text][\/et_pb_column][\/et_pb_row][\/et_pb_section][et_pb_section fb_built=&#8221;1&#8243; _builder_version=&#8221;4.17.4&#8243; background_color=&#8221;#f2f8f7&#8243; global_colors_info=&#8221;{}&#8221;][et_pb_row _builder_version=&#8221;4.16&#8243; background_size=&#8221;initial&#8221; background_position=&#8221;top_left&#8221; background_repeat=&#8221;repeat&#8221; global_colors_info=&#8221;{}&#8221;][et_pb_column type=&#8221;4_4&#8243; _builder_version=&#8221;4.16&#8243; custom_padding=&#8221;|||&#8221; global_colors_info=&#8221;{}&#8221; custom_padding__hover=&#8221;|||&#8221;][et_pb_text admin_label=&#8221;After Edward Cecil\u2019s death in 1927&#8230; Text&#8221; _builder_version=&#8221;4.17.4&#8243; link_font=&#8221;|600|||||||&#8221; link_text_color=&#8221;#61b533&#8243; module_alignment=&#8221;left&#8221; hover_enabled=&#8221;0&#8243; border_style=&#8221;solid&#8221; global_colors_info=&#8221;{}&#8221; sticky_enabled=&#8221;0&#8243;]<\/p>\n<p>Tar \u00e9is bh\u00e1s Edward Cecil sa bhliain 1927, rinneadh dara hIarla U\u00edbh Eachach de Rupert, a mhac ba shine. F\u00e1gadh East\u00e1t Farmleigh agus 80 Faiche Stiabhna le huacht ag Rupert. Th\u00edolaic s\u00e9 an foirgneamh deireanach sin do St\u00e1t na h\u00c9ireann sa bhliain 1939. Bh\u00ed Rupert ina Theachta Parlaiminte Briotanach do Southend ag an am sin, agus scoir s\u00e9 de bheith ina Theachta Parlaiminte tr\u00e1th a tugadh iarlacht a athar ar a sheilbh. Bhuaigh Gwendolen Guinness, a bhean ch\u00e9ile agus Cuntaois U\u00edbh Eachach, fothoghch\u00e1n Southend i m\u00ed na Samhna 1927 chun teacht in \u00e1it a fir c\u00e9ile mar Theachta Parlaiminte. D\u2019fh\u00f3in s\u00ed sa r\u00f3l sin go dt\u00ed go ndeachaigh s\u00ed ar scor sa bhliain 1935.<\/p>\n<p>&nbsp;<\/p>\n\n\t\t<style type=\"text\/css\">\n\t\t\t#gallery-2 {\n\t\t\t\tmargin: auto;\n\t\t\t}\n\t\t\t#gallery-2 .gallery-item {\n\t\t\t\tfloat: left;\n\t\t\t\tmargin-top: 10px;\n\t\t\t\ttext-align: center;\n\t\t\t\twidth: 33%;\n\t\t\t}\n\t\t\t#gallery-2 img {\n\t\t\t\tborder: 2px solid #cfcfcf;\n\t\t\t}\n\t\t\t#gallery-2 .gallery-caption {\n\t\t\t\tmargin-left: 0;\n\t\t\t}\n\t\t\t\/* see gallery_shortcode() in wp-includes\/media.php *\/\n\t\t<\/style>\n\t\t<div id='gallery-2' class='gallery galleryid-8595 gallery-columns-3 gallery-size-thumbnail'><dl class='gallery-item'>\n\t\t\t<dt class='gallery-icon portrait'>\n\t\t\t\t<a href='https:\/\/farmleigh.ie\/ga\/the-guinness-family\/gwendolen-florence-mary-guinness-nee-onslow-countess-of-iveagh-rupert-edward-cecil-lee-guinness-2nd-earl-of-iveagh-national-portrait-gallery\/'><img loading=\"lazy\" decoding=\"async\" width=\"150\" height=\"150\" src=\"https:\/\/farmleigh.ie\/wp-content\/uploads\/2017\/10\/Gwendolen-Florence-Mary-Guinness-ne\u0301e-Onslow-Countess-of-Iveagh-Rupert-Edward-Cecil-Lee-Guinness-2nd-Earl-of-Iveagh.-National-Portrait-Gallery.-150x150.jpg\" class=\"attachment-thumbnail size-thumbnail\" alt=\"Gwendolen Florence Mary Guinness (ne\u0301e Onslow), Countess of Iveagh; Rupert Edward Cecil Lee Guinness, 2nd Earl of Iveagh. National Portrait Gallery.\" aria-describedby=\"gallery-2-1622\" \/><\/a>\n\t\t\t<\/dt>\n\t\t\t\t<dd class='wp-caption-text gallery-caption' id='gallery-2-1622'>\n\t\t\t\tGwendolen Florence Mary Guinness (ne\u0301e Onslow), Countess of Iveagh; Rupert Edward Cecil Lee Guinness, 2nd Earl of Iveagh. National Portrait Gallery.\n\t\t\t\t<\/dd><\/dl><dl class='gallery-item'>\n\t\t\t<dt class='gallery-icon portrait'>\n\t\t\t\t<a href='https:\/\/farmleigh.ie\/ga\/the-guinness-family\/rupert-guiness-in-vanity-fair-in-1905\/'><img loading=\"lazy\" decoding=\"async\" width=\"150\" height=\"150\" src=\"https:\/\/farmleigh.ie\/wp-content\/uploads\/2017\/10\/Rupert-Guiness-in-Vanity-Fair-in-1905-150x150.jpg\" class=\"attachment-thumbnail size-thumbnail\" alt=\"\" aria-describedby=\"gallery-2-1623\" \/><\/a>\n\t\t\t<\/dt>\n\t\t\t\t<dd class='wp-caption-text gallery-caption' id='gallery-2-1623'>\n\t\t\t\tRupert Guiness in Vanity Fair in 1905\n\t\t\t\t<\/dd><\/dl>\n\t\t\t<br style='clear: both' \/>\n\t\t<\/div>\n\n<p>[\/et_pb_text][\/et_pb_column][\/et_pb_row][\/et_pb_section][et_pb_section fb_built=&#8221;1&#8243; _builder_version=&#8221;4.17.4&#8243; background_color=&#8221;#e8f2f0&#8243; global_colors_info=&#8221;{}&#8221;][et_pb_row _builder_version=&#8221;4.16&#8243; background_size=&#8221;initial&#8221; background_position=&#8221;top_left&#8221; background_repeat=&#8221;repeat&#8221; global_colors_info=&#8221;{}&#8221;][et_pb_column type=&#8221;4_4&#8243; _builder_version=&#8221;4.16&#8243; custom_padding=&#8221;|||&#8221; global_colors_info=&#8221;{}&#8221; custom_padding__hover=&#8221;|||&#8221;][et_pb_text admin_label=&#8221;Rupert gave Farmleigh to his grandson&#8230; Text&#8221; _builder_version=&#8221;4.17.6&#8243; link_font=&#8221;|600|||||||&#8221; link_text_color=&#8221;#61b533&#8243; module_alignment=&#8221;left&#8221; hover_enabled=&#8221;0&#8243; border_style=&#8221;solid&#8221; global_colors_info=&#8221;{}&#8221; sticky_enabled=&#8221;0&#8243;]<\/p>\n<p>Thug Rupert East\u00e1t Farmleigh do Benjamin, a gharmhac agus a oidhre (mara\u00edodh Arthur, an mac ba shine a bh\u00ed ag Rupert agus athair Benjamin, sa Dara Cogadh Domhanda). Th\u00e1inig Teach Farmleigh chun bheith ina theach teaghlaigh do Benjamin (3\u00fa hIarla U\u00edbh Eachach) agus Miranda Guinness, agus d\u00e1 gclann. Th\u00e1inig Benjamin chun bheith ina leabharbh\u00e1ch d\u00edograiseach agus thosaigh s\u00e9 ag baili\u00fa leabhair uath\u00fala, ceangail pharlaiminteacha agus luatha agus na ch\u00e9ad eagr\u00e1n de shaothair fil\u00ed agus dr\u00e1mad\u00f3ir\u00ed nua-aimseartha. T\u00e1 an leabharlann i dTeach Farmleigh tiomnaithe do Benjamin U\u00edbh Eachach agus d\u00e1 bhaili\u00fach\u00e1n iontach leabhar anois.<\/p>\n<p>Fuair Benjamin b\u00e1s i Londain sa bhliain 1993 agus dh\u00edol Arthur Guinness (4\u00fa hIarla U\u00edbh Eachach) East\u00e1t Farmleigh le St\u00e1t na h\u00c9ireann sa bhliain 1999.<\/p>\n\n\t\t<style type=\"text\/css\">\n\t\t\t#gallery-3 {\n\t\t\t\tmargin: auto;\n\t\t\t}\n\t\t\t#gallery-3 .gallery-item {\n\t\t\t\tfloat: left;\n\t\t\t\tmargin-top: 10px;\n\t\t\t\ttext-align: center;\n\t\t\t\twidth: 33%;\n\t\t\t}\n\t\t\t#gallery-3 img {\n\t\t\t\tborder: 2px solid #cfcfcf;\n\t\t\t}\n\t\t\t#gallery-3 .gallery-caption {\n\t\t\t\tmargin-left: 0;\n\t\t\t}\n\t\t\t\/* see gallery_shortcode() in wp-includes\/media.php *\/\n\t\t<\/style>\n\t\t<div id='gallery-3' class='gallery galleryid-8595 gallery-columns-3 gallery-size-thumbnail'><dl class='gallery-item'>\n\t\t\t<dt class='gallery-icon landscape'>\n\t\t\t\t<a href='https:\/\/farmleigh.ie\/ga\/the-guinness-family\/benjamin-guinness-marries-miranda-smiley-in-1963-photo-getty-images\/'><img loading=\"lazy\" decoding=\"async\" width=\"150\" height=\"150\" src=\"https:\/\/farmleigh.ie\/wp-content\/uploads\/2017\/10\/Benjamin-Guinness-marries-Miranda-Smiley-in-1963.-Photo-Getty-Images-150x150.jpg\" class=\"attachment-thumbnail size-thumbnail\" alt=\"\" aria-describedby=\"gallery-3-1625\" \/><\/a>\n\t\t\t<\/dt>\n\t\t\t\t<dd class='wp-caption-text gallery-caption' id='gallery-3-1625'>\n\t\t\t\tBenjamin Guinness, marries Miranda Smiley in 1963. Photo Getty Images\n\t\t\t\t<\/dd><\/dl><dl class='gallery-item'>\n\t\t\t<dt class='gallery-icon portrait'>\n\t\t\t\t<a href='https:\/\/farmleigh.ie\/ga\/the-guinness-family\/arthur-guinness-4th-earl-of-iveagh\/'><img loading=\"lazy\" decoding=\"async\" width=\"150\" height=\"150\" src=\"https:\/\/farmleigh.ie\/wp-content\/uploads\/2017\/10\/Arthur-Guinness-4th-Earl-of-Iveagh-150x150.jpg\" class=\"attachment-thumbnail size-thumbnail\" alt=\"\" aria-describedby=\"gallery-3-1624\" \/><\/a>\n\t\t\t<\/dt>\n\t\t\t\t<dd class='wp-caption-text gallery-caption' id='gallery-3-1624'>\n\t\t\t\tArthur Guinness, 4th Earl of Iveagh\n\t\t\t\t<\/dd><\/dl>\n\t\t\t<br style='clear: both' \/>\n\t\t<\/div>\n\n<p>[\/et_pb_text][\/et_pb_column][\/et_pb_row][\/et_pb_section][et_pb_section fb_built=&#8221;1&#8243; fullwidth=&#8221;on&#8221; disabled_on=&#8221;on|on|on&#8221; _builder_version=&#8221;4.16&#8243; disabled=&#8221;on&#8221; global_colors_info=&#8221;{}&#8221;][et_pb_fullwidth_image src=&#8221;http:\/\/farmleigh.ie\/wp-content\/uploads\/2017\/10\/Farmleigh.-OPW.jpg&#8221; _builder_version=&#8221;4.16&#8243; animation_direction=&#8221;off&#8221; animation=&#8221;off&#8221; global_colors_info=&#8221;{}&#8221;][\/et_pb_fullwidth_image][\/et_pb_section]<\/p>\n","protected":false},"excerpt":{"rendered":"<p>Cheannaigh Edward Cecil Guinness (1\u00fa Iarla U\u00edbh Eachach), mac garph\u00e1iste le Arthur Guinness, bunaitheoir ghr\u00fadlann Guinness, East\u00e1t Farmleigh sa bhliain 1873. Ba \u00e9 80 Faiche Stiabhna (Teach U\u00edbh Eachach, ceanncheathr\u00fa [&hellip;]<\/p>\n","protected":false},"author":1,"featured_media":0,"parent":0,"menu_order":0,"comment_status":"closed","ping_status":"closed","template":"","meta":{"_et_pb_use_builder":"on","_et_pb_old_content":"","_et_gb_content_width":"","footnotes":""},"class_list":["post-8595","page","type-page","status-publish","hentry"],"_links":{"self":[{"href":"https:\/\/farmleigh.ie\/ga\/wp-json\/wp\/v2\/pages\/8595","targetHints":{"allow":["GET"]}}],"collection":[{"href":"https:\/\/farmleigh.ie\/ga\/wp-json\/wp\/v2\/pages"}],"about":[{"href":"https:\/\/farmleigh.ie\/ga\/wp-json\/wp\/v2\/types\/page"}],"author":[{"embeddable":true,"href":"https:\/\/farmleigh.ie\/ga\/wp-json\/wp\/v2\/users\/1"}],"replies":[{"embeddable":true,"href":"https:\/\/farmleigh.ie\/ga\/wp-json\/wp\/v2\/comments?post=8595"}],"version-history":[{"count":2,"href":"https:\/\/farmleigh.ie\/ga\/wp-json\/wp\/v2\/pages\/8595\/revisions"}],"predecessor-version":[{"id":8597,"href":"https:\/\/farmleigh.ie\/ga\/wp-json\/wp\/v2\/pages\/8595\/revisions\/8597"}],"wp:attachment":[{"href":"https:\/\/farmleigh.ie\/ga\/wp-json\/wp\/v2\/media?parent=8595"}],"curies":[{"name":"wp","href":"https:\/\/api.w.org\/{rel}","templated":true}]}}