{"id":8589,"date":"2023-01-26T16:36:57","date_gmt":"2023-01-26T16:36:57","guid":{"rendered":"https:\/\/farmleigh.ie\/bialann-an-ti-bad\/"},"modified":"2026-01-31T15:18:27","modified_gmt":"2026-01-31T15:18:27","slug":"bialann-an-ti-bad","status":"publish","type":"page","link":"https:\/\/farmleigh.ie\/ga\/bialann-an-ti-bad\/","title":{"rendered":"Bialann an T\u00ed B\u00e1d"},"content":{"rendered":"<p>[et_pb_section fb_built=&#8221;1&#8243; fullwidth=&#8221;on&#8221; _builder_version=&#8221;4.19.1&#8243; background_image=&#8221;https:\/\/farmleigh.ie\/wp-content\/uploads\/2022\/11\/20221103_103733-scaled.jpg&#8221; global_colors_info=&#8221;{}&#8221;][et_pb_fullwidth_header title=&#8221;Bialann an T\u00ed B\u00e1d&#8221; subhead=&#8221;Glac do shuaimhneas le Caife&#8221; text_orientation=&#8221;center&#8221; header_fullscreen=&#8221;on&#8221; header_scroll_down=&#8221;on&#8221; scroll_down_icon_size=&#8221;25px&#8221; background_overlay_color=&#8221;rgba(0,0,0,0.33)&#8221; content_max_width=&#8221;none&#8221; _builder_version=&#8221;4.16&#8243; title_font_size=&#8221;50px&#8221; subhead_font_size=&#8221;23px&#8221; background_color=&#8221;rgba(255, 255, 255, 0)&#8221; background_image=&#8221;http:\/\/ds2.opw.ie\/wp-content\/uploads\/2017\/08\/Boathouse-Cafe-at-Farmleigh.-Rob-Durston.-ICP-1.jpg&#8221; button_one_letter_spacing_hover=&#8221;0&#8243; button_two_letter_spacing_hover=&#8221;0&#8243; global_colors_info=&#8221;{}&#8221; button_one_text_size__hover_enabled=&#8221;off&#8221; button_one_text_size__hover=&#8221;null&#8221; button_two_text_size__hover_enabled=&#8221;off&#8221; button_two_text_size__hover=&#8221;null&#8221; button_one_text_color__hover_enabled=&#8221;off&#8221; button_one_text_color__hover=&#8221;null&#8221; button_two_text_color__hover_enabled=&#8221;off&#8221; button_two_text_color__hover=&#8221;null&#8221; button_one_border_width__hover_enabled=&#8221;off&#8221; button_one_border_width__hover=&#8221;null&#8221; button_two_border_width__hover_enabled=&#8221;off&#8221; button_two_border_width__hover=&#8221;null&#8221; button_one_border_color__hover_enabled=&#8221;off&#8221; button_one_border_color__hover=&#8221;null&#8221; button_two_border_color__hover_enabled=&#8221;off&#8221; button_two_border_color__hover=&#8221;null&#8221; button_one_border_radius__hover_enabled=&#8221;off&#8221; button_one_border_radius__hover=&#8221;null&#8221; button_two_border_radius__hover_enabled=&#8221;off&#8221; button_two_border_radius__hover=&#8221;null&#8221; button_one_letter_spacing__hover_enabled=&#8221;on&#8221; button_one_letter_spacing__hover=&#8221;0&#8243; button_two_letter_spacing__hover_enabled=&#8221;on&#8221; button_two_letter_spacing__hover=&#8221;0&#8243; button_one_bg_color__hover_enabled=&#8221;off&#8221; button_one_bg_color__hover=&#8221;null&#8221; button_two_bg_color__hover_enabled=&#8221;off&#8221; button_two_bg_color__hover=&#8221;null&#8221;][\/et_pb_fullwidth_header][\/et_pb_section][et_pb_section fb_built=&#8221;1&#8243; _builder_version=&#8221;4.17.3&#8243; background_color=&#8221;#f2f8f7&#8243; global_colors_info=&#8221;{}&#8221;][et_pb_row column_structure=&#8221;1_3,2_3&#8243; _builder_version=&#8221;4.16&#8243; background_size=&#8221;initial&#8221; background_position=&#8221;top_left&#8221; background_repeat=&#8221;repeat&#8221; global_colors_info=&#8221;{}&#8221;][et_pb_column type=&#8221;1_3&#8243; _builder_version=&#8221;4.16&#8243; custom_padding=&#8221;|||&#8221; global_colors_info=&#8221;{}&#8221; custom_padding__hover=&#8221;|||&#8221;][et_pb_image _builder_version=&#8221;4.27.5&#8243; _module_preset=&#8221;default&#8221; alt=&#8221;Kennedys logo&#8221; title_text=&#8221;BH KENNEDYS_RGB&#8221; src=&#8221;http:\/\/farmleigh.ie\/wp-content\/uploads\/2025\/02\/BH-KENNEDYS_RGB.png&#8221; hover_enabled=&#8221;0&#8243; sticky_enabled=&#8221;0&#8243;][\/et_pb_image][et_pb_image _builder_version=&#8221;4.27.5&#8243; _module_preset=&#8221;default&#8221; alt=&#8221;Best in Ireland 2025 recommended by John &#038; Sally McKenna&#8217;s guides&#8221; title_text=&#8221;BH 2025 Mckenna Guide&#8221; src=&#8221;http:\/\/farmleigh.ie\/wp-content\/uploads\/2025\/02\/BH-2025-Mckenna-Guide.jpg&#8221; hover_enabled=&#8221;0&#8243; sticky_enabled=&#8221;0&#8243;][\/et_pb_image][\/et_pb_column][et_pb_column type=&#8221;2_3&#8243; _builder_version=&#8221;4.16&#8243; custom_padding=&#8221;|||&#8221; global_colors_info=&#8221;{}&#8221; custom_padding__hover=&#8221;|||&#8221;][et_pb_text admin_label=&#8221;Refreshments by the water&#8230; Text&#8221; _builder_version=&#8221;4.27.5&#8243; vertical_offset_tablet=&#8221;0&#8243; horizontal_offset_tablet=&#8221;0&#8243; module_alignment=&#8221;left&#8221; hover_enabled=&#8221;0&#8243; z_index_tablet=&#8221;0&#8243; text_text_shadow_horizontal_length_tablet=&#8221;0px&#8221; text_text_shadow_vertical_length_tablet=&#8221;0px&#8221; text_text_shadow_blur_strength_tablet=&#8221;1px&#8221; link_text_shadow_horizontal_length_tablet=&#8221;0px&#8221; link_text_shadow_vertical_length_tablet=&#8221;0px&#8221; link_text_shadow_blur_strength_tablet=&#8221;1px&#8221; ul_text_shadow_horizontal_length_tablet=&#8221;0px&#8221; ul_text_shadow_vertical_length_tablet=&#8221;0px&#8221; ul_text_shadow_blur_strength_tablet=&#8221;1px&#8221; ol_text_shadow_horizontal_length_tablet=&#8221;0px&#8221; ol_text_shadow_vertical_length_tablet=&#8221;0px&#8221; ol_text_shadow_blur_strength_tablet=&#8221;1px&#8221; quote_text_shadow_horizontal_length_tablet=&#8221;0px&#8221; quote_text_shadow_vertical_length_tablet=&#8221;0px&#8221; quote_text_shadow_blur_strength_tablet=&#8221;1px&#8221; header_text_shadow_horizontal_length_tablet=&#8221;0px&#8221; header_text_shadow_vertical_length_tablet=&#8221;0px&#8221; header_text_shadow_blur_strength_tablet=&#8221;1px&#8221; header_2_text_shadow_horizontal_length_tablet=&#8221;0px&#8221; header_2_text_shadow_vertical_length_tablet=&#8221;0px&#8221; header_2_text_shadow_blur_strength_tablet=&#8221;1px&#8221; header_3_text_shadow_horizontal_length_tablet=&#8221;0px&#8221; header_3_text_shadow_vertical_length_tablet=&#8221;0px&#8221; header_3_text_shadow_blur_strength_tablet=&#8221;1px&#8221; header_4_text_shadow_horizontal_length_tablet=&#8221;0px&#8221; header_4_text_shadow_vertical_length_tablet=&#8221;0px&#8221; header_4_text_shadow_blur_strength_tablet=&#8221;1px&#8221; header_5_text_shadow_horizontal_length_tablet=&#8221;0px&#8221; header_5_text_shadow_vertical_length_tablet=&#8221;0px&#8221; header_5_text_shadow_blur_strength_tablet=&#8221;1px&#8221; header_6_text_shadow_horizontal_length_tablet=&#8221;0px&#8221; header_6_text_shadow_vertical_length_tablet=&#8221;0px&#8221; header_6_text_shadow_blur_strength_tablet=&#8221;1px&#8221; box_shadow_horizontal_tablet=&#8221;0px&#8221; box_shadow_vertical_tablet=&#8221;0px&#8221; box_shadow_blur_tablet=&#8221;40px&#8221; box_shadow_spread_tablet=&#8221;0px&#8221; global_colors_info=&#8221;{}&#8221; sticky_enabled=&#8221;0&#8243;]<\/p>\n<h3>S\u00f3laist\u00ed cois Uisce<\/h3>\n<p>T\u00e1 l\u00fach\u00e1ir ar East\u00e1t Farmleigh obair i gcomhph\u00e1irt le Kennedy&#8217;s Food Stores chun eisp\u00e9ireas ar ardchaighde\u00e1n a shol\u00e1thar d\u00e1r gcuairteoir\u00ed.<\/p>\n<p>Agus a deic suite os cionn an locha mhaisithe ag East\u00e1t Farmleigh, tugann Bialann an T\u00ed B\u00e1d deis duit taitneamh a bhaint as su\u00edomh iontach i dt\u00edrdhreach at\u00e1 gan athr\u00fa \u00f3n nao\u00fa haois d\u00e9ag i leith. Mar aon leis an mb\u00e9im a chuireann s\u00ed ar bhia cothaitheach ar ardchaighde\u00e1n a shol\u00e1thar, t\u00e1 s\u00e1rliosta f\u00edonta\/deochanna, sainchaif\u00ed agus milseogra ar f\u00e1il \u00f3n mbialann. T\u00f3g n\u00f3im\u00e9ad chun do mhachnamh a dh\u00e9anamh ar d\u2019eisp\u00e9ireas ag East\u00e1t Farmleigh, agus l\u00f3n \u00e1 ithe agat i measc an d\u00falra.<\/p>\n<p>Faigh blaiseadh den bhia agus den d\u00falra araon, agus t\u00fa s\u00e1ite i gceann amh\u00e1in de na r\u00fain is fearr coinne\u00e1il i mBaile \u00c1tha Cliath.<\/p>\n<p>I gc\u00e1s ceisteanna, cuir glao ar 089 427 6168 \/\u00a0<a href=\"mailto:info@kennedysfoodstore.com\">info@kennedysfoodstore.com<\/a><\/p>\n<p>[\/et_pb_text][\/et_pb_column][\/et_pb_row][\/et_pb_section][et_pb_section fb_built=&#8221;1&#8243; fullwidth=&#8221;on&#8221; _builder_version=&#8221;4.16&#8243; global_colors_info=&#8221;{}&#8221;][et_pb_fullwidth_map address=&#8221;Farmleigh, White&#8217;s Rd, Castleknock, Dublin 15, Ireland&#8221; zoom_level=&#8221;17&#8243; address_lat=&#8221;53.36574660156596&#8243; address_lng=&#8221;-6.35881613624577&#8243; mouse_wheel=&#8221;off&#8221; mobile_dragging=&#8221;off&#8221; disabled_on=&#8221;on|on|on&#8221; _builder_version=&#8221;4.16&#8243; disabled=&#8221;on&#8221; saved_tabs=&#8221;all&#8221; global_colors_info=&#8221;{}&#8221;][et_pb_map_pin title=&#8221;Bialann an T\u00ed B\u00e1d&#8221; pin_address=&#8221;Farmleigh, Castleknock, Dublin 15, Ireland, Castleknock, Dublin, Ireland&#8221; pin_address_lat=&#8221;53.3654834&#8243; pin_address_lng=&#8221;-6.357806299999993&#8243; _builder_version=&#8221;3.0.86&#8243; global_colors_info=&#8221;{}&#8221;]<\/p>\n<p>Glac do shuaimhneas le Caife<\/p>\n<p>[\/et_pb_map_pin][\/et_pb_fullwidth_map][\/et_pb_section]<\/p>\n","protected":false},"excerpt":{"rendered":"<p>S\u00f3laist\u00ed cois Uisce T\u00e1 l\u00fach\u00e1ir ar East\u00e1t Farmleigh obair i gcomhph\u00e1irt le Kennedy&#8217;s Food Stores chun eisp\u00e9ireas ar ardchaighde\u00e1n a shol\u00e1thar d\u00e1r gcuairteoir\u00ed. Agus a deic suite os cionn an [&hellip;]<\/p>\n","protected":false},"author":1,"featured_media":0,"parent":0,"menu_order":0,"comment_status":"closed","ping_status":"closed","template":"","meta":{"_et_pb_use_builder":"on","_et_pb_old_content":"","_et_gb_content_width":"","footnotes":""},"class_list":["post-8589","page","type-page","status-publish","hentry"],"_links":{"self":[{"href":"https:\/\/farmleigh.ie\/ga\/wp-json\/wp\/v2\/pages\/8589","targetHints":{"allow":["GET"]}}],"collection":[{"href":"https:\/\/farmleigh.ie\/ga\/wp-json\/wp\/v2\/pages"}],"about":[{"href":"https:\/\/farmleigh.ie\/ga\/wp-json\/wp\/v2\/types\/page"}],"author":[{"embeddable":true,"href":"https:\/\/farmleigh.ie\/ga\/wp-json\/wp\/v2\/users\/1"}],"replies":[{"embeddable":true,"href":"https:\/\/farmleigh.ie\/ga\/wp-json\/wp\/v2\/comments?post=8589"}],"version-history":[{"count":3,"href":"https:\/\/farmleigh.ie\/ga\/wp-json\/wp\/v2\/pages\/8589\/revisions"}],"predecessor-version":[{"id":12436,"href":"https:\/\/farmleigh.ie\/ga\/wp-json\/wp\/v2\/pages\/8589\/revisions\/12436"}],"wp:attachment":[{"href":"https:\/\/farmleigh.ie\/ga\/wp-json\/wp\/v2\/media?parent=8589"}],"curies":[{"name":"wp","href":"https:\/\/api.w.org\/{rel}","templated":true}]}}