{"id":8586,"date":"2023-01-26T16:32:48","date_gmt":"2023-01-26T16:32:48","guid":{"rendered":"https:\/\/farmleigh.ie\/aionna-stait\/"},"modified":"2023-01-26T16:32:49","modified_gmt":"2023-01-26T16:32:49","slug":"aionna-stait","status":"publish","type":"page","link":"https:\/\/farmleigh.ie\/ga\/aionna-stait\/","title":{"rendered":"A\u00edonna St\u00e1it"},"content":{"rendered":"<p>[et_pb_section fb_built=&#8221;1&#8243; fullwidth=&#8221;on&#8221; _builder_version=&#8221;4.16&#8243; background_image=&#8221;https:\/\/farmleigh.ie\/wp-content\/uploads\/2017\/10\/State-tea-service-at-Farmleigh.-OPW.jpg&#8221; global_colors_info=&#8221;{}&#8221;][et_pb_fullwidth_header title=&#8221;A\u00edonna St\u00e1it&#8221; subhead=&#8221;Is \u00e9 Teach Farmleigh Teach A\u00edochta Oifigi\u00fail St\u00e1t na h\u00c9ireann&#8221; text_orientation=&#8221;center&#8221; header_fullscreen=&#8221;on&#8221; header_scroll_down=&#8221;on&#8221; scroll_down_icon_size=&#8221;25px&#8221; background_overlay_color=&#8221;rgba(0,0,0,0.33)&#8221; content_max_width=&#8221;none&#8221; _builder_version=&#8221;4.16&#8243; title_font_size=&#8221;50px&#8221; subhead_font_size=&#8221;23px&#8221; background_color=&#8221;rgba(255, 255, 255, 0)&#8221; background_image=&#8221;http:\/\/ds2.opw.ie\/wp-content\/uploads\/2017\/10\/JAPAN-EMPEROR-ARRIVAL-MAX-2005-5.jpg&#8221; button_one_letter_spacing_hover=&#8221;0&#8243; button_two_letter_spacing_hover=&#8221;0&#8243; global_colors_info=&#8221;{}&#8221; button_one_text_size__hover_enabled=&#8221;off&#8221; button_two_text_size__hover_enabled=&#8221;off&#8221; button_one_text_color__hover_enabled=&#8221;off&#8221; button_two_text_color__hover_enabled=&#8221;off&#8221; button_one_border_width__hover_enabled=&#8221;off&#8221; button_two_border_width__hover_enabled=&#8221;off&#8221; button_one_border_color__hover_enabled=&#8221;off&#8221; button_two_border_color__hover_enabled=&#8221;off&#8221; button_one_border_radius__hover_enabled=&#8221;off&#8221; button_two_border_radius__hover_enabled=&#8221;off&#8221; button_one_letter_spacing__hover_enabled=&#8221;on&#8221; button_one_letter_spacing__hover=&#8221;0&#8243; button_two_letter_spacing__hover_enabled=&#8221;on&#8221; button_two_letter_spacing__hover=&#8221;0&#8243; button_one_bg_color__hover_enabled=&#8221;off&#8221; button_two_bg_color__hover_enabled=&#8221;off&#8221;][\/et_pb_fullwidth_header][\/et_pb_section][et_pb_section fb_built=&#8221;1&#8243; _builder_version=&#8221;4.16&#8243; global_colors_info=&#8221;{}&#8221;][et_pb_row _builder_version=&#8221;4.16&#8243; background_size=&#8221;initial&#8221; background_position=&#8221;top_left&#8221; background_repeat=&#8221;repeat&#8221; global_colors_info=&#8221;{}&#8221;][et_pb_column type=&#8221;4_4&#8243; _builder_version=&#8221;4.16&#8243; custom_padding=&#8221;|||&#8221; global_colors_info=&#8221;{}&#8221; custom_padding__hover=&#8221;|||&#8221;][et_pb_text admin_label=&#8221;Intro Text&#8221; _builder_version=&#8221;4.17.6&#8243; hover_enabled=&#8221;0&#8243; border_style=&#8221;solid&#8221; global_colors_info=&#8221;{}&#8221; link_text_color=&#8221;#61b533&#8243; link_font=&#8221;|600|||||||&#8221; sticky_enabled=&#8221;0&#8243;]<\/p>\n<h3>Ag f\u00f3namh d\u00f3 mar Theach A\u00edochta Oifigi\u00fail do St\u00e1t na h\u00c9ireann, cuireadh f\u00e1ilte roimh chuairteoir\u00ed t\u00e1bhachtacha \u00f3 \u00e1iteanna ar fud an domhain chuig Teach Farmleigh.<\/h3>\n<p>Ar na cuairteoir\u00ed a d\u2019fhan i dTeach Farmleigh t\u00e1 Uachtar\u00e1in, Pr\u00edomh-Air\u00ed, Banr\u00edonacha, Impir\u00ed, agus Ard-R\u00fanaithe de chuid na N\u00e1isi\u00fan Aontaithe. Ar na ha\u00edonna suntasacha a d\u2019fhan i dTeach Farmleigh le d\u00e9ana\u00ed t\u00e1 an Bhanr\u00edon Eil\u00eds II, an Pr\u00edomh-Aire Justin Trudeau, agus Impire agus Banimpire na Seap\u00e1ine. Ar na cuairteoir\u00ed a thug cuairt ar East\u00e1t Farmleigh roimhe sin t\u00e1 Barack agus Michelle Obama, Tony Blair, Prionsa Albert II Mhonac\u00f3 agus Charlene, Banphrionsa Mhonac\u00f3. Bhain na cuairteoir\u00ed taitneamh as scoth thairiscint\u00ed East\u00e1t Farmleigh, lena n-\u00e1ir\u00edtear si\u00fal\u00f3id\u00ed tr\u00edd an ngaird\u00edn daingean agus tr\u00ed na tailte agus breathn\u00fa ar Bhaili\u00fach\u00e1n Eala\u00edne an St\u00e1it laistigh den east\u00e1t.<\/p>\n<p>[\/et_pb_text][\/et_pb_column][\/et_pb_row][\/et_pb_section][et_pb_section fb_built=&#8221;1&#8243; _builder_version=&#8221;4.17.4&#8243; background_color=&#8221;#f2f8f7&#8243; global_colors_info=&#8221;{}&#8221;][et_pb_row _builder_version=&#8221;4.16&#8243; background_size=&#8221;initial&#8221; background_position=&#8221;top_left&#8221; background_repeat=&#8221;repeat&#8221; global_colors_info=&#8221;{}&#8221;][et_pb_column type=&#8221;4_4&#8243; _builder_version=&#8221;4.16&#8243; custom_padding=&#8221;|||&#8221; global_colors_info=&#8221;{}&#8221; custom_padding__hover=&#8221;|||&#8221;][et_pb_text admin_label=&#8221;Intro Text&#8221; _builder_version=&#8221;4.17.4&#8243; border_style=&#8221;solid&#8221; global_colors_info=&#8221;{}&#8221;]<\/p>\n\n\t\t<style type=\"text\/css\">\n\t\t\t#gallery-1 {\n\t\t\t\tmargin: auto;\n\t\t\t}\n\t\t\t#gallery-1 .gallery-item {\n\t\t\t\tfloat: left;\n\t\t\t\tmargin-top: 10px;\n\t\t\t\ttext-align: center;\n\t\t\t\twidth: 33%;\n\t\t\t}\n\t\t\t#gallery-1 img {\n\t\t\t\tborder: 2px solid #cfcfcf;\n\t\t\t}\n\t\t\t#gallery-1 .gallery-caption {\n\t\t\t\tmargin-left: 0;\n\t\t\t}\n\t\t\t\/* see gallery_shortcode() in wp-includes\/media.php *\/\n\t\t<\/style>\n\t\t<div id='gallery-1' class='gallery galleryid-8586 gallery-columns-3 gallery-size-thumbnail'><dl class='gallery-item'>\n\t\t\t<dt class='gallery-icon portrait'>\n\t\t\t\t<a href='https:\/\/farmleigh.ie\/ga\/taoiseach-meets-pm-canada-stephen-harper2013-1\/'><img loading=\"lazy\" decoding=\"async\" width=\"150\" height=\"150\" src=\"https:\/\/farmleigh.ie\/wp-content\/uploads\/2017\/10\/Taoiseach-meets-PM-Canada-Stephen-Harper2013-1-150x150.jpg\" class=\"attachment-thumbnail size-thumbnail\" alt=\"\" aria-describedby=\"gallery-1-1693\" \/><\/a>\n\t\t\t<\/dt>\n\t\t\t\t<dd class='wp-caption-text gallery-caption' id='gallery-1-1693'>\n\t\t\t\tThe Prime Minister of Canada, Stephen Harper, with An Taoiseach Enda Kenny TD, at Farmleigh House in June 2013. Maxwell Photography. \n\t\t\t\t<\/dd><\/dl><dl class='gallery-item'>\n\t\t\t<dt class='gallery-icon landscape'>\n\t\t\t\t<a href='https:\/\/farmleigh.ie\/ga\/queen-visit-2011\/'><img loading=\"lazy\" decoding=\"async\" width=\"150\" height=\"150\" src=\"https:\/\/farmleigh.ie\/wp-content\/uploads\/2017\/10\/Queen-Visit-2011-e1668002270823-150x150.jpg\" class=\"attachment-thumbnail size-thumbnail\" alt=\"\" aria-describedby=\"gallery-1-1692\" \/><\/a>\n\t\t\t<\/dt>\n\t\t\t\t<dd class='wp-caption-text gallery-caption' id='gallery-1-1692'>\n\t\t\t\tMary Heffernan, General Manager at Farmleigh, with President of Ireland, Mary McAleese, her husband Martin McAleese, Prince Philip, Duke of Edinburgh, and Queen Elizabeth II, at Farmleigh in 2011. Maxwell Photography. \n\t\t\t\t<\/dd><\/dl><dl class='gallery-item'>\n\t\t\t<dt class='gallery-icon landscape'>\n\t\t\t\t<a href='https:\/\/farmleigh.ie\/ga\/prince-charles-2017\/'><img loading=\"lazy\" decoding=\"async\" width=\"150\" height=\"150\" src=\"https:\/\/farmleigh.ie\/wp-content\/uploads\/2017\/10\/Prince-Charles-2017-150x150.jpg\" class=\"attachment-thumbnail size-thumbnail\" alt=\"\" aria-describedby=\"gallery-1-1691\" \/><\/a>\n\t\t\t<\/dt>\n\t\t\t\t<dd class='wp-caption-text gallery-caption' id='gallery-1-1691'>\n\t\t\t\tHRH The Prince of Wales and the Duchess of Cornwall at Farmleigh in May 2017. Maxwell Photography. \n\t\t\t\t<\/dd><\/dl><br style=\"clear: both\" \/><dl class='gallery-item'>\n\t\t\t<dt class='gallery-icon landscape'>\n\t\t\t\t<a href='https:\/\/farmleigh.ie\/ga\/obama-hurley-taoiseach-mx20113\/'><img loading=\"lazy\" decoding=\"async\" width=\"150\" height=\"150\" src=\"https:\/\/farmleigh.ie\/wp-content\/uploads\/2017\/10\/OBAMA-HURLEY-TAOISEACH-MX20113-150x150.jpg\" class=\"attachment-thumbnail size-thumbnail\" alt=\"\" aria-describedby=\"gallery-1-1690\" \/><\/a>\n\t\t\t<\/dt>\n\t\t\t\t<dd class='wp-caption-text gallery-caption' id='gallery-1-1690'>\n\t\t\t\tThe President of the United States of America Barack Obama after he was presented with a hurley from Taoiseach Enda Kenny while in Farmleigh in May 2011. Maxwell Photography. \n\t\t\t\t<\/dd><\/dl><dl class='gallery-item'>\n\t\t\t<dt class='gallery-icon portrait'>\n\t\t\t\t<a href='https:\/\/farmleigh.ie\/ga\/japan-emperor-arrival-max-2005-5\/'><img loading=\"lazy\" decoding=\"async\" width=\"150\" height=\"150\" src=\"https:\/\/farmleigh.ie\/wp-content\/uploads\/2017\/10\/JAPAN-EMPEROR-ARRIVAL-MAX-2005-5-150x150.jpg\" class=\"attachment-thumbnail size-thumbnail\" alt=\"\" aria-describedby=\"gallery-1-1689\" \/><\/a>\n\t\t\t<\/dt>\n\t\t\t\t<dd class='wp-caption-text gallery-caption' id='gallery-1-1689'>\n\t\t\t\tTheir Majesties the Emperor and Empress of Japan. Maxwell Photography. \n\t\t\t\t<\/dd><\/dl><dl class='gallery-item'>\n\t\t\t<dt class='gallery-icon landscape'>\n\t\t\t\t<a href='https:\/\/farmleigh.ie\/ga\/german-pres-joachim-gauck-2015mx\/'><img loading=\"lazy\" decoding=\"async\" width=\"150\" height=\"150\" src=\"https:\/\/farmleigh.ie\/wp-content\/uploads\/2017\/10\/GERMAN-PRES-Joachim-Gauck-2015MX-150x150.jpg\" class=\"attachment-thumbnail size-thumbnail\" alt=\"\" aria-describedby=\"gallery-1-1688\" \/><\/a>\n\t\t\t<\/dt>\n\t\t\t\t<dd class='wp-caption-text gallery-caption' id='gallery-1-1688'>\n\t\t\t\tThe President of the Federal Republic of Germany H.E. Mr Joachim Gauck Meeting with Simon Harris TD  in Farmleigh House on the second day of their State Visit to Ireland in July 2015. Maxwell Photography. \n\t\t\t\t<\/dd><\/dl><br style=\"clear: both\" \/><dl class='gallery-item'>\n\t\t\t<dt class='gallery-icon landscape'>\n\t\t\t\t<a href='https:\/\/farmleigh.ie\/ga\/ban-ki-moon-burton-2015-1\/'><img loading=\"lazy\" decoding=\"async\" width=\"150\" height=\"150\" src=\"https:\/\/farmleigh.ie\/wp-content\/uploads\/2017\/10\/Ban-Ki-Moon-Burton-2015-1-150x150.jpg\" class=\"attachment-thumbnail size-thumbnail\" alt=\"\" aria-describedby=\"gallery-1-1687\" \/><\/a>\n\t\t\t<\/dt>\n\t\t\t\t<dd class='wp-caption-text gallery-caption' id='gallery-1-1687'>\n\t\t\t\tUnited Nations Secretary General Ban Ki Moon with his wife, Yoo Soon-taek, and the T\u00e1naiste Joan Burton, at Farmleigh House in 2015. Maxwell Photography. \n\t\t\t\t<\/dd><\/dl><dl class='gallery-item'>\n\t\t\t<dt class='gallery-icon landscape'>\n\t\t\t\t<a href='https:\/\/farmleigh.ie\/ga\/varadkar-and-trudeau-at-farmleigh-3-2\/'><img loading=\"lazy\" decoding=\"async\" width=\"150\" height=\"150\" src=\"https:\/\/farmleigh.ie\/wp-content\/uploads\/2017\/10\/Varadkar-and-Trudeau-at-Farmleigh-150x150.jpg\" class=\"attachment-thumbnail size-thumbnail\" alt=\"\" aria-describedby=\"gallery-1-5219\" \/><\/a>\n\t\t\t<\/dt>\n\t\t\t\t<dd class='wp-caption-text gallery-caption' id='gallery-1-5219'>\n\t\t\t\tTaoiseach Leo Varadkar and Prime Minister of Canada Justin Trudeau at Farmleigh, in 2017.\n\t\t\t\t<\/dd><\/dl>\n\t\t\t<br style='clear: both' \/>\n\t\t<\/div>\n\n<p>[\/et_pb_text][\/et_pb_column][\/et_pb_row][\/et_pb_section][et_pb_section fb_built=&#8221;1&#8243; fullwidth=&#8221;on&#8221; _builder_version=&#8221;4.16&#8243; global_colors_info=&#8221;{}&#8221;][et_pb_fullwidth_map address=&#8221;Dublin, Ireland&#8221; zoom_level=&#8221;2&#8243; address_lat=&#8221;41.53231859161112&#8243; address_lng=&#8221;27.66547155000003&#8243; disabled_on=&#8221;on|on|on&#8221; _builder_version=&#8221;4.16&#8243; disabled=&#8221;on&#8221; global_colors_info=&#8221;{}&#8221;][et_pb_map_pin pin_address=&#8221;Ottawa, ON, Canada&#8221; pin_address_lat=&#8221;45.4215296&#8243; pin_address_lng=&#8221;-75.69719309999999&#8243; _builder_version=&#8221;3.0.47&#8243; global_colors_info=&#8221;{}&#8221;][\/et_pb_map_pin][et_pb_map_pin pin_address=&#8221;London, UK&#8221; pin_address_lat=&#8221;51.5073509&#8243; pin_address_lng=&#8221;-0.12775829999998223&#8243; _builder_version=&#8221;3.0.47&#8243; global_colors_info=&#8221;{}&#8221;][\/et_pb_map_pin][et_pb_map_pin pin_address=&#8221;Washington, DC, USA&#8221; pin_address_lat=&#8221;38.9071923&#8243; pin_address_lng=&#8221;-77.03687070000001&#8243; _builder_version=&#8221;3.0.47&#8243; global_colors_info=&#8221;{}&#8221;][\/et_pb_map_pin][et_pb_map_pin pin_address=&#8221;Berlin, Germany&#8221; pin_address_lat=&#8221;52.52000659999999&#8243; pin_address_lng=&#8221;13.404953999999975&#8243; _builder_version=&#8221;3.0.47&#8243; global_colors_info=&#8221;{}&#8221;][\/et_pb_map_pin][et_pb_map_pin pin_address=&#8221;Tokyo, Japan&#8221; pin_address_lat=&#8221;35.6894875&#8243; pin_address_lng=&#8221;139.69170639999993&#8243; _builder_version=&#8221;3.0.47&#8243; global_colors_info=&#8221;{}&#8221;][\/et_pb_map_pin][\/et_pb_fullwidth_map][\/et_pb_section]<\/p>\n","protected":false},"excerpt":{"rendered":"<p>Ag f\u00f3namh d\u00f3 mar Theach A\u00edochta Oifigi\u00fail do St\u00e1t na h\u00c9ireann, cuireadh f\u00e1ilte roimh chuairteoir\u00ed t\u00e1bhachtacha \u00f3 \u00e1iteanna ar fud an domhain chuig Teach Farmleigh. Ar na cuairteoir\u00ed a d\u2019fhan [&hellip;]<\/p>\n","protected":false},"author":1,"featured_media":0,"parent":0,"menu_order":0,"comment_status":"closed","ping_status":"closed","template":"","meta":{"_et_pb_use_builder":"on","_et_pb_old_content":"","_et_gb_content_width":"","footnotes":""},"class_list":["post-8586","page","type-page","status-publish","hentry"],"_links":{"self":[{"href":"https:\/\/farmleigh.ie\/ga\/wp-json\/wp\/v2\/pages\/8586","targetHints":{"allow":["GET"]}}],"collection":[{"href":"https:\/\/farmleigh.ie\/ga\/wp-json\/wp\/v2\/pages"}],"about":[{"href":"https:\/\/farmleigh.ie\/ga\/wp-json\/wp\/v2\/types\/page"}],"author":[{"embeddable":true,"href":"https:\/\/farmleigh.ie\/ga\/wp-json\/wp\/v2\/users\/1"}],"replies":[{"embeddable":true,"href":"https:\/\/farmleigh.ie\/ga\/wp-json\/wp\/v2\/comments?post=8586"}],"version-history":[{"count":2,"href":"https:\/\/farmleigh.ie\/ga\/wp-json\/wp\/v2\/pages\/8586\/revisions"}],"predecessor-version":[{"id":8588,"href":"https:\/\/farmleigh.ie\/ga\/wp-json\/wp\/v2\/pages\/8586\/revisions\/8588"}],"wp:attachment":[{"href":"https:\/\/farmleigh.ie\/ga\/wp-json\/wp\/v2\/media?parent=8586"}],"curies":[{"name":"wp","href":"https:\/\/api.w.org\/{rel}","templated":true}]}}