{"id":8583,"date":"2023-01-26T15:55:20","date_gmt":"2023-01-26T15:55:20","guid":{"rendered":"https:\/\/farmleigh.ie\/reamhra\/"},"modified":"2023-01-26T15:55:21","modified_gmt":"2023-01-26T15:55:21","slug":"reamhra","status":"publish","type":"page","link":"https:\/\/farmleigh.ie\/ga\/reamhra\/","title":{"rendered":"R\u00e9amhr\u00e1"},"content":{"rendered":"<p>[et_pb_section fb_built=&#8221;1&#8243; fullwidth=&#8221;on&#8221; _builder_version=&#8221;4.16&#8243; background_image=&#8221;https:\/\/farmleigh.ie\/wp-content\/uploads\/2017\/10\/The-Library-at-Farmleigh.-OPW.jpg&#8221; global_colors_info=&#8221;{}&#8221;][et_pb_fullwidth_header title=&#8221;Leabharlann Benjamin U\u00edbh Eachach&#8221; subhead=&#8221;Baili\u00fach\u00e1n Leabhar uath\u00fail, L\u00e1mhscr\u00edbhinn\u00ed agus Ceangal Bre\u00e1&#8221; text_orientation=&#8221;center&#8221; header_fullscreen=&#8221;on&#8221; header_scroll_down=&#8221;on&#8221; scroll_down_icon_size=&#8221;25px&#8221; background_overlay_color=&#8221;rgba(0,0,0,0.33)&#8221; content_max_width=&#8221;none&#8221; _builder_version=&#8221;4.16&#8243; title_font_size=&#8221;50px&#8221; subhead_font_size=&#8221;23px&#8221; background_color=&#8221;rgba(255, 255, 255, 0)&#8221; background_image=&#8221;http:\/\/ds2.opw.ie\/wp-content\/uploads\/2017\/09\/The-Library-at-Farmleigh-House.-ICP.jpg&#8221; button_one_letter_spacing_hover=&#8221;0&#8243; button_two_letter_spacing_hover=&#8221;0&#8243; global_colors_info=&#8221;{}&#8221; button_one_text_size__hover_enabled=&#8221;off&#8221; button_two_text_size__hover_enabled=&#8221;off&#8221; button_one_text_color__hover_enabled=&#8221;off&#8221; button_two_text_color__hover_enabled=&#8221;off&#8221; button_one_border_width__hover_enabled=&#8221;off&#8221; button_two_border_width__hover_enabled=&#8221;off&#8221; button_one_border_color__hover_enabled=&#8221;off&#8221; button_two_border_color__hover_enabled=&#8221;off&#8221; button_one_border_radius__hover_enabled=&#8221;off&#8221; button_two_border_radius__hover_enabled=&#8221;off&#8221; button_one_letter_spacing__hover_enabled=&#8221;on&#8221; button_one_letter_spacing__hover=&#8221;0&#8243; button_two_letter_spacing__hover_enabled=&#8221;on&#8221; button_two_letter_spacing__hover=&#8221;0&#8243; button_one_bg_color__hover_enabled=&#8221;off&#8221; button_two_bg_color__hover_enabled=&#8221;off&#8221;][\/et_pb_fullwidth_header][\/et_pb_section][et_pb_section fb_built=&#8221;1&#8243; _builder_version=&#8221;4.17.4&#8243; background_color=&#8221;#f2f8f7&#8243; global_colors_info=&#8221;{}&#8221;][et_pb_row column_structure=&#8221;1_4,3_4&#8243; _builder_version=&#8221;4.16&#8243; background_size=&#8221;initial&#8221; background_position=&#8221;top_left&#8221; background_repeat=&#8221;repeat&#8221; global_colors_info=&#8221;{}&#8221;][et_pb_column type=&#8221;1_4&#8243; _builder_version=&#8221;4.16&#8243; custom_padding=&#8221;|||&#8221; global_colors_info=&#8221;{}&#8221; custom_padding__hover=&#8221;|||&#8221;][et_pb_image src=&#8221;http:\/\/farmleigh.ie\/wp-content\/uploads\/2017\/09\/Benjamin-Guinness-3rd-Earl-Iveagh.jpg&#8221; align=&#8221;right&#8221; align_tablet=&#8221;center&#8221; align_phone=&#8221;center&#8221; align_last_edited=&#8221;on|desktop&#8221; admin_label=&#8221;Ben Image&#8221; _builder_version=&#8221;4.17.4&#8243; border_width_all=&#8221;1px&#8221; border_color_all=&#8221;#004d44&#8243; sticky=&#8221;off&#8221; always_center_on_mobile=&#8221;on&#8221; global_colors_info=&#8221;{}&#8221;][\/et_pb_image][et_pb_image src=&#8221;http:\/\/farmleigh.ie\/wp-content\/uploads\/2017\/09\/marshs_logo.jpg&#8221; url=&#8221;http:\/\/www.marshlibrary.ie\/&#8221; url_new_window=&#8221;on&#8221; align=&#8221;right&#8221; align_tablet=&#8221;center&#8221; align_phone=&#8221;center&#8221; align_last_edited=&#8221;on|desktop&#8221; admin_label=&#8221;Marshs Library Logo&#8221; _builder_version=&#8221;4.17.4&#8243; max_width=&#8221;200px&#8221; border_width_all=&#8221;1px&#8221; border_color_all=&#8221;#004d44&#8243; sticky=&#8221;off&#8221; always_center_on_mobile=&#8221;on&#8221; global_colors_info=&#8221;{}&#8221;][\/et_pb_image][\/et_pb_column][et_pb_column type=&#8221;3_4&#8243; _builder_version=&#8221;4.16&#8243; custom_padding=&#8221;|||&#8221; global_colors_info=&#8221;{}&#8221; custom_padding__hover=&#8221;|||&#8221;][et_pb_text admin_label=&#8221;The BI Library was amassed&#8230; Text&#8221; _builder_version=&#8221;4.17.6&#8243; link_text_color=&#8221;#61b533&#8243; module_alignment=&#8221;left&#8221; hover_enabled=&#8221;0&#8243; global_colors_info=&#8221;{}&#8221; link_font=&#8221;|600|||||||&#8221; sticky_enabled=&#8221;0&#8243;]<\/p>\n<h3>Chuir Benjamin Guinness (1937-1992), 3\u00fa hIarla U\u00edbh Eachach, Leabharlann Benjamin U\u00edbh Eachach le ch\u00e9ile. Ba bhailitheoir m\u00f3r g\u00e9arch\u00faiseach leabhar uath\u00fail, l\u00e1mhscr\u00edbhinn\u00ed agus ceangal bre\u00e1 \u00e9.<\/h3>\n<p>T\u00e1 an baili\u00fach\u00e1n comhdh\u00e9anta de n\u00edos m\u00f3 n\u00e1 5,000 m\u00edr. Cuims\u00edtear ann a l\u00e1n leabhar \u00c9ireannach agus l\u00e1mhscr\u00edbhinn\u00ed \u00c9ireannacha at\u00e1 luachmhar mar airn\u00e9is\u00ed bailitheora. I measc na l\u00e1mhscr\u00edbhinn\u00ed stairi\u00fala sa bhaili\u00fach\u00e1n t\u00e1 cur s\u00edos ar \u00c9irinn le Gerald na Breataine Bige a scr\u00edobhadh sa bhliain 1280, prim\u00e9ar Gaeilge a ullmha\u00edodh don Bhanr\u00edon Eil\u00eds I, chomh maith le bun\u00e1bhar uath\u00fail a bhaineann le D\u00f3nall \u00d3 Conaill, Ruair\u00ed Mac Easmainn, Lennox Robinson agus Sean O\u2019Casey.<\/p>\n<p>I measc na leabhar cl\u00f3ite agus na bpaimfl\u00e9ad t\u00e1 a l\u00e1n inphrionta\u00ed \u00c9ireannacha luatha agus a l\u00e1n tr\u00e9imhseach\u00e1n uath\u00fail. T\u00e1 saothar gach duine de na m\u00f3rscr\u00edbhneoir\u00ed \u00c9ireannacha le f\u00e1il sa bhaili\u00fach\u00e1n, lena n-\u00e1ir\u00edtear saothar James Joyce, Seamus Heaney, Samuel Beckett agus Jonathan Swift. Chomh maith leis sin, t\u00e1 a l\u00e1n t\u00e9acsanna suntasacha ar \u00e1ireamh ann, lena n-\u00e1ir\u00edtear na ch\u00e9ad eagr\u00e1in de \u2018Ulysses\u2019 agus de \u2018Gulliver\u2019s Travels\u2019.<\/p>\n<p>Neart ar leith de chuid an bhaili\u00fach\u00e1in is ea ceangail \u00c9ireannacha bhre\u00e1. Is sa leabharlann at\u00e1 roinnt de na sampla\u00ed is fearr de cheangail leabhair \u00c9ireannacha mhaisi\u00fala \u00f3n 18\u00fa haois, \u00f3n 19\u00fa haois agus \u00f3n 20\u00fa haois.<\/p>\n<p>Is le Leabharlann Marsh an baili\u00fach\u00e1n. Bainist\u00edonn Oifig na nOibreacha Poibl\u00ed \u00ed, agus fosta\u00edonn an Oifig leabharlanna\u00ed chun na seal\u00fachais a choime\u00e1d agus a bhainisti\u00fa. Bhronn muintir Guinness an baili\u00fach\u00e1n ar Leabharlann Marsh sa bhliain 2009.<\/p>\n<p>Clice\u00e1il <a href=\"https:\/\/farmleigh.ie\/ga\/rochtain\/\"><strong>anseo<\/strong><\/a> le haghaidh mionsonra\u00ed faoi conas is f\u00e9idir an baili\u00fach\u00e1n a rochtain.<\/p>\n<p>[\/et_pb_text][\/et_pb_column][\/et_pb_row][et_pb_row _builder_version=&#8221;4.16&#8243; _module_preset=&#8221;default&#8221; global_colors_info=&#8221;{}&#8221;][et_pb_column type=&#8221;4_4&#8243; _builder_version=&#8221;4.16&#8243; _module_preset=&#8221;default&#8221; global_colors_info=&#8221;{}&#8221;][et_pb_divider show_divider=&#8221;off&#8221; _builder_version=&#8221;4.16&#8243; _module_preset=&#8221;default&#8221; global_colors_info=&#8221;{}&#8221;][\/et_pb_divider][\/et_pb_column][\/et_pb_row][\/et_pb_section][et_pb_section fb_built=&#8221;1&#8243; fullwidth=&#8221;on&#8221; _builder_version=&#8221;4.16&#8243; global_colors_info=&#8221;{}&#8221;][et_pb_fullwidth_image src=&#8221;http:\/\/farmleigh.ie\/wp-content\/uploads\/2017\/10\/Leland-in-Library-at-Farmleigh.-OPW.jpg&#8221; _builder_version=&#8221;4.16&#8243; animation_direction=&#8221;off&#8221; animation=&#8221;off&#8221; global_colors_info=&#8221;{}&#8221;][\/et_pb_fullwidth_image][\/et_pb_section]<\/p>\n","protected":false},"excerpt":{"rendered":"<p>Chuir Benjamin Guinness (1937-1992), 3\u00fa hIarla U\u00edbh Eachach, Leabharlann Benjamin U\u00edbh Eachach le ch\u00e9ile. Ba bhailitheoir m\u00f3r g\u00e9arch\u00faiseach leabhar uath\u00fail, l\u00e1mhscr\u00edbhinn\u00ed agus ceangal bre\u00e1 \u00e9. T\u00e1 an baili\u00fach\u00e1n comhdh\u00e9anta de [&hellip;]<\/p>\n","protected":false},"author":1,"featured_media":0,"parent":0,"menu_order":0,"comment_status":"closed","ping_status":"closed","template":"","meta":{"_et_pb_use_builder":"on","_et_pb_old_content":"","_et_gb_content_width":"","footnotes":""},"class_list":["post-8583","page","type-page","status-publish","hentry"],"_links":{"self":[{"href":"https:\/\/farmleigh.ie\/ga\/wp-json\/wp\/v2\/pages\/8583","targetHints":{"allow":["GET"]}}],"collection":[{"href":"https:\/\/farmleigh.ie\/ga\/wp-json\/wp\/v2\/pages"}],"about":[{"href":"https:\/\/farmleigh.ie\/ga\/wp-json\/wp\/v2\/types\/page"}],"author":[{"embeddable":true,"href":"https:\/\/farmleigh.ie\/ga\/wp-json\/wp\/v2\/users\/1"}],"replies":[{"embeddable":true,"href":"https:\/\/farmleigh.ie\/ga\/wp-json\/wp\/v2\/comments?post=8583"}],"version-history":[{"count":2,"href":"https:\/\/farmleigh.ie\/ga\/wp-json\/wp\/v2\/pages\/8583\/revisions"}],"predecessor-version":[{"id":8585,"href":"https:\/\/farmleigh.ie\/ga\/wp-json\/wp\/v2\/pages\/8583\/revisions\/8585"}],"wp:attachment":[{"href":"https:\/\/farmleigh.ie\/ga\/wp-json\/wp\/v2\/media?parent=8583"}],"curies":[{"name":"wp","href":"https:\/\/api.w.org\/{rel}","templated":true}]}}