{"id":8580,"date":"2023-01-26T15:51:09","date_gmt":"2023-01-26T15:51:09","guid":{"rendered":"https:\/\/farmleigh.ie\/conas-sinn-a-aimsiu\/"},"modified":"2024-09-02T14:55:10","modified_gmt":"2024-09-02T13:55:10","slug":"conas-sinn-a-aimsiu","status":"publish","type":"page","link":"https:\/\/farmleigh.ie\/ga\/conas-sinn-a-aimsiu\/","title":{"rendered":"Conas Sinn a Aimsi\u00fa"},"content":{"rendered":"<p>[et_pb_section fb_built=&#8221;1&#8243; fullwidth=&#8221;on&#8221; _builder_version=&#8221;4.16&#8243; background_image=&#8221;https:\/\/farmleigh.ie\/wp-content\/uploads\/2017\/08\/Couple-walking-past-Farmleigh-in-Phoenix-Park.-Rob-Durston.-ICP.jpg&#8221; global_colors_info=&#8221;{}&#8221;][et_pb_fullwidth_header title=&#8221;Conas Sinn a Aimsi\u00fa&#8221; subhead=&#8221;Treoracha, Sp\u00e1sanna P\u00e1irce\u00e1la, agus Na Nithe Eile at\u00e1 le Feice\u00e1il&#8221; text_orientation=&#8221;center&#8221; header_fullscreen=&#8221;on&#8221; header_scroll_down=&#8221;on&#8221; scroll_down_icon=&#8221;%%0%%&#8221; scroll_down_icon_size=&#8221;25px&#8221; background_overlay_color=&#8221;rgba(0,0,0,0.33)&#8221; _builder_version=&#8221;4.16&#8243; title_font_size=&#8221;50px&#8221; subhead_font_size=&#8221;23px&#8221; background_color=&#8221;rgba(255, 255, 255, 0)&#8221; background_image=&#8221;http:\/\/ds2.opw.ie\/wp-content\/uploads\/2017\/10\/Gates-to-the-Sunken-Garden-at-Farmleigh.-OPW.jpg&#8221; button_one_letter_spacing_hover=&#8221;0&#8243; button_two_letter_spacing_hover=&#8221;0&#8243; global_colors_info=&#8221;{}&#8221; button_one_text_size__hover_enabled=&#8221;off&#8221; button_one_text_size__hover=&#8221;null&#8221; button_two_text_size__hover_enabled=&#8221;off&#8221; button_two_text_size__hover=&#8221;null&#8221; button_one_text_color__hover_enabled=&#8221;off&#8221; button_one_text_color__hover=&#8221;null&#8221; button_two_text_color__hover_enabled=&#8221;off&#8221; button_two_text_color__hover=&#8221;null&#8221; button_one_border_width__hover_enabled=&#8221;off&#8221; button_one_border_width__hover=&#8221;null&#8221; button_two_border_width__hover_enabled=&#8221;off&#8221; button_two_border_width__hover=&#8221;null&#8221; button_one_border_color__hover_enabled=&#8221;off&#8221; button_one_border_color__hover=&#8221;null&#8221; button_two_border_color__hover_enabled=&#8221;off&#8221; button_two_border_color__hover=&#8221;null&#8221; button_one_border_radius__hover_enabled=&#8221;off&#8221; button_one_border_radius__hover=&#8221;null&#8221; button_two_border_radius__hover_enabled=&#8221;off&#8221; button_two_border_radius__hover=&#8221;null&#8221; button_one_letter_spacing__hover_enabled=&#8221;on&#8221; button_one_letter_spacing__hover=&#8221;0&#8243; button_two_letter_spacing__hover_enabled=&#8221;on&#8221; button_two_letter_spacing__hover=&#8221;0&#8243; button_one_bg_color__hover_enabled=&#8221;off&#8221; button_one_bg_color__hover=&#8221;null&#8221; button_two_bg_color__hover_enabled=&#8221;off&#8221; button_two_bg_color__hover=&#8221;null&#8221;][\/et_pb_fullwidth_header][\/et_pb_section][et_pb_section fb_built=&#8221;1&#8243; _builder_version=&#8221;4.17.3&#8243; background_enable_color=&#8221;off&#8221; global_colors_info=&#8221;{}&#8221;][et_pb_row column_structure=&#8221;1_2,1_2&#8243; _builder_version=&#8221;4.16&#8243; background_size=&#8221;initial&#8221; background_position=&#8221;top_left&#8221; background_repeat=&#8221;repeat&#8221; global_colors_info=&#8221;{}&#8221;][et_pb_column type=&#8221;1_2&#8243; _builder_version=&#8221;4.16&#8243; custom_padding=&#8221;|||&#8221; global_colors_info=&#8221;{}&#8221; custom_padding__hover=&#8221;|||&#8221;][et_pb_text admin_label=&#8221;Intro Text&#8221; _builder_version=&#8221;4.17.4&#8243; link_font=&#8221;|600|||||||&#8221; link_text_color=&#8221;#61b533&#8243; module_alignment=&#8221;left&#8221; global_colors_info=&#8221;{}&#8221;]<\/p>\n<h3>Faightear rochtain ar East\u00e1t Farmleigh tr\u00ed Ph\u00e1irc an Fhionnuisce \u00f3 Bh\u00f3thar an Fhaoitigh.<\/h3>\n<p>T\u00e1 sp\u00e1sanna p\u00e1irce\u00e1la carranna, c\u00f3ist\u00ed agus gluaisrothar ar f\u00e1il saor in aisce ar an l\u00e1ithre\u00e1n.<\/p>\n<p>Tabhair faoi deara go dt\u00f3gann s\u00e9 thart ar ch\u00faig n\u00f3im\u00e9ad chun si\u00fal \u00f3n gcarrchl\u00f3s chuig an Teach agus go dt\u00f3gann s\u00e9 thart ar sheacht n\u00f3im\u00e9ad chun si\u00fal \u00f3n gcarrchl\u00f3s chuig an nGaileara\u00ed, chuig na Gaird\u00edn\u00ed agus chuig Bialann an T\u00ed B\u00e1d.<\/p>\n<p>Breathnaigh ar an l\u00e9arsc\u00e1il \u00fas\u00e1ideach th\u00edos chun eolas a chur ar an East\u00e1t.<\/p>\n<h4>East\u00e1t Farmleigh a bhaint amach<\/h4>\n<p>F\u00e9ach na treoracha ar thaobh na l\u00e1imhe deise ar r\u00edomhaire deisce n\u00f3 f\u00e9ach na treoracha th\u00edos ar fh\u00f3n p\u00f3ca.<\/p>\n<h4>De bhus<\/h4>\n<p>T\u00f3g bus uimhir 37 Bhus \u00c1tha Cliath \u00f3 l\u00e1r na cathrach (t\u00e9igh chuig <a href=\"http:\/\/www.dublinbus.ie\/\"><strong>su\u00edomh Gr\u00e9as\u00e1in<\/strong><\/a> Bhus \u00c1tha Cliath chun an t-amchl\u00e1r agus na l\u00e1ithreacha stad bus a rochtain). Tar den bhus ag Geata Chaisle\u00e1n Cnucha.<br \/>T\u00e9igh isteach i bP\u00e1irc an Fhionnuisce agus t\u00f3g an cos\u00e1n c\u00fang tr\u00edd an ngort, at\u00e1 suite ar thaobh na l\u00e1imhe deise.<br \/>Si\u00fail s\u00edos an cos\u00e1n sin go dt\u00ed go mbainfidh t\u00fa b\u00f3thar amach.<br \/>Cas ar dheis ansin. Ba cheart go bhfeicfe\u00e1 geata\u00ed East\u00e1t Farmleigh achar gearr ar shi\u00fal.<br \/>T\u00e1 East\u00e1t Farmleigh suite c\u00faig n\u00f3im\u00e9ad d\u00e9ag de shi\u00fal na gcos \u00f3 Gheata Chaisle\u00e1n Cnucha.<\/p>\n<p><em>Ba cheart d\u00fanadh reatha b\u00f3ithre agus geata\u00ed do Ph\u00e1irc an Fhionnuisce a sheice\u00e1il ar shu\u00edomh Gr\u00e9as\u00e1in Ph\u00e1irc an Fhionnuisce <\/em><a href=\"https:\/\/phoenixpark.ie\/ga\/\"><strong><em>anseo<\/em><\/strong><\/a><em>.\u00a0<\/em><\/p>\n<p>[\/et_pb_text][\/et_pb_column][et_pb_column type=&#8221;1_2&#8243; _builder_version=&#8221;4.16&#8243; custom_padding=&#8221;|||&#8221; global_colors_info=&#8221;{}&#8221; custom_padding__hover=&#8221;|||&#8221;][et_pb_text admin_label=&#8221;Driving Directions Text&#8221; _builder_version=&#8221;4.16&#8243; module_alignment=&#8221;left&#8221; z_index_tablet=&#8221;500&#8243; text_text_shadow_horizontal_length_tablet=&#8221;0px&#8221; text_text_shadow_vertical_length_tablet=&#8221;0px&#8221; text_text_shadow_blur_strength_tablet=&#8221;1px&#8221; link_text_shadow_horizontal_length_tablet=&#8221;0px&#8221; link_text_shadow_vertical_length_tablet=&#8221;0px&#8221; link_text_shadow_blur_strength_tablet=&#8221;1px&#8221; ul_text_shadow_horizontal_length_tablet=&#8221;0px&#8221; ul_text_shadow_vertical_length_tablet=&#8221;0px&#8221; ul_text_shadow_blur_strength_tablet=&#8221;1px&#8221; ol_text_shadow_horizontal_length_tablet=&#8221;0px&#8221; ol_text_shadow_vertical_length_tablet=&#8221;0px&#8221; ol_text_shadow_blur_strength_tablet=&#8221;1px&#8221; quote_text_shadow_horizontal_length_tablet=&#8221;0px&#8221; quote_text_shadow_vertical_length_tablet=&#8221;0px&#8221; quote_text_shadow_blur_strength_tablet=&#8221;1px&#8221; header_text_shadow_horizontal_length_tablet=&#8221;0px&#8221; header_text_shadow_vertical_length_tablet=&#8221;0px&#8221; header_text_shadow_blur_strength_tablet=&#8221;1px&#8221; header_2_text_shadow_horizontal_length_tablet=&#8221;0px&#8221; header_2_text_shadow_vertical_length_tablet=&#8221;0px&#8221; header_2_text_shadow_blur_strength_tablet=&#8221;1px&#8221; header_3_text_shadow_horizontal_length_tablet=&#8221;0px&#8221; header_3_text_shadow_vertical_length_tablet=&#8221;0px&#8221; header_3_text_shadow_blur_strength_tablet=&#8221;1px&#8221; header_4_text_shadow_horizontal_length_tablet=&#8221;0px&#8221; header_4_text_shadow_vertical_length_tablet=&#8221;0px&#8221; header_4_text_shadow_blur_strength_tablet=&#8221;1px&#8221; header_5_text_shadow_horizontal_length_tablet=&#8221;0px&#8221; header_5_text_shadow_vertical_length_tablet=&#8221;0px&#8221; header_5_text_shadow_blur_strength_tablet=&#8221;1px&#8221; header_6_text_shadow_horizontal_length_tablet=&#8221;0px&#8221; header_6_text_shadow_vertical_length_tablet=&#8221;0px&#8221; header_6_text_shadow_blur_strength_tablet=&#8221;1px&#8221; box_shadow_horizontal_tablet=&#8221;0px&#8221; box_shadow_vertical_tablet=&#8221;0px&#8221; box_shadow_blur_tablet=&#8221;40px&#8221; box_shadow_spread_tablet=&#8221;0px&#8221; global_colors_info=&#8221;{}&#8221;]<\/p>\n<h4>T\u00e1bhachtach! Treoracha<\/h4>\n<p>N\u00e1 lean treoracha loingseoireachta satail\u00edte n\u00e1 treoracha Google Maps chuig East\u00e1t Farmleigh, toisc nach dtabharfar chuig an l\u00e1thair cheart th\u00fa. Ina ionad sin, iontr\u00e1il na comhordan\u00e1id\u00ed seo: 53.3661, -6.3516. Faightear rochtain ar East\u00e1t Farmleigh \u00f3n taobh istigh de Ph\u00e1irc an Fhionnuisce. T\u00e1 na treoracha tiom\u00e1na mar a leanas.<\/p>\n<h4>\u00d3 L\u00e1r na Cathrach:<\/h4>\n<p>T\u00e9igh isteach i bP\u00e1irc an Fhionnuisce \u00f3n mbealach isteach geataithe ar Shr\u00e1id Gheata na P\u00e1irce, in aice le St\u00e1isi\u00fan Heuston.<br \/>Lean ar aghaidh ar Ascaill Chesterfield ar feadh thart ar 3.6 km go dt\u00ed go mbainfidh t\u00fa an tr\u00ed\u00fa timpeall\u00e1n amach.<br \/>T\u00f3g an ch\u00e9ad bhealach amach ag an timpeall\u00e1n sin.<br \/>Tar \u00e9is 100 m\u00e9adar, cas ar dheis isteach ar Bh\u00f3thar an Fhaoitigh.<br \/>T\u00e9igh d\u00edreach ar aghaidh. Beidh an bealach isteach go hEast\u00e1t Farmleigh suite thart ar 500 m\u00e9adar ar shi\u00fal.<\/p>\n<h4>\u00d3 Chaisle\u00e1n Cnucha:<\/h4>\n<p>T\u00e9igh isteach i bP\u00e1irc an Fhionnuisce \u00f3n mbealach isteach geataithe ar Bh\u00f3thar Chaisle\u00e1n Cnucha.<br \/>Tar \u00e9is duit dul tr\u00edd an ngeata, t\u00f3g an tr\u00ed\u00fa bealach amach ag an gc\u00e9ad timpeall\u00e1n.<br \/>Tar \u00e9is 100 m\u00e9adar, cas ar dheis isteach ar Bh\u00f3thar an Fhaoitigh.<br \/>T\u00e9igh d\u00edreach ar aghaidh. Beidh an bealach isteach go hEast\u00e1t Farmleigh suite thart ar 500 m\u00e9adar ar shi\u00fal.<\/p>\n<p>Tabhair faoi deara nach f\u00e9idir le carranna East\u00e1t Farmleigh a rochtain tr\u00ed Bh\u00f3thar an Fhaoitigh agus iad ag teacht \u00f3 Bh\u00f3thar an Chol\u00e1iste\/B\u00f3thar Bhaile an Chairpint\u00e9araigh.\u00a0<\/p>\n<p>[\/et_pb_text][\/et_pb_column][\/et_pb_row][\/et_pb_section][et_pb_section fb_built=&#8221;1&#8243; _builder_version=&#8221;4.17.3&#8243; _module_preset=&#8221;default&#8221; background_color=&#8221;#f2f8f7&#8243; global_colors_info=&#8221;{}&#8221;][et_pb_row disabled_on=&#8221;off|off|off&#8221; _builder_version=&#8221;4.16&#8243; background_size=&#8221;initial&#8221; background_position=&#8221;top_left&#8221; background_repeat=&#8221;repeat&#8221; global_colors_info=&#8221;{}&#8221;][et_pb_column type=&#8221;4_4&#8243; _builder_version=&#8221;4.16&#8243; custom_padding=&#8221;|||&#8221; global_colors_info=&#8221;{}&#8221; custom_padding__hover=&#8221;|||&#8221;][et_pb_text admin_label=&#8221;Maps Text&#8221; _builder_version=&#8221;4.16&#8243; module_alignment=&#8221;left&#8221; global_colors_info=&#8221;{}&#8221;]<\/p>\n<h3>L\u00e9arsc\u00e1ileanna<\/h3>\n<p>[\/et_pb_text][\/et_pb_column][\/et_pb_row][et_pb_row column_structure=&#8221;1_3,1_3,1_3&#8243; _builder_version=&#8221;4.16&#8243; _module_preset=&#8221;default&#8221; global_colors_info=&#8221;{}&#8221;][et_pb_column type=&#8221;1_3&#8243; _builder_version=&#8221;4.16&#8243; _module_preset=&#8221;default&#8221; global_colors_info=&#8221;{}&#8221;][et_pb_image src=&#8221;http:\/\/farmleigh.ie\/wp-content\/uploads\/2021\/11\/phoneix_park_car_parks.jpg&#8221; alt=&#8221;P\u00c1IRCE\u00c1IL &#8221; title_text=&#8221;P\u00c1IRCE\u00c1IL &#8221; show_in_lightbox=&#8221;on&#8221; admin_label=&#8221;Car Parks Map&#8221; _builder_version=&#8221;4.16&#8243; _module_preset=&#8221;default&#8221; global_colors_info=&#8221;{}&#8221;][\/et_pb_image][\/et_pb_column][et_pb_column type=&#8221;1_3&#8243; _builder_version=&#8221;4.16&#8243; _module_preset=&#8221;default&#8221; global_colors_info=&#8221;{}&#8221;][et_pb_image src=&#8221;http:\/\/farmleigh.ie\/wp-content\/uploads\/2021\/11\/phoenix_park_cycling_routes.jpg&#8221; alt=&#8221;BEALA\u00cd ROTHA\u00cdOCHTA&#8221; title_text=&#8221;BEALA\u00cd ROTHA\u00cdOCHTA&#8221; show_in_lightbox=&#8221;on&#8221; admin_label=&#8221;Cycling Routes Map&#8221; _builder_version=&#8221;4.16&#8243; _module_preset=&#8221;default&#8221; global_colors_info=&#8221;{}&#8221;][\/et_pb_image][\/et_pb_column][et_pb_column type=&#8221;1_3&#8243; _builder_version=&#8221;4.16&#8243; _module_preset=&#8221;default&#8221; global_colors_info=&#8221;{}&#8221;][et_pb_image src=&#8221;http:\/\/farmleigh.ie\/wp-content\/uploads\/2021\/11\/phoenix_park_walking_routes.jpg&#8221; alt=&#8221;L\u00c9ARSC\u00c1IL SI\u00daL\u00d3ID\u00cd&#8221; title_text=&#8221;L\u00c9ARSC\u00c1IL SI\u00daL\u00d3ID\u00cd&#8221; show_in_lightbox=&#8221;on&#8221; admin_label=&#8221;Walking Routes Map&#8221; _builder_version=&#8221;4.16&#8243; _module_preset=&#8221;default&#8221; global_colors_info=&#8221;{}&#8221;][\/et_pb_image][\/et_pb_column][\/et_pb_row][\/et_pb_section][et_pb_section fb_built=&#8221;1&#8243; _builder_version=&#8221;4.17.3&#8243; _module_preset=&#8221;default&#8221; background_color=&#8221;#e8f2f0&#8243; global_colors_info=&#8221;{}&#8221;][et_pb_row _builder_version=&#8221;4.16&#8243; background_size=&#8221;initial&#8221; background_position=&#8221;top_left&#8221; background_repeat=&#8221;repeat&#8221; global_colors_info=&#8221;{}&#8221;][et_pb_column type=&#8221;4_4&#8243; _builder_version=&#8221;4.16&#8243; custom_padding=&#8221;|||&#8221; global_colors_info=&#8221;{}&#8221; custom_padding__hover=&#8221;|||&#8221;][et_pb_text admin_label=&#8221;Accessibility Text&#8221; _builder_version=&#8221;4.17.4&#8243; link_font=&#8221;|600|||||||&#8221; link_text_color=&#8221;#61b533&#8243; module_alignment=&#8221;left&#8221; global_colors_info=&#8221;{}&#8221;]<\/p>\n<h3>Inrochtaineacht<\/h3>\n<p>T\u00e1imid tiomanta d\u2019East\u00e1t Farmleigh a dh\u00e9anamh chomh hinrochtana agus is f\u00e9idir. Tairgimid cead isteach saor in aisce do dhaoine a bhfuil m\u00edchumas orthu agus d\u00e1 gc\u00faram\u00f3ir\u00ed. <a href=\"https:\/\/farmleigh.ie\/ga\/dean-teagmhail-linn\/\"><strong>T\u00e9igh i dteagmh\u00e1il linn<\/strong><\/a> m\u00e1s f\u00e9idir linn c\u00fanamh a thabhairt ar aon bhealach.<\/p>\n<p>T\u00e1 bunurl\u00e1r Theach Farmleigh l\u00e1n-inrochtana d\u2019\u00fas\u00e1ideoir\u00ed cathaoir rotha\u00ed. T\u00e1 Braille \u00fas\u00e1idte ar na comhartha\u00ed ar fud na dtailte.<\/p>\n<p><a href=\"https:\/\/heritageireland.ie\/assets\/uploads\/2020\/11\/farmleigh-house-and-estate-social-guide.pdf\"><strong>\u00cdosl\u00f3d\u00e1il, priont\u00e1il agus l\u00e9igh \u00e1r dtreoir sh\u00f3isialta (PDF) maidir le cuairt a thabhairt ar East\u00e1t Farmleigh<\/strong><\/a>. Beidh an treoir sin \u00fas\u00e1ideach do chuairteoir\u00ed c\u00e9aduaire, do theaghlaigh agus do dhaoine a bhfuil m\u00edchumas forbartha n\u00f3 foghlama orthu ullmh\u00fa d\u00e1 gcuairt ar East\u00e1t Farmleigh.<\/p>\n<p>[\/et_pb_text][\/et_pb_column][\/et_pb_row][et_pb_row _builder_version=&#8221;4.16&#8243; background_size=&#8221;initial&#8221; background_position=&#8221;top_left&#8221; background_repeat=&#8221;repeat&#8221; global_colors_info=&#8221;{}&#8221;][et_pb_column type=&#8221;4_4&#8243; _builder_version=&#8221;4.16&#8243; custom_padding=&#8221;|||&#8221; global_colors_info=&#8221;{}&#8221; custom_padding__hover=&#8221;|||&#8221;][et_pb_image src=&#8221;http:\/\/farmleigh.ie\/wp-content\/uploads\/2017\/08\/Farmleigh-Map2.jpg&#8221; show_in_lightbox=&#8221;on&#8221; align=&#8221;center&#8221; align_tablet=&#8221;center&#8221; align_phone=&#8221;&#8221; align_last_edited=&#8221;on|desktop&#8221; admin_label=&#8221;Map Image&#8221; _builder_version=&#8221;4.16&#8243; sticky=&#8221;off&#8221; always_center_on_mobile=&#8221;on&#8221; global_colors_info=&#8221;{}&#8221;][\/et_pb_image][\/et_pb_column][\/et_pb_row][\/et_pb_section][et_pb_section fb_built=&#8221;1&#8243; _builder_version=&#8221;4.17.3&#8243; _module_preset=&#8221;default&#8221; background_color=&#8221;#c2dbd8&#8243; global_colors_info=&#8221;{}&#8221;][et_pb_row _builder_version=&#8221;4.16&#8243; background_size=&#8221;initial&#8221; background_position=&#8221;top_left&#8221; background_repeat=&#8221;repeat&#8221; global_colors_info=&#8221;{}&#8221;][et_pb_column type=&#8221;4_4&#8243; _builder_version=&#8221;4.16&#8243; custom_padding=&#8221;|||&#8221; global_colors_info=&#8221;{}&#8221; custom_padding__hover=&#8221;|||&#8221;][et_pb_text admin_label=&#8221;Also in the Area Text&#8221; _builder_version=&#8221;4.16&#8243; module_alignment=&#8221;left&#8221; border_style=&#8221;solid&#8221; global_colors_info=&#8221;{}&#8221;]<\/p>\n<h3>Sa Limist\u00e9ar seo freisin<\/h3>\n<p>T\u00e1 na nithe seo is d\u00edol sp\u00e9ise suite achar gearr \u00f3 East\u00e1t Farmleigh.<\/p>\n<p>[\/et_pb_text][\/et_pb_column][\/et_pb_row][et_pb_row column_structure=&#8221;1_3,1_3,1_3&#8243; _builder_version=&#8221;4.16&#8243; background_size=&#8221;initial&#8221; background_position=&#8221;top_left&#8221; background_repeat=&#8221;repeat&#8221; global_colors_info=&#8221;{}&#8221;][et_pb_column type=&#8221;1_3&#8243; _builder_version=&#8221;4.16&#8243; custom_padding=&#8221;|||&#8221; global_colors_info=&#8221;{}&#8221; custom_padding__hover=&#8221;|||&#8221;][et_pb_image src=&#8221;http:\/\/farmleigh.ie\/wp-content\/uploads\/2017\/08\/Phoenix-Park-Visitor-Centre.jpg&#8221; url=&#8221;https:\/\/phoenixpark.ie\/ga\/&#8221; url_new_window=&#8221;on&#8221; align_tablet=&#8221;center&#8221; align_phone=&#8221;&#8221; align_last_edited=&#8221;on|desktop&#8221; admin_label=&#8221;PP Image&#8221; _builder_version=&#8221;4.16&#8243; animation_direction=&#8221;off&#8221; animation=&#8221;off&#8221; sticky=&#8221;off&#8221; always_center_on_mobile=&#8221;on&#8221; global_colors_info=&#8221;{}&#8221;][\/et_pb_image][et_pb_text _builder_version=&#8221;4.16&#8243; module_alignment=&#8221;left&#8221; border_style=&#8221;solid&#8221; global_colors_info=&#8221;{}&#8221;]<\/p>\n<h4><a href=\"http:\/\/phoenixpark.ie\/ga\">Ionad Cuairteoir\u00ed Ph\u00e1irc an Fhionnuisce<\/a><\/h4>\n<p>Breathnaigh thart ar an bP\u00e1irc ar fad \u00f3 Ionad Cuairteoir\u00ed Ph\u00e1irc an Fhionnuisce. Is \u00f3n \u00e1it seo a eagra\u00edtear turais ar Dh\u00fan na hArmlainne, ar Chaisle\u00e1n Bhaile an \u00c1saigh agus ar l\u00e1ithre\u00e1in oidhreachta eile at\u00e1 suite in aice l\u00e1imhe.<\/p>\n<p>[\/et_pb_text][\/et_pb_column][et_pb_column type=&#8221;1_3&#8243; _builder_version=&#8221;4.16&#8243; custom_padding=&#8221;|||&#8221; global_colors_info=&#8221;{}&#8221; custom_padding__hover=&#8221;|||&#8221;][et_pb_image src=&#8221;http:\/\/farmleigh.ie\/wp-content\/uploads\/2017\/08\/aras.jpg&#8221; url=&#8221;https:\/\/president.ie\/ga&#8221; url_new_window=&#8221;on&#8221; align_tablet=&#8221;center&#8221; align_phone=&#8221;&#8221; align_last_edited=&#8221;on|desktop&#8221; admin_label=&#8221;Aras Image&#8221; _builder_version=&#8221;4.16&#8243; animation_direction=&#8221;off&#8221; animation=&#8221;off&#8221; sticky=&#8221;off&#8221; always_center_on_mobile=&#8221;on&#8221; global_colors_info=&#8221;{}&#8221;][\/et_pb_image][et_pb_text _builder_version=&#8221;4.16&#8243; module_alignment=&#8221;left&#8221; border_style=&#8221;solid&#8221; global_colors_info=&#8221;{}&#8221;]<\/p>\n<h4><a href=\"http:\/\/www.president.ie\/ga\" target=\"_blank\" rel=\"noopener noreferrer\">\u00c1ras an Uachtar\u00e1in<\/a><\/h4>\n<p>Teach c\u00f3naithe Uachtar\u00e1n na h\u00c9ireann is ea seo. B\u00edonn turais threoraithe ar f\u00e1il ar an Satharn tr\u00ed Ionad Cuairteoir\u00ed Ph\u00e1irc an Fhionnuisce.<\/p>\n<p>[\/et_pb_text][\/et_pb_column][et_pb_column type=&#8221;1_3&#8243; _builder_version=&#8221;4.16&#8243; custom_padding=&#8221;|||&#8221; global_colors_info=&#8221;{}&#8221; custom_padding__hover=&#8221;|||&#8221;][et_pb_image src=&#8221;http:\/\/farmleigh.ie\/wp-content\/uploads\/2017\/08\/494116714_295146ef0c_b.jpg&#8221; url=&#8221;https:\/\/www.dublinzoo.ie\/default.aspx&#8221; url_new_window=&#8221;on&#8221; align_tablet=&#8221;center&#8221; align_phone=&#8221;&#8221; align_last_edited=&#8221;on|desktop&#8221; admin_label=&#8221;Zoo Image&#8221; _builder_version=&#8221;4.16&#8243; animation_direction=&#8221;off&#8221; animation=&#8221;off&#8221; sticky=&#8221;off&#8221; always_center_on_mobile=&#8221;on&#8221; global_colors_info=&#8221;{}&#8221;][\/et_pb_image][et_pb_text _builder_version=&#8221;4.16&#8243; module_alignment=&#8221;left&#8221; border_style=&#8221;solid&#8221; global_colors_info=&#8221;{}&#8221;]<\/p>\n<h4><a href=\"https:\/\/www.dublinzoo.ie\/\">Z\u00fa Bhaile \u00c1tha Cliath<\/a><\/h4>\n<p>Is \u00e9 seo an z\u00fa is m\u00f3 in \u00c9irinn. Oscla\u00edodh sa bhliain 1831 \u00e9. B\u00edonn s\u00e9 ar oscailt \u00f3 cheann ceann na bliana.<\/p>\n<p>[\/et_pb_text][\/et_pb_column][\/et_pb_row][\/et_pb_section][et_pb_section fb_built=&#8221;1&#8243; fullwidth=&#8221;on&#8221; disabled_on=&#8221;on|on|on&#8221; _builder_version=&#8221;4.16&#8243; disabled=&#8221;on&#8221; global_colors_info=&#8221;{}&#8221;][et_pb_fullwidth_map address=&#8221;Farmleigh, White&#8217;s Rd, Castleknock, Dublin 15, Ireland&#8221; address_lat=&#8221;53.36510000000001&#8243; address_lng=&#8221;-6.3585050000000365&#8243; disabled_on=&#8221;off|off|off&#8221; _builder_version=&#8221;4.16&#8243; global_colors_info=&#8221;{}&#8221;][\/et_pb_fullwidth_map][\/et_pb_section]<\/p>\n","protected":false},"excerpt":{"rendered":"<p>Faightear rochtain ar East\u00e1t Farmleigh tr\u00ed Ph\u00e1irc an Fhionnuisce \u00f3 Bh\u00f3thar an Fhaoitigh. T\u00e1 sp\u00e1sanna p\u00e1irce\u00e1la carranna, c\u00f3ist\u00ed agus gluaisrothar ar f\u00e1il saor in aisce ar an l\u00e1ithre\u00e1n. Tabhair faoi [&hellip;]<\/p>\n","protected":false},"author":1,"featured_media":0,"parent":0,"menu_order":0,"comment_status":"closed","ping_status":"closed","template":"","meta":{"_et_pb_use_builder":"on","_et_pb_old_content":"","_et_gb_content_width":"","footnotes":""},"class_list":["post-8580","page","type-page","status-publish","hentry"],"_links":{"self":[{"href":"https:\/\/farmleigh.ie\/ga\/wp-json\/wp\/v2\/pages\/8580","targetHints":{"allow":["GET"]}}],"collection":[{"href":"https:\/\/farmleigh.ie\/ga\/wp-json\/wp\/v2\/pages"}],"about":[{"href":"https:\/\/farmleigh.ie\/ga\/wp-json\/wp\/v2\/types\/page"}],"author":[{"embeddable":true,"href":"https:\/\/farmleigh.ie\/ga\/wp-json\/wp\/v2\/users\/1"}],"replies":[{"embeddable":true,"href":"https:\/\/farmleigh.ie\/ga\/wp-json\/wp\/v2\/comments?post=8580"}],"version-history":[{"count":5,"href":"https:\/\/farmleigh.ie\/ga\/wp-json\/wp\/v2\/pages\/8580\/revisions"}],"predecessor-version":[{"id":10909,"href":"https:\/\/farmleigh.ie\/ga\/wp-json\/wp\/v2\/pages\/8580\/revisions\/10909"}],"wp:attachment":[{"href":"https:\/\/farmleigh.ie\/ga\/wp-json\/wp\/v2\/media?parent=8580"}],"curies":[{"name":"wp","href":"https:\/\/api.w.org\/{rel}","templated":true}]}}