{"id":8560,"date":"2023-01-25T14:52:40","date_gmt":"2023-01-25T14:52:40","guid":{"rendered":"https:\/\/farmleigh.ie\/talmhaiocht\/"},"modified":"2025-01-29T11:04:53","modified_gmt":"2025-01-29T11:04:53","slug":"talmhaiocht","status":"publish","type":"page","link":"https:\/\/farmleigh.ie\/ga\/talmhaiocht\/","title":{"rendered":"Talmha\u00edocht"},"content":{"rendered":"<p>[et_pb_section fb_built=&#8221;1&#8243; fullwidth=&#8221;on&#8221; _builder_version=&#8221;4.16&#8243; background_image=&#8221;https:\/\/farmleigh.ie\/wp-content\/uploads\/2017\/10\/Bulls-at-Farmleigh.-OPW.png&#8221; global_colors_info=&#8221;{}&#8221;][et_pb_fullwidth_header title=&#8221;Talmha\u00edocht&#8221; subhead=&#8221;Feirm Oibre freisin is ea East\u00e1t Farmleigh&#8221; text_orientation=&#8221;center&#8221; header_fullscreen=&#8221;on&#8221; header_scroll_down=&#8221;on&#8221; scroll_down_icon_size=&#8221;25px&#8221; background_overlay_color=&#8221;rgba(0,0,0,0.33)&#8221; content_max_width=&#8221;none&#8221; _builder_version=&#8221;4.16&#8243; title_font_size=&#8221;50px&#8221; subhead_font_size=&#8221;23px&#8221; background_color=&#8221;rgba(255, 255, 255, 0)&#8221; background_image=&#8221;http:\/\/ds2.opw.ie\/wp-content\/uploads\/2017\/10\/Bulls-at-Farmleigh.-OPW.png&#8221; button_one_letter_spacing_hover=&#8221;0&#8243; button_two_letter_spacing_hover=&#8221;0&#8243; global_colors_info=&#8221;{}&#8221; button_one_text_size__hover_enabled=&#8221;off&#8221; button_two_text_size__hover_enabled=&#8221;off&#8221; button_one_text_color__hover_enabled=&#8221;off&#8221; button_two_text_color__hover_enabled=&#8221;off&#8221; button_one_border_width__hover_enabled=&#8221;off&#8221; button_two_border_width__hover_enabled=&#8221;off&#8221; button_one_border_color__hover_enabled=&#8221;off&#8221; button_two_border_color__hover_enabled=&#8221;off&#8221; button_one_border_radius__hover_enabled=&#8221;off&#8221; button_two_border_radius__hover_enabled=&#8221;off&#8221; button_one_letter_spacing__hover_enabled=&#8221;on&#8221; button_one_letter_spacing__hover=&#8221;0&#8243; button_two_letter_spacing__hover_enabled=&#8221;on&#8221; button_two_letter_spacing__hover=&#8221;0&#8243; button_one_bg_color__hover_enabled=&#8221;off&#8221; button_two_bg_color__hover_enabled=&#8221;off&#8221;][\/et_pb_fullwidth_header][\/et_pb_section][et_pb_section fb_built=&#8221;1&#8243; _builder_version=&#8221;4.16&#8243; global_colors_info=&#8221;{}&#8221;][et_pb_row _builder_version=&#8221;4.16&#8243; background_size=&#8221;initial&#8221; background_position=&#8221;top_left&#8221; background_repeat=&#8221;repeat&#8221; global_colors_info=&#8221;{}&#8221;][et_pb_column type=&#8221;4_4&#8243; _builder_version=&#8221;4.16&#8243; custom_padding=&#8221;|||&#8221; global_colors_info=&#8221;{}&#8221; custom_padding__hover=&#8221;|||&#8221;][et_pb_text admin_label=&#8221;Farmleigh has an estate&#8230; Text&#8221; _builder_version=&#8221;4.18.0&#8243; link_font=&#8221;|600|||||||&#8221; link_text_color=&#8221;#61b533&#8243; module_alignment=&#8221;left&#8221; global_colors_info=&#8221;{}&#8221;]<\/p>\n<h3>T\u00e1 East\u00e1t Farmleigh ocht n-acra is seacht\u00f3 ar achar.<\/h3>\n<p>Lasmuigh den teach agus de na gaird\u00edn\u00ed pl\u00e9isi\u00fair, is feirm ghn\u00f3thach oibre \u00e9 East\u00e1t Farmleigh. T\u00e1 capaill, asail agus ba ann. An t-aoire in East\u00e1t Farmleigh is ea Alan O\u2019Farrell. Tugann Oifig na nOibreacha Poibl\u00ed c\u00faram do na hainmhithe uile, a ch\u00f3na\u00edonn in East\u00e1t Farmleigh ar fud na bliana. T\u00e1 a l\u00e1n capall ag East\u00e1t Farmleigh thar na blianta. Is iad Ellie agus Tyrone na capaill reatha. T\u00e1 gruaig dhubh ar Ellie agus t\u00e1 gruaig rua ar Tyrone. T\u00e1 siad araon thart ar ch\u00faig bliana is fiche d\u2019aois. Th\u00e1inig Ellie anseo tar \u00e9is Tyrone, at\u00e1 anseo le roinnt blianta anuas. Ba as <a href=\"http:\/\/www.thedonkeysanctuary.ie\/\"><strong>The Donkey Sanctuary<\/strong><\/a> i gCorcaigh do na ceithre asal. Daragh, Ronnie, Barney agus Rosie is ainm d\u00f3ibh. T\u00e1 siad uile thart ar ch\u00faig bliana d\u00e9ag d\u2019aois, agus is bre\u00e1 leo a n-\u00e1it ch\u00f3naithe nua in East\u00e1t Farmleigh.<\/p>\n<p>&nbsp;<\/p>\n\n\t\t<style type=\"text\/css\">\n\t\t\t#gallery-1 {\n\t\t\t\tmargin: auto;\n\t\t\t}\n\t\t\t#gallery-1 .gallery-item {\n\t\t\t\tfloat: left;\n\t\t\t\tmargin-top: 10px;\n\t\t\t\ttext-align: center;\n\t\t\t\twidth: 33%;\n\t\t\t}\n\t\t\t#gallery-1 img {\n\t\t\t\tborder: 2px solid #cfcfcf;\n\t\t\t}\n\t\t\t#gallery-1 .gallery-caption {\n\t\t\t\tmargin-left: 0;\n\t\t\t}\n\t\t\t\/* see gallery_shortcode() in wp-includes\/media.php *\/\n\t\t<\/style>\n\t\t<div id='gallery-1' class='gallery galleryid-8560 gallery-columns-3 gallery-size-thumbnail'><dl class='gallery-item'>\n\t\t\t<dt class='gallery-icon portrait'>\n\t\t\t\t<a href='https:\/\/farmleigh.ie\/ga\/agriculture\/3-donkeys-at-farmleigh-opw\/'><img loading=\"lazy\" decoding=\"async\" width=\"150\" height=\"150\" src=\"https:\/\/farmleigh.ie\/wp-content\/uploads\/2017\/10\/3-Donkeys-at-Farmleigh.-OPW-150x150.jpg\" class=\"attachment-thumbnail size-thumbnail\" alt=\"Donkey at Farmleigh Estate\" aria-describedby=\"gallery-1-1803\" \/><\/a>\n\t\t\t<\/dt>\n\t\t\t\t<dd class='wp-caption-text gallery-caption' id='gallery-1-1803'>\n\t\t\t\tDonkeys at Farmleigh. OPW\n\t\t\t\t<\/dd><\/dl><dl class='gallery-item'>\n\t\t\t<dt class='gallery-icon landscape'>\n\t\t\t\t<a href='https:\/\/farmleigh.ie\/ga\/agriculture\/2-donkeys-at-farmleigh-opw\/'><img loading=\"lazy\" decoding=\"async\" width=\"150\" height=\"150\" src=\"https:\/\/farmleigh.ie\/wp-content\/uploads\/2017\/10\/2-Donkeys-at-Farmleigh.-OPW-150x150.jpg\" class=\"attachment-thumbnail size-thumbnail\" alt=\"\" aria-describedby=\"gallery-1-1804\" \/><\/a>\n\t\t\t<\/dt>\n\t\t\t\t<dd class='wp-caption-text gallery-caption' id='gallery-1-1804'>\n\t\t\t\tDonkeys at Farmleigh. OPW\n\t\t\t\t<\/dd><\/dl><dl class='gallery-item'>\n\t\t\t<dt class='gallery-icon landscape'>\n\t\t\t\t<a href='https:\/\/farmleigh.ie\/ga\/agriculture\/donkeys-at-farmleigh-opw\/'><img loading=\"lazy\" decoding=\"async\" width=\"150\" height=\"150\" src=\"https:\/\/farmleigh.ie\/wp-content\/uploads\/2017\/10\/Donkeys-at-Farmleigh.-OPW-150x150.jpg\" class=\"attachment-thumbnail size-thumbnail\" alt=\"\" aria-describedby=\"gallery-1-1805\" \/><\/a>\n\t\t\t<\/dt>\n\t\t\t\t<dd class='wp-caption-text gallery-caption' id='gallery-1-1805'>\n\t\t\t\tDonkeys at Farmleigh. OPW\n\t\t\t\t<\/dd><\/dl><br style=\"clear: both\" \/><dl class='gallery-item'>\n\t\t\t<dt class='gallery-icon landscape'>\n\t\t\t\t<a href='https:\/\/farmleigh.ie\/ga\/horses-at-farmleigh-opw-2\/'><img loading=\"lazy\" decoding=\"async\" width=\"150\" height=\"150\" src=\"https:\/\/farmleigh.ie\/wp-content\/uploads\/2017\/10\/Horses-at-Farmleigh.-OPW-150x150.png\" class=\"attachment-thumbnail size-thumbnail\" alt=\"\" aria-describedby=\"gallery-1-1205\" \/><\/a>\n\t\t\t<\/dt>\n\t\t\t\t<dd class='wp-caption-text gallery-caption' id='gallery-1-1205'>\n\t\t\t\tHorses at Farmleigh. OPW\n\t\t\t\t<\/dd><\/dl><dl class='gallery-item'>\n\t\t\t<dt class='gallery-icon landscape'>\n\t\t\t\t<a href='https:\/\/farmleigh.ie\/ga\/horses-at-farmleigh-opw\/'><img loading=\"lazy\" decoding=\"async\" width=\"150\" height=\"150\" src=\"https:\/\/farmleigh.ie\/wp-content\/uploads\/2017\/10\/Horses-at-Farmleigh.-OPW-150x150.jpg\" class=\"attachment-thumbnail size-thumbnail\" alt=\"\" aria-describedby=\"gallery-1-1048\" \/><\/a>\n\t\t\t<\/dt>\n\t\t\t\t<dd class='wp-caption-text gallery-caption' id='gallery-1-1048'>\n\t\t\t\tHorses at Farmleigh. OPW\n\t\t\t\t<\/dd><\/dl><dl class='gallery-item'>\n\t\t\t<dt class='gallery-icon landscape'>\n\t\t\t\t<a href='https:\/\/farmleigh.ie\/ga\/agriculture\/horses-at-farmleigh-in-may-2016-opw\/'><img loading=\"lazy\" decoding=\"async\" width=\"150\" height=\"150\" src=\"https:\/\/farmleigh.ie\/wp-content\/uploads\/2017\/10\/Horses-at-Farmleigh-in-May-2016.-OPW-150x150.jpg\" class=\"attachment-thumbnail size-thumbnail\" alt=\"\" aria-describedby=\"gallery-1-1807\" \/><\/a>\n\t\t\t<\/dt>\n\t\t\t\t<dd class='wp-caption-text gallery-caption' id='gallery-1-1807'>\n\t\t\t\tHorses at Farmleigh in May 2016. OPW\n\t\t\t\t<\/dd><\/dl><br style=\"clear: both\" \/>\n\t\t<\/div>\n\n<p>[\/et_pb_text][\/et_pb_column][\/et_pb_row][\/et_pb_section][et_pb_section fb_built=&#8221;1&#8243; _builder_version=&#8221;4.17.4&#8243; background_color=&#8221;#f2f8f7&#8243; global_colors_info=&#8221;{}&#8221;][et_pb_row _builder_version=&#8221;4.16&#8243; background_size=&#8221;initial&#8221; background_position=&#8221;top_left&#8221; background_repeat=&#8221;repeat&#8221; global_colors_info=&#8221;{}&#8221;][et_pb_column type=&#8221;4_4&#8243; _builder_version=&#8221;4.16&#8243; custom_padding=&#8221;|||&#8221; global_colors_info=&#8221;{}&#8221; custom_padding__hover=&#8221;|||&#8221;][et_pb_text admin_label=&#8221;The Kerry Cows&#8230; Text&#8221; _builder_version=&#8221;4.19.4&#8243; module_alignment=&#8221;left&#8221; global_colors_info=&#8221;{}&#8221;]<\/p>\n<h3>B\u00f3 Chiarra\u00ed in East\u00e1t Farmleigh<\/h3>\n<p>Ar feadh lear blianta, shamhla\u00edt\u00ed East\u00e1t Farmleigh agus p\u00f3r eallaigh an Charolais. Nuair a ghlac an St\u00e1t \u00fain\u00e9ireacht ar East\u00e1t Farmleigh, leanadh den traidisi\u00fan arb \u00e9 at\u00e1 ann eallach a choinne\u00e1il ann. Comhaonta\u00edodh gur ph\u00f3r foirfe a bheadh i mB\u00f3 Chiarra\u00ed, ar p\u00f3r d\u00fachasach \u00e9. Aithn\u00edtear go fairsing gurb \u00e9 B\u00f3 Chiarra\u00ed p\u00f3r d\u00fachasach uath\u00fail eallaigh na h\u00c9ireann. T\u00e1 s\u00e9 ar cheann de na p\u00f3rtha is sine san Eoraip, agus bh\u00edodh s\u00e9 ar an bp\u00f3r ba choitianta in \u00c9irinn go dt\u00ed deireadh an ocht\u00fa haois d\u00e9ag, a bheag n\u00f3 a mh\u00f3r. Sna 1980\u00ed, bh\u00ed an p\u00f3r i mbaol a dh\u00edothaithe. Is ionann \u00e9 agus cuid d\u00e1r n-oidhreacht chult\u00fartha. Thar na c\u00e9adta blianta, t\u00e1 s\u00e9 ar an toradh ar roghn\u00fa an duine agus ar roghn\u00fa n\u00e1d\u00fartha faoi dh\u00e1la\u00ed doil\u00ed crua timpeallachta. P\u00f3r ann f\u00e9in is ea B\u00f3 Chiarra\u00ed. Is p\u00f3r \u00e9 a thug an feirmeoir \u00c9ireannach sl\u00e1n s\u00e1bh\u00e1ilte amach as an gcruatan ar\u00eds is ar\u00eds eile. T\u00e1 s\u00e9 de chumas aige maireacht\u00e1il ar thalamh imeallaithe, chun laonna a bhreith gan deacracht agus chun an geimhreadh a chaitheamh amuigh faoin sp\u00e9ir go sona.<\/p>\n<p>Dar le suirbh\u00e9 a rinneadh sa bhliain 1998, b\u2019ann do 135 ph\u00f3r in \u00c9irinn, b\u2019ann do 22 ph\u00f3r i Sasana, b\u2019ann do sheacht bp\u00f3r in Albain agus b\u2019ann do dh\u00e1 ph\u00f3r sa Bhreatain Bheag. Fuair East\u00e1t Farmleigh a thr\u00e9ad \u00f3 Theach Mhucrois i gCill Airne. Nuair a chuaigh Arthur Rose Vincent chun c\u00f3na\u00ed i Mucros sa bhliain 1910, thug s\u00e9 faoi thr\u00e9ad eallach Chiarra\u00ed a bhun\u00fa. Ba \u00e9 a \u00faill\u00edn \u00f3ir \u00e9. Rinne Angus McLeod, Albanach, an tr\u00e9ad a sti\u00faradh agus a mhaoirsi\u00fa.<\/p>\n<p>I m\u00ed an Mh\u00e1rta 2002, thosaigh East\u00e1t Farmleigh ag t\u00f3g\u00e1il thr\u00e9ad eallach Chiarra\u00ed, agus shol\u00e1thair Teach Mhucrois dh\u00e1 bh\u00f3 dh\u00e9ag ar an gc\u00e9ad dul s\u00edos. Rugadh an ch\u00e9ad lao d\u00e1r gcuid ar an ocht\u00fa l\u00e1 de mh\u00ed Ean\u00e1ir 2003. Is iontach an radharc iad Ba Chiarra\u00ed, agus fionnadh dubh lonrach agus adharca iontacha orthu. Is f\u00e9idir le cuairteoir\u00ed an tr\u00e9ad a fheice\u00e1il \u00f3 na cos\u00e1in timpeall na dtailte.<\/p>\n\n\t\t<style type=\"text\/css\">\n\t\t\t#gallery-2 {\n\t\t\t\tmargin: auto;\n\t\t\t}\n\t\t\t#gallery-2 .gallery-item {\n\t\t\t\tfloat: left;\n\t\t\t\tmargin-top: 10px;\n\t\t\t\ttext-align: center;\n\t\t\t\twidth: 33%;\n\t\t\t}\n\t\t\t#gallery-2 img {\n\t\t\t\tborder: 2px solid #cfcfcf;\n\t\t\t}\n\t\t\t#gallery-2 .gallery-caption {\n\t\t\t\tmargin-left: 0;\n\t\t\t}\n\t\t\t\/* see gallery_shortcode() in wp-includes\/media.php *\/\n\t\t<\/style>\n\t\t<div id='gallery-2' class='gallery galleryid-8560 gallery-columns-3 gallery-size-thumbnail'><dl class='gallery-item'>\n\t\t\t<dt class='gallery-icon landscape'>\n\t\t\t\t<a href='https:\/\/farmleigh.ie\/ga\/agriculture\/kerry-cattle-at-farmleigh-opw\/'><img loading=\"lazy\" decoding=\"async\" width=\"150\" height=\"150\" src=\"https:\/\/farmleigh.ie\/wp-content\/uploads\/2017\/10\/Kerry-Cattle-at-Farmleigh.-OPW-150x150.png\" class=\"attachment-thumbnail size-thumbnail\" alt=\"\" aria-describedby=\"gallery-2-1806\" \/><\/a>\n\t\t\t<\/dt>\n\t\t\t\t<dd class='wp-caption-text gallery-caption' id='gallery-2-1806'>\n\t\t\t\tKerry Cattle at Farmleigh. OPW\n\t\t\t\t<\/dd><\/dl><dl class='gallery-item'>\n\t\t\t<dt class='gallery-icon portrait'>\n\t\t\t\t<a href='https:\/\/farmleigh.ie\/ga\/home\/bulls-at-farmleigh-opw-png\/'><img loading=\"lazy\" decoding=\"async\" width=\"150\" height=\"150\" src=\"https:\/\/farmleigh.ie\/wp-content\/uploads\/2017\/08\/Bulls-at-Farmleigh.-OPW.png-150x150.jpg\" class=\"attachment-thumbnail size-thumbnail\" alt=\"Black Kerry Cattle in field at Farmleigh Estate\" aria-describedby=\"gallery-2-1715\" srcset=\"https:\/\/farmleigh.ie\/wp-content\/uploads\/2017\/08\/Bulls-at-Farmleigh.-OPW.png-150x150.jpg 150w, https:\/\/farmleigh.ie\/wp-content\/uploads\/2017\/08\/Bulls-at-Farmleigh.-OPW.png-300x300.jpg 300w, https:\/\/farmleigh.ie\/wp-content\/uploads\/2017\/08\/Bulls-at-Farmleigh.-OPW.png.jpg 614w\" sizes=\"(max-width: 150px) 100vw, 150px\" \/><\/a>\n\t\t\t<\/dt>\n\t\t\t\t<dd class='wp-caption-text gallery-caption' id='gallery-2-1715'>\n\t\t\t\tKerry Cattle at Farmleigh. OPW\n\t\t\t\t<\/dd><\/dl>\n\t\t\t<br style='clear: both' \/>\n\t\t<\/div>\n\n<p>[\/et_pb_text][\/et_pb_column][\/et_pb_row][\/et_pb_section][et_pb_section fb_built=&#8221;1&#8243; _builder_version=&#8221;4.18.0&#8243; background_enable_color=&#8221;off&#8221; global_colors_info=&#8221;{}&#8221;][et_pb_row _builder_version=&#8221;4.18.0&#8243; _module_preset=&#8221;default&#8221; global_colors_info=&#8221;{}&#8221;][et_pb_column type=&#8221;4_4&#8243; _builder_version=&#8221;4.18.0&#8243; _module_preset=&#8221;default&#8221; global_colors_info=&#8221;{}&#8221;][et_pb_text admin_label=&#8221;Galway sheep&#8221; _builder_version=&#8221;4.27.4&#8243; _module_preset=&#8221;default&#8221; link_font=&#8221;|600|||||||&#8221; link_text_color=&#8221;#61b533&#8243; hover_enabled=&#8221;0&#8243; global_colors_info=&#8221;{}&#8221; sticky_enabled=&#8221;0&#8243;]<\/p>\n<h3>Caora na Gaillimhe \u2013 an p\u00f3r d\u00fachasach caorach aonair at\u00e1 ag \u00c9irinn<\/h3>\n<p>T\u00e1 r\u00edm\u00e9ad orainn f\u00e1ilte a chur roimh cheithre cinn de Chaora na Gaillimhe chuig East\u00e1t Farmleigh. Anuas ar Eallach Chiarra\u00ed, is p\u00f3r d\u00fachasach annamh eile \u00e9 sin in East\u00e1t Farmleigh. Gabhtar bu\u00edochas ollmh\u00f3r le Carmel, Jerry agus Shauna \u00f3 Chumann Chaora na Gaillimhe as a chinnti\u00fa go socr\u00f3dh siad isteach san east\u00e1t go r\u00e9idh!<\/p>\n<p>Is iond\u00fail a bh\u00edonn dath geal ar chaora na Gaillimhe agus nach mb\u00edonn adharca orthu. T\u00e1 c\u00e1il orthu as a m\u00e9id, as a somh\u00fainteacht agus as c\u00e1il\u00edocht a lomra olla. Faigh amach <a href=\"https:\/\/inrbs.ie\/galway-sheep\/\"><strong>anseo<\/strong><\/a> na saintr\u00e9ithe eile at\u00e1 acu.<\/p>\n\n\t\t<style type=\"text\/css\">\n\t\t\t#gallery-3 {\n\t\t\t\tmargin: auto;\n\t\t\t}\n\t\t\t#gallery-3 .gallery-item {\n\t\t\t\tfloat: left;\n\t\t\t\tmargin-top: 10px;\n\t\t\t\ttext-align: center;\n\t\t\t\twidth: 50%;\n\t\t\t}\n\t\t\t#gallery-3 img {\n\t\t\t\tborder: 2px solid #cfcfcf;\n\t\t\t}\n\t\t\t#gallery-3 .gallery-caption {\n\t\t\t\tmargin-left: 0;\n\t\t\t}\n\t\t\t\/* see gallery_shortcode() in wp-includes\/media.php *\/\n\t\t<\/style>\n\t\t<div id='gallery-3' class='gallery galleryid-8560 gallery-columns-2 gallery-size-thumbnail'><dl class='gallery-item'>\n\t\t\t<dt class='gallery-icon landscape'>\n\t\t\t\t<a href='https:\/\/farmleigh.ie\/ga\/agriculture\/c\/'><img loading=\"lazy\" decoding=\"async\" width=\"150\" height=\"150\" src=\"https:\/\/farmleigh.ie\/wp-content\/uploads\/2022\/08\/C-150x150.jpg\" class=\"attachment-thumbnail size-thumbnail\" alt=\"Galway sheep with Carmel, Jerry and Shauna from the Galway Sheep Society\" \/><\/a>\n\t\t\t<\/dt><\/dl><dl class='gallery-item'>\n\t\t\t<dt class='gallery-icon landscape'>\n\t\t\t\t<a href='https:\/\/farmleigh.ie\/ga\/agriculture\/b\/'><img loading=\"lazy\" decoding=\"async\" width=\"150\" height=\"150\" src=\"https:\/\/farmleigh.ie\/wp-content\/uploads\/2022\/08\/B-150x150.jpg\" class=\"attachment-thumbnail size-thumbnail\" alt=\"Four white Galway Sheep in field at Farmleigh\" \/><\/a>\n\t\t\t<\/dt><\/dl><br style=\"clear: both\" \/>\n\t\t<\/div>\n\n<p>&nbsp;<\/p>\n<p>[\/et_pb_text][\/et_pb_column][\/et_pb_row][\/et_pb_section][et_pb_section fb_built=&#8221;1&#8243; fullwidth=&#8221;on&#8221; _builder_version=&#8221;4.16&#8243; global_colors_info=&#8221;{}&#8221;][et_pb_fullwidth_image src=&#8221;http:\/\/farmleigh.ie\/wp-content\/uploads\/2017\/10\/Horses-in-the-meadow-at-Farmleigh.-OPW.png&#8221; _builder_version=&#8221;4.16&#8243; animation_direction=&#8221;off&#8221; animation=&#8221;off&#8221; global_colors_info=&#8221;{}&#8221;][\/et_pb_fullwidth_image][\/et_pb_section]<\/p>\n","protected":false},"excerpt":{"rendered":"<p>T\u00e1 East\u00e1t Farmleigh ocht n-acra is seacht\u00f3 ar achar. Lasmuigh den teach agus de na gaird\u00edn\u00ed pl\u00e9isi\u00fair, is feirm ghn\u00f3thach oibre \u00e9 East\u00e1t Farmleigh. T\u00e1 capaill, asail agus ba ann. [&hellip;]<\/p>\n","protected":false},"author":1,"featured_media":0,"parent":0,"menu_order":0,"comment_status":"closed","ping_status":"closed","template":"","meta":{"_et_pb_use_builder":"on","_et_pb_old_content":"","_et_gb_content_width":"","footnotes":""},"class_list":["post-8560","page","type-page","status-publish","hentry"],"_links":{"self":[{"href":"https:\/\/farmleigh.ie\/ga\/wp-json\/wp\/v2\/pages\/8560","targetHints":{"allow":["GET"]}}],"collection":[{"href":"https:\/\/farmleigh.ie\/ga\/wp-json\/wp\/v2\/pages"}],"about":[{"href":"https:\/\/farmleigh.ie\/ga\/wp-json\/wp\/v2\/types\/page"}],"author":[{"embeddable":true,"href":"https:\/\/farmleigh.ie\/ga\/wp-json\/wp\/v2\/users\/1"}],"replies":[{"embeddable":true,"href":"https:\/\/farmleigh.ie\/ga\/wp-json\/wp\/v2\/comments?post=8560"}],"version-history":[{"count":3,"href":"https:\/\/farmleigh.ie\/ga\/wp-json\/wp\/v2\/pages\/8560\/revisions"}],"predecessor-version":[{"id":11324,"href":"https:\/\/farmleigh.ie\/ga\/wp-json\/wp\/v2\/pages\/8560\/revisions\/11324"}],"wp:attachment":[{"href":"https:\/\/farmleigh.ie\/ga\/wp-json\/wp\/v2\/media?parent=8560"}],"curies":[{"name":"wp","href":"https:\/\/api.w.org\/{rel}","templated":true}]}}