{"id":8552,"date":"2023-01-25T13:12:04","date_gmt":"2023-01-25T13:12:04","guid":{"rendered":"https:\/\/farmleigh.ie\/inrochtaineacht\/"},"modified":"2023-01-25T13:12:58","modified_gmt":"2023-01-25T13:12:58","slug":"inrochtaineacht","status":"publish","type":"page","link":"https:\/\/farmleigh.ie\/ga\/inrochtaineacht\/","title":{"rendered":"INROCHTAINEACHT"},"content":{"rendered":"<p>[et_pb_section fb_built=&#8221;1&#8243; fullwidth=&#8221;on&#8221; _builder_version=&#8221;4.16&#8243; background_image=&#8221;https:\/\/farmleigh.ie\/wp-content\/uploads\/2017\/08\/RDP_20140910_00294.jpg&#8221; global_colors_info=&#8221;{}&#8221;][et_pb_fullwidth_header title=&#8221;Inrochtaineacht&#8221; text_orientation=&#8221;center&#8221; header_fullscreen=&#8221;on&#8221; header_scroll_down=&#8221;on&#8221; scroll_down_icon=&#8221;%%0%%&#8221; scroll_down_icon_size=&#8221;25px&#8221; background_overlay_color=&#8221;rgba(0,0,0,0.33)&#8221; content_max_width=&#8221;none&#8221; _builder_version=&#8221;4.16&#8243; title_font_size=&#8221;50px&#8221; subhead_font_size=&#8221;23px&#8221; background_color=&#8221;rgba(255, 255, 255, 0)&#8221; background_image=&#8221;http:\/\/ds2.opw.ie\/wp-content\/uploads\/2017\/10\/The-Entrance-Hall-and-Staircase-at-Farmleigh.-OPW.jpg&#8221; button_one_letter_spacing_hover=&#8221;0&#8243; button_two_letter_spacing_hover=&#8221;0&#8243; global_colors_info=&#8221;{}&#8221; button_one_text_size__hover_enabled=&#8221;off&#8221; button_one_text_size__hover=&#8221;null&#8221; button_two_text_size__hover_enabled=&#8221;off&#8221; button_two_text_size__hover=&#8221;null&#8221; button_one_text_color__hover_enabled=&#8221;off&#8221; button_one_text_color__hover=&#8221;null&#8221; button_two_text_color__hover_enabled=&#8221;off&#8221; button_two_text_color__hover=&#8221;null&#8221; button_one_border_width__hover_enabled=&#8221;off&#8221; button_one_border_width__hover=&#8221;null&#8221; button_two_border_width__hover_enabled=&#8221;off&#8221; button_two_border_width__hover=&#8221;null&#8221; button_one_border_color__hover_enabled=&#8221;off&#8221; button_one_border_color__hover=&#8221;null&#8221; button_two_border_color__hover_enabled=&#8221;off&#8221; button_two_border_color__hover=&#8221;null&#8221; button_one_border_radius__hover_enabled=&#8221;off&#8221; button_one_border_radius__hover=&#8221;null&#8221; button_two_border_radius__hover_enabled=&#8221;off&#8221; button_two_border_radius__hover=&#8221;null&#8221; button_one_letter_spacing__hover_enabled=&#8221;on&#8221; button_one_letter_spacing__hover=&#8221;0&#8243; button_two_letter_spacing__hover_enabled=&#8221;on&#8221; button_two_letter_spacing__hover=&#8221;0&#8243; button_one_bg_color__hover_enabled=&#8221;off&#8221; button_one_bg_color__hover=&#8221;null&#8221; button_two_bg_color__hover_enabled=&#8221;off&#8221; button_two_bg_color__hover=&#8221;null&#8221;][\/et_pb_fullwidth_header][\/et_pb_section][et_pb_section fb_built=&#8221;1&#8243; module_id=&#8221;entrancehall&#8221; _builder_version=&#8221;4.16&#8243; global_colors_info=&#8221;{}&#8221;][et_pb_row _builder_version=&#8221;4.16&#8243; background_size=&#8221;initial&#8221; background_position=&#8221;top_left&#8221; background_repeat=&#8221;repeat&#8221; global_colors_info=&#8221;{}&#8221;][et_pb_column type=&#8221;4_4&#8243; _builder_version=&#8221;4.16&#8243; custom_padding=&#8221;|||&#8221; global_colors_info=&#8221;{}&#8221; custom_padding__hover=&#8221;|||&#8221;][et_pb_text admin_label=&#8221;Accessibility&#8221; _builder_version=&#8221;4.16&#8243; module_alignment=&#8221;left&#8221; border_style=&#8221;solid&#8221; global_colors_info=&#8221;{}&#8221;]<\/p>\n<p>Cuireann Teach agus East\u00e1t Farmleigh f\u00e1ilte roimh gach cuairteoir. T\u00e1imid tiomanta d\u2019East\u00e1t Farmleigh a dh\u00e9anamh chomh hinrochtana agus is f\u00e9idir agus f\u00e9achaimid le l\u00e1 amach taitneamhach a shol\u00e1thar do gach duine.<\/p>\n<p>Tairgeann Oifig na nOibreacha Poibl\u00ed cead isteach saor in aisce i dTeach Farmleigh do dhaoine a bhfuil m\u00edchumas orthu agus d\u00e1 gc\u00faram\u00f3ir\u00ed. Is f\u00e9idir na tic\u00e9id dea-mh\u00e9ine sin do chuairteoir\u00ed agus c\u00faram\u00f3ir\u00ed a fh\u00e1il ag deasc f\u00e1iltithe Theach na nGluaiste\u00e1n sa chl\u00f3s ar l\u00e1 do chuairte. Is f\u00e9idir iad a chur in \u00e1irithe tr\u00ed theagmh\u00e1il a dh\u00e9anamh linn roimh r\u00e9 freisin.<\/p>\n<p>T\u00e1 bunurl\u00e1r Theach Farmleigh l\u00e1n-inrochtana d\u2019\u00fas\u00e1ideoir\u00ed cathaoir rotha\u00ed. D\u00e9anfaidh an treora\u00ed de chuid Oifig na nOibreacha Poibl\u00ed th\u00fa a thionlacan chuig an mbealach isteach at\u00e1 inrochtana ag cathaoireacha rotha\u00ed roimh do chuairt agus chuig an mbealach amach at\u00e1 inrochtana ag cathaoireacha rotha\u00ed tar \u00e9is do chuairte.<\/p>\n<p>[\/et_pb_text][\/et_pb_column][\/et_pb_row][et_pb_row _builder_version=&#8221;4.16&#8243; background_size=&#8221;initial&#8221; background_position=&#8221;top_left&#8221; background_repeat=&#8221;repeat&#8221; global_colors_info=&#8221;{}&#8221;][et_pb_column type=&#8221;4_4&#8243; _builder_version=&#8221;4.16&#8243; custom_padding=&#8221;|||&#8221; global_colors_info=&#8221;{}&#8221; custom_padding__hover=&#8221;|||&#8221;][et_pb_text admin_label=&#8221;guide dogs&#8221; _builder_version=&#8221;4.16&#8243; vertical_offset_tablet=&#8221;0&#8243; horizontal_offset_tablet=&#8221;0&#8243; module_alignment=&#8221;left&#8221; z_index_tablet=&#8221;0&#8243; text_text_shadow_horizontal_length_tablet=&#8221;0px&#8221; text_text_shadow_vertical_length_tablet=&#8221;0px&#8221; text_text_shadow_blur_strength_tablet=&#8221;1px&#8221; link_text_shadow_horizontal_length_tablet=&#8221;0px&#8221; link_text_shadow_vertical_length_tablet=&#8221;0px&#8221; link_text_shadow_blur_strength_tablet=&#8221;1px&#8221; ul_text_shadow_horizontal_length_tablet=&#8221;0px&#8221; ul_text_shadow_vertical_length_tablet=&#8221;0px&#8221; ul_text_shadow_blur_strength_tablet=&#8221;1px&#8221; ol_text_shadow_horizontal_length_tablet=&#8221;0px&#8221; ol_text_shadow_vertical_length_tablet=&#8221;0px&#8221; ol_text_shadow_blur_strength_tablet=&#8221;1px&#8221; quote_text_shadow_horizontal_length_tablet=&#8221;0px&#8221; quote_text_shadow_vertical_length_tablet=&#8221;0px&#8221; quote_text_shadow_blur_strength_tablet=&#8221;1px&#8221; header_text_shadow_horizontal_length_tablet=&#8221;0px&#8221; header_text_shadow_vertical_length_tablet=&#8221;0px&#8221; header_text_shadow_blur_strength_tablet=&#8221;1px&#8221; header_2_text_shadow_horizontal_length_tablet=&#8221;0px&#8221; header_2_text_shadow_vertical_length_tablet=&#8221;0px&#8221; header_2_text_shadow_blur_strength_tablet=&#8221;1px&#8221; header_3_text_shadow_horizontal_length_tablet=&#8221;0px&#8221; header_3_text_shadow_vertical_length_tablet=&#8221;0px&#8221; header_3_text_shadow_blur_strength_tablet=&#8221;1px&#8221; header_4_text_shadow_horizontal_length_tablet=&#8221;0px&#8221; header_4_text_shadow_vertical_length_tablet=&#8221;0px&#8221; header_4_text_shadow_blur_strength_tablet=&#8221;1px&#8221; header_5_text_shadow_horizontal_length_tablet=&#8221;0px&#8221; header_5_text_shadow_vertical_length_tablet=&#8221;0px&#8221; header_5_text_shadow_blur_strength_tablet=&#8221;1px&#8221; header_6_text_shadow_horizontal_length_tablet=&#8221;0px&#8221; header_6_text_shadow_vertical_length_tablet=&#8221;0px&#8221; header_6_text_shadow_blur_strength_tablet=&#8221;1px&#8221; box_shadow_horizontal_tablet=&#8221;0px&#8221; box_shadow_vertical_tablet=&#8221;0px&#8221; box_shadow_blur_tablet=&#8221;40px&#8221; box_shadow_spread_tablet=&#8221;0px&#8221; global_colors_info=&#8221;{}&#8221;]<\/p>\n<h3>Madra\u00ed Treorach<\/h3>\n<p>Cuirtear f\u00e1ilte roimh gach madra treorach, cuidithe n\u00f3 seirbh\u00edse aitheanta \u2013 lena n-\u00e1ir\u00edtear madra\u00ed cuidithe at\u00e1 faoi oili\u00faint \u2013 ag East\u00e1t Farmleigh, agus ceada\u00edtear d\u00f3ibh a n-\u00fain\u00e9ir a thionlacan le linn turais ar an teach.<\/p>\n<p>[\/et_pb_text][\/et_pb_column][\/et_pb_row][et_pb_row _builder_version=&#8221;4.16&#8243; background_size=&#8221;initial&#8221; background_position=&#8221;top_left&#8221; background_repeat=&#8221;repeat&#8221; global_colors_info=&#8221;{}&#8221;][et_pb_column type=&#8221;4_4&#8243; _builder_version=&#8221;4.16&#8243; custom_padding=&#8221;|||&#8221; global_colors_info=&#8221;{}&#8221; custom_padding__hover=&#8221;|||&#8221;][et_pb_text admin_label=&#8221;ISL&#8221; _builder_version=&#8221;4.16&#8243; module_alignment=&#8221;left&#8221; border_style=&#8221;solid&#8221; global_colors_info=&#8221;{}&#8221;]<\/p>\n<h3>Teanga Chomhartha\u00edochta na h\u00c9ireann<\/h3>\n<p>D\u00e9an teagmh\u00e1il linn roimh r\u00e9 m\u00e1s rud \u00e9 go dteast\u00f3idh ateangaireacht Theanga Chomhartha\u00edochta na h\u00c9ireann uait le linn do thurais.<\/p>\n<p>[\/et_pb_text][\/et_pb_column][\/et_pb_row][et_pb_row _builder_version=&#8221;4.16&#8243; background_size=&#8221;initial&#8221; background_position=&#8221;top_left&#8221; background_repeat=&#8221;repeat&#8221; global_colors_info=&#8221;{}&#8221;][et_pb_column type=&#8221;4_4&#8243; _builder_version=&#8221;4.16&#8243; custom_padding=&#8221;|||&#8221; global_colors_info=&#8221;{}&#8221; custom_padding__hover=&#8221;|||&#8221;][et_pb_text admin_label=&#8221;Toilets&#8221; _builder_version=&#8221;4.16&#8243; module_alignment=&#8221;left&#8221; border_style=&#8221;solid&#8221; global_colors_info=&#8221;{}&#8221;]<\/p>\n<h3>Leithris<\/h3>\n<p>T\u00e1 leithris do chuairteoir\u00ed suite sa chl\u00f3s, lena n-\u00e1ir\u00edtear leithreas at\u00e1 inrochtana ag cathaoireacha rotha\u00ed. T\u00e1 leithreas at\u00e1 inrochtana ag cathaoireacha rotha\u00ed suite ag Caif\u00e9 an T\u00ed B\u00e1d freisin.<\/p>\n<p>[\/et_pb_text][\/et_pb_column][\/et_pb_row][et_pb_row _builder_version=&#8221;4.16&#8243; background_size=&#8221;initial&#8221; background_position=&#8221;top_left&#8221; background_repeat=&#8221;repeat&#8221; global_colors_info=&#8221;{}&#8221;][et_pb_column type=&#8221;4_4&#8243; _builder_version=&#8221;4.16&#8243; custom_padding=&#8221;|||&#8221; global_colors_info=&#8221;{}&#8221; custom_padding__hover=&#8221;|||&#8221;][et_pb_text admin_label=&#8221;boathouse&#8221; _builder_version=&#8221;4.16&#8243; module_alignment=&#8221;left&#8221; border_style=&#8221;solid&#8221; global_colors_info=&#8221;{}&#8221;]<\/p>\n<h3>Caif\u00e9 an T\u00ed B\u00e1d<\/h3>\n<p>T\u00e1 an caif\u00e9 seo suite ar leibh\u00e9al na tal\u00fan agus t\u00e1 s\u00e9 inrochtana ag cathaoireacha rotha\u00ed. T\u00e1 leithreas at\u00e1 inrochtana ag cathaoireacha rotha\u00ed suite ann.<\/p>\n<p>[\/et_pb_text][\/et_pb_column][\/et_pb_row][et_pb_row _builder_version=&#8221;4.16&#8243; background_size=&#8221;initial&#8221; background_position=&#8221;top_left&#8221; background_repeat=&#8221;repeat&#8221; global_colors_info=&#8221;{}&#8221;][et_pb_column type=&#8221;4_4&#8243; _builder_version=&#8221;4.16&#8243; custom_padding=&#8221;|||&#8221; global_colors_info=&#8221;{}&#8221; custom_padding__hover=&#8221;|||&#8221;][et_pb_text admin_label=&#8221;galleries&#8221; _builder_version=&#8221;4.16&#8243; module_alignment=&#8221;left&#8221; border_style=&#8221;solid&#8221; global_colors_info=&#8221;{}&#8221;]<\/p>\n<h3>Gailearaithe<\/h3>\n<p>T\u00e1 cead isteach saor in aisce ann do na taispe\u00e1ntais uile i nGaileara\u00ed Farmleigh. T\u00e1 an Gaileara\u00ed suite ar leibh\u00e9al na tal\u00fan, agus rochtain ioml\u00e1n ann do dhaoine faoi mh\u00edchumas. Agus \u00ed suite ar an aon leibh\u00e9al amh\u00e1in ar an taobh istigh, is f\u00e9idir Amharclann an Bh\u00f3ithigh a rochtain tr\u00ed rampa n\u00f3 tr\u00ed ch\u00e9imeanna.<\/p>\n<p>[\/et_pb_text][\/et_pb_column][\/et_pb_row][et_pb_row _builder_version=&#8221;4.16&#8243; background_size=&#8221;initial&#8221; background_position=&#8221;top_left&#8221; background_repeat=&#8221;repeat&#8221; global_colors_info=&#8221;{}&#8221;][et_pb_column type=&#8221;4_4&#8243; _builder_version=&#8221;4.16&#8243; custom_padding=&#8221;|||&#8221; global_colors_info=&#8221;{}&#8221; custom_padding__hover=&#8221;|||&#8221;][et_pb_text admin_label=&#8221;Gardens&#8221; _builder_version=&#8221;4.16&#8243; module_alignment=&#8221;left&#8221; border_style=&#8221;solid&#8221; global_colors_info=&#8221;{}&#8221;]<\/p>\n<h3>Gaird\u00edn\u00ed<\/h3>\n<p>T\u00e1 roinnt dromchla\u00ed \u00e9ags\u00fala ann ar na cos\u00e1in ar East\u00e1t Farmleigh. Mar gheall ar th\u00edr-raon n\u00e1d\u00fartha na dtailte, t\u00e1 c\u00e9imeanna\/f\u00e1na\u00ed ann ar cheann amh\u00e1in n\u00f3 dh\u00f3 de na cos\u00e1in, agus is f\u00e9idir go mbeidh siad sciorrach in aimsir fhliuch. Is tr\u00ed ch\u00e9imeanna a fhaightear rochtain ar na hard\u00e1in sa ghaird\u00edn sunc\u00e1ilte. D\u00e1 bhr\u00ed sin, n\u00edl siad oiri\u00fanach d\u2019\u00fas\u00e1ideoir\u00ed cathaoir rotha\u00ed.<\/p>\n<p>[\/et_pb_text][\/et_pb_column][\/et_pb_row][et_pb_row _builder_version=&#8221;4.16&#8243; background_size=&#8221;initial&#8221; background_position=&#8221;top_left&#8221; background_repeat=&#8221;repeat&#8221; global_colors_info=&#8221;{}&#8221;][et_pb_column type=&#8221;4_4&#8243; _builder_version=&#8221;4.16&#8243; custom_padding=&#8221;|||&#8221; global_colors_info=&#8221;{}&#8221; custom_padding__hover=&#8221;|||&#8221;][et_pb_text admin_label=&#8221;markets&#8221; _builder_version=&#8221;4.16&#8243; module_alignment=&#8221;left&#8221; border_style=&#8221;solid&#8221; global_colors_info=&#8221;{}&#8221;]<\/p>\n<h3>Marga\u00ed<\/h3>\n<p>T\u00e1 na marga\u00ed ar East\u00e1t Farmleigh suite lasmuigh, agus iad le f\u00e1il sa charrchl\u00f3s foirne at\u00e1 taobh thiar de na gailearaithe.<\/p>\n<p>[\/et_pb_text][\/et_pb_column][\/et_pb_row][et_pb_row _builder_version=&#8221;4.16&#8243; background_size=&#8221;initial&#8221; background_position=&#8221;top_left&#8221; background_repeat=&#8221;repeat&#8221; global_colors_info=&#8221;{}&#8221;][et_pb_column type=&#8221;4_4&#8243; _builder_version=&#8221;4.16&#8243; custom_padding=&#8221;|||&#8221; global_colors_info=&#8221;{}&#8221; custom_padding__hover=&#8221;|||&#8221;][et_pb_text admin_label=&#8221;parking&#8221; _builder_version=&#8221;4.16&#8243; module_alignment=&#8221;left&#8221; border_style=&#8221;solid&#8221; global_colors_info=&#8221;{}&#8221;]<\/p>\n<h3>P\u00e1irce\u00e1il do Dhaoine faoi Mh\u00edchumas<\/h3>\n<p>T\u00e1 naoi sp\u00e1s p\u00e1irce\u00e1la do dhaoine faoi mh\u00edchumas ann i gcarrchl\u00f3s East\u00e1t Farmleigh. T\u00e1 siad sin ar f\u00e1il ar bhonn \u2018t\u00fas freastail ar an gceann is t\u00faisce\u2019. T\u00e1 p\u00e1irce\u00e1il saor in aisce ar f\u00e1il do gach cuairteoir.<\/p>\n<p>&nbsp;<\/p>\n<h3>Bogadh idir an carrchl\u00f3s agus East\u00e1t Farmleigh\u00a0<\/h3>\n<p>T\u00f3gann s\u00e9 c\u00faig n\u00f3im\u00e9ad chun si\u00fal \u00f3n bpr\u00edomh-charrchl\u00f3s do chuairteoir\u00ed chuig East\u00e1t Farmleigh.<\/p>\n<p>[\/et_pb_text][\/et_pb_column][\/et_pb_row][et_pb_row _builder_version=&#8221;4.16&#8243; background_size=&#8221;initial&#8221; background_position=&#8221;top_left&#8221; background_repeat=&#8221;repeat&#8221; global_colors_info=&#8221;{}&#8221;][et_pb_column type=&#8221;4_4&#8243; _builder_version=&#8221;4.16&#8243; custom_padding=&#8221;|||&#8221; global_colors_info=&#8221;{}&#8221; custom_padding__hover=&#8221;|||&#8221;][et_pb_text admin_label=&#8221;signs&#8221; _builder_version=&#8221;4.16&#8243; module_alignment=&#8221;left&#8221; border_style=&#8221;solid&#8221; global_colors_info=&#8221;{}&#8221;]<\/p>\n<h3>Comhartha\u00ed\u00a0<\/h3>\n<p>T\u00e1 litreacha Braille ann ar na comhartha\u00ed ar fud East\u00e1t Farmleigh, agus l\u00e9arsc\u00e1il mh\u00f3rsc\u00e1la den east\u00e1t ar roinnt d\u00edobh.<\/p>\n<p>[\/et_pb_text][\/et_pb_column][\/et_pb_row][et_pb_row _builder_version=&#8221;4.16&#8243; _module_preset=&#8221;default&#8221; global_colors_info=&#8221;{}&#8221;][et_pb_column type=&#8221;4_4&#8243; _builder_version=&#8221;4.16&#8243; _module_preset=&#8221;default&#8221; global_colors_info=&#8221;{}&#8221;][et_pb_image src=&#8221;https:\/\/farmleigh.ie\/wp-content\/uploads\/2017\/10\/Map-of-Farmleigh.-OPW.jpg&#8221; alt=&#8221;l\u00e9arsc\u00e1il&#8221; title_text=&#8221;l\u00e9arsc\u00e1il&#8221; show_in_lightbox=&#8221;on&#8221; admin_label=&#8221;Farmleigh Estate Map Image&#8221; _builder_version=&#8221;4.17.3&#8243; _module_preset=&#8221;default&#8221; global_colors_info=&#8221;{}&#8221;][\/et_pb_image][\/et_pb_column][\/et_pb_row][et_pb_row _builder_version=&#8221;4.16&#8243; background_size=&#8221;initial&#8221; background_position=&#8221;top_left&#8221; background_repeat=&#8221;repeat&#8221; global_colors_info=&#8221;{}&#8221;][et_pb_column type=&#8221;4_4&#8243; _builder_version=&#8221;4.16&#8243; custom_padding=&#8221;|||&#8221; global_colors_info=&#8221;{}&#8221; custom_padding__hover=&#8221;|||&#8221;][et_pb_text admin_label=&#8221;social guide&#8221; _builder_version=&#8221;4.17.4&#8243; module_alignment=&#8221;left&#8221; hover_enabled=&#8221;0&#8243; border_style=&#8221;solid&#8221; global_colors_info=&#8221;{}&#8221; link_font=&#8221;|600|||||||&#8221; sticky_enabled=&#8221;0&#8243;]<\/p>\n<h3>Treoir Sh\u00f3isialta<\/h3>\n<p>Len\u00e1r dtreoir sh\u00f3isialta maidir le hEast\u00e1t Farmleigh, cabhr\u00f3far le cuairteoir\u00ed c\u00e9aduaire, le teaghlaigh agus le daoine a bhfuil m\u00edchumas forbartha n\u00f3 foghlama orthu ullmh\u00fa d\u00e1 gcuairt ar Theach agus East\u00e1t Farmleigh.<\/p>\n<p><a href=\"https:\/\/heritageireland.ie\/assets\/uploads\/2020\/11\/farmleigh-house-and-estate-social-guide.pdf\"><strong>\u00cdosl\u00f3d\u00e1il, priont\u00e1il agus l\u00e9igh \u00e1r dtreoir sh\u00f3isialta (PDF) maidir le cuairt a thabhairt ar East\u00e1t Farmleigh<\/strong><\/a>.<\/p>\n<p>[\/et_pb_text][\/et_pb_column][\/et_pb_row][et_pb_row _builder_version=&#8221;4.16&#8243; background_size=&#8221;initial&#8221; background_position=&#8221;top_left&#8221; background_repeat=&#8221;repeat&#8221; global_colors_info=&#8221;{}&#8221;][et_pb_column type=&#8221;4_4&#8243; _builder_version=&#8221;4.16&#8243; custom_padding=&#8221;|||&#8221; global_colors_info=&#8221;{}&#8221; custom_padding__hover=&#8221;|||&#8221;][et_pb_text admin_label=&#8221;contact us&#8221; _builder_version=&#8221;4.16&#8243; module_alignment=&#8221;left&#8221; border_style=&#8221;solid&#8221; global_colors_info=&#8221;{}&#8221;]<\/p>\n<h3>D\u00e9an teagmh\u00e1il linn<\/h3>\n<p>D\u00e9an teagmh\u00e1il linn tr\u00ed ghlao a chur ar 01 8155914 n\u00f3 tr\u00ed r\u00edomhphost a sheoladh chuig farmleighguides@opw.ie m\u00e1 t\u00e1 t\u00fa ag iarraidh tuilleadh faisn\u00e9ise a fh\u00e1il chun ullmh\u00fa do do chuairt n\u00f3 m\u00e1s f\u00e9idir linn c\u00fanamh a thabhairt ar aon bhealach.<\/p>\n<p>[\/et_pb_text][\/et_pb_column][\/et_pb_row][\/et_pb_section][et_pb_section fb_built=&#8221;1&#8243; fullwidth=&#8221;on&#8221; _builder_version=&#8221;4.17.3&#8243; _module_preset=&#8221;default&#8221; global_colors_info=&#8221;{}&#8221;][et_pb_fullwidth_image src=&#8221;https:\/\/farmleigh.ie\/wp-content\/uploads\/2017\/10\/Entrance-to-ticket-desk-at-Farmleigh.-OPW.jpg&#8221; alt=&#8221;Ramp entrance to Farmleigh House&#8221; title_text=&#8221;Entrance to basement at Farmleigh&#8221; _builder_version=&#8221;4.17.3&#8243; _module_preset=&#8221;default&#8221; global_colors_info=&#8221;{}&#8221;][\/et_pb_fullwidth_image][\/et_pb_section]<\/p>\n","protected":false},"excerpt":{"rendered":"<p>Cuireann Teach agus East\u00e1t Farmleigh f\u00e1ilte roimh gach cuairteoir. T\u00e1imid tiomanta d\u2019East\u00e1t Farmleigh a dh\u00e9anamh chomh hinrochtana agus is f\u00e9idir agus f\u00e9achaimid le l\u00e1 amach taitneamhach a shol\u00e1thar do gach [&hellip;]<\/p>\n","protected":false},"author":11,"featured_media":0,"parent":0,"menu_order":0,"comment_status":"closed","ping_status":"closed","template":"","meta":{"_et_pb_use_builder":"on","_et_pb_old_content":"","_et_gb_content_width":"","footnotes":""},"class_list":["post-8552","page","type-page","status-publish","hentry"],"_links":{"self":[{"href":"https:\/\/farmleigh.ie\/ga\/wp-json\/wp\/v2\/pages\/8552","targetHints":{"allow":["GET"]}}],"collection":[{"href":"https:\/\/farmleigh.ie\/ga\/wp-json\/wp\/v2\/pages"}],"about":[{"href":"https:\/\/farmleigh.ie\/ga\/wp-json\/wp\/v2\/types\/page"}],"author":[{"embeddable":true,"href":"https:\/\/farmleigh.ie\/ga\/wp-json\/wp\/v2\/users\/11"}],"replies":[{"embeddable":true,"href":"https:\/\/farmleigh.ie\/ga\/wp-json\/wp\/v2\/comments?post=8552"}],"version-history":[{"count":2,"href":"https:\/\/farmleigh.ie\/ga\/wp-json\/wp\/v2\/pages\/8552\/revisions"}],"predecessor-version":[{"id":8554,"href":"https:\/\/farmleigh.ie\/ga\/wp-json\/wp\/v2\/pages\/8552\/revisions\/8554"}],"wp:attachment":[{"href":"https:\/\/farmleigh.ie\/ga\/wp-json\/wp\/v2\/media?parent=8552"}],"curies":[{"name":"wp","href":"https:\/\/api.w.org\/{rel}","templated":true}]}}