{"id":8528,"date":"2023-01-25T12:06:03","date_gmt":"2023-01-25T12:06:03","guid":{"rendered":"https:\/\/farmleigh.ie\/rochtain\/"},"modified":"2023-01-25T12:06:03","modified_gmt":"2023-01-25T12:06:03","slug":"rochtain","status":"publish","type":"page","link":"https:\/\/farmleigh.ie\/ga\/rochtain\/","title":{"rendered":"ROCHTAIN"},"content":{"rendered":"<p>[et_pb_section fb_built=&#8221;1&#8243; fullwidth=&#8221;on&#8221; _builder_version=&#8221;4.16&#8243; background_image=&#8221;https:\/\/farmleigh.ie\/wp-content\/uploads\/2017\/10\/Curtain-detail-in-the-Library-at-Farmleigh.-OPW.jpg&#8221; global_colors_info=&#8221;{}&#8221;][et_pb_fullwidth_header title=&#8221;Baili\u00fach\u00e1n na Leabharlainne a Rochtain&#8221; subhead=&#8221;Rialacha Ceada Isteach&#8221; text_orientation=&#8221;center&#8221; header_fullscreen=&#8221;on&#8221; header_scroll_down=&#8221;on&#8221; scroll_down_icon_size=&#8221;25px&#8221; background_overlay_color=&#8221;rgba(0,0,0,0.33)&#8221; content_max_width=&#8221;none&#8221; _builder_version=&#8221;4.16&#8243; title_font_size=&#8221;50px&#8221; subhead_font_size=&#8221;23px&#8221; background_color=&#8221;rgba(255, 255, 255, 0)&#8221; background_image=&#8221;http:\/\/ds2.opw.ie\/wp-content\/uploads\/2017\/10\/Daniel-OConnell-letter-in-the-Library-at-Farmleigh.-OPW.jpg&#8221; button_one_letter_spacing_hover=&#8221;0&#8243; button_two_letter_spacing_hover=&#8221;0&#8243; global_colors_info=&#8221;{}&#8221; button_one_text_size__hover_enabled=&#8221;off&#8221; button_one_text_size__hover=&#8221;null&#8221; button_two_text_size__hover_enabled=&#8221;off&#8221; button_two_text_size__hover=&#8221;null&#8221; button_one_text_color__hover_enabled=&#8221;off&#8221; button_one_text_color__hover=&#8221;null&#8221; button_two_text_color__hover_enabled=&#8221;off&#8221; button_two_text_color__hover=&#8221;null&#8221; button_one_border_width__hover_enabled=&#8221;off&#8221; button_one_border_width__hover=&#8221;null&#8221; button_two_border_width__hover_enabled=&#8221;off&#8221; button_two_border_width__hover=&#8221;null&#8221; button_one_border_color__hover_enabled=&#8221;off&#8221; button_one_border_color__hover=&#8221;null&#8221; button_two_border_color__hover_enabled=&#8221;off&#8221; button_two_border_color__hover=&#8221;null&#8221; button_one_border_radius__hover_enabled=&#8221;off&#8221; button_one_border_radius__hover=&#8221;null&#8221; button_two_border_radius__hover_enabled=&#8221;off&#8221; button_two_border_radius__hover=&#8221;null&#8221; button_one_letter_spacing__hover_enabled=&#8221;on&#8221; button_one_letter_spacing__hover=&#8221;0&#8243; button_two_letter_spacing__hover_enabled=&#8221;on&#8221; button_two_letter_spacing__hover=&#8221;0&#8243; button_one_bg_color__hover_enabled=&#8221;off&#8221; button_one_bg_color__hover=&#8221;null&#8221; button_two_bg_color__hover_enabled=&#8221;off&#8221; button_two_bg_color__hover=&#8221;null&#8221;][\/et_pb_fullwidth_header][\/et_pb_section][et_pb_section fb_built=&#8221;1&#8243; _builder_version=&#8221;4.17.4&#8243; background_color=&#8221;#f2f8f7&#8243; global_colors_info=&#8221;{}&#8221;][et_pb_row column_structure=&#8221;1_2,1_2&#8243; _builder_version=&#8221;4.16&#8243; background_size=&#8221;initial&#8221; background_position=&#8221;top_left&#8221; background_repeat=&#8221;repeat&#8221; global_colors_info=&#8221;{}&#8221;][et_pb_column type=&#8221;1_2&#8243; _builder_version=&#8221;4.16&#8243; custom_padding=&#8221;|||&#8221; global_colors_info=&#8221;{}&#8221; custom_padding__hover=&#8221;|||&#8221;][et_pb_text admin_label=&#8221;Tours for the General Public Text&#8221; _builder_version=&#8221;4.16&#8243; module_alignment=&#8221;left&#8221; z_index_tablet=&#8221;500&#8243; global_colors_info=&#8221;{}&#8221;]<\/p>\n<h3>Turais don Phobal i gCoitinne<\/h3>\n<p>Is f\u00e9idir cuairt a thabhairt ar Leabharlann Benjamin U\u00edbh Eachach mar chuid de thuras treoraithe ar Theach Farmleigh. F\u00e9adfaidh gr\u00fapa\u00ed at\u00e1 comhdh\u00e9anta d\u2019fhiche duine ar a mh\u00e9ad iarratas a dh\u00e9anamh ar chuairt a thabhairt, a mbeadh turas ar Leabharlann Benjamin U\u00edbh Eachach ar \u00e1ireamh l\u00e9i. N\u00ed m\u00f3r cuairteanna den s\u00f3rt sin a eagr\u00fa roimh r\u00e9, \u00e1fach, tr\u00ed theagmh\u00e1il a dh\u00e9anamh le Leabharlanna\u00ed Oifig na nOibreacha Poibl\u00ed ach glao a chur ar +353 46 942 2286 n\u00f3 r\u00edomhphost a sheoladh chuig nuala.canny@opw.ie. N\u00ed fh\u00e9adfaidh cuairteoir\u00ed ach an Leabharlann a fheice\u00e1il le linn na cuairte sin agus n\u00ed fh\u00e9adfaidh siad ceann ar bith de na leabhair a l\u00e9amh.<\/p>\n<p>[\/et_pb_text][\/et_pb_column][et_pb_column type=&#8221;1_2&#8243; _builder_version=&#8221;4.16&#8243; custom_padding=&#8221;|||&#8221; global_colors_info=&#8221;{}&#8221; custom_padding__hover=&#8221;|||&#8221;][et_pb_text admin_label=&#8221;Researchers Text&#8221; _builder_version=&#8221;4.17.6&#8243; link_font=&#8221;|600|||||||&#8221; link_text_color=&#8221;#61b533&#8243; module_alignment=&#8221;left&#8221; z_index_tablet=&#8221;500&#8243; global_colors_info=&#8221;{}&#8221;]<\/p>\n<h3>Taighdeoir\u00ed<\/h3>\n<p>T\u00e1 Leabharlann Benjamin U\u00edbh Eachach ar oscailt d\u00e1 h\u00fas\u00e1id ag daoine l\u00e9inn a bhfuil na c\u00e1il\u00edochta\u00ed oiri\u00fanacha acu, ag mic l\u00e9inn tr\u00ed\u00fa leibh\u00e9al agus ag taighdeoir\u00ed neamhsple\u00e1cha. Is f\u00e9idir <a href=\"http:\/\/www.marshlibrary.ie\/catalogue\"><strong>amharc ar l\u00edne<\/strong><\/a> ar chatal\u00f3g leictreonach ioml\u00e1n den bhaili\u00fach\u00e1n tr\u00ed Leabharlann Marsh. Is f\u00e9idir iarratais ar thaighde a dh\u00e9anamh i Leabharlann Benjamin U\u00edbh Eachach a dh\u00e9anamh chuig Coime\u00e1da\u00ed Leabharlann Marsh. R\u00edomhphost:\u00a0<a href=\"mailto:reading.room@marshlibrary.ie\"><strong>reading.room@marshlibrary.ie<\/strong><\/a><br \/>N\u00ed fh\u00e9adfaidh l\u00e9itheoir\u00ed cuairt a thabhairt ar Leabharlann Benjamin U\u00edbh Eachach gan coinne a dh\u00e9anamh roimh r\u00e9.<\/p>\n<p>[\/et_pb_text][\/et_pb_column][\/et_pb_row][et_pb_row column_structure=&#8221;1_2,1_2&#8243; _builder_version=&#8221;4.16&#8243; background_size=&#8221;initial&#8221; background_position=&#8221;top_left&#8221; background_repeat=&#8221;repeat&#8221; global_colors_info=&#8221;{}&#8221;][et_pb_column type=&#8221;1_2&#8243; _builder_version=&#8221;4.16&#8243; custom_padding=&#8221;|||&#8221; global_colors_info=&#8221;{}&#8221; custom_padding__hover=&#8221;|||&#8221;][et_pb_blurb title=&#8221;\u00cdosl\u00f3d\u00e1il&#8221; url=&#8221;http:\/\/farmleigh.ie\/wp-content\/uploads\/2017\/10\/Regulations-for-the-Use-of-the-Benjamin-Iveagh-Library.pdf&#8221; url_new_window=&#8221;on&#8221; use_icon=&#8221;on&#8221; font_icon=&#8221;&#xe016;||divi||400&#8243; icon_placement=&#8221;left&#8221; admin_label=&#8221;Download Blurb&#8221; _builder_version=&#8221;4.16&#8243; max_width_tablet=&#8221;50px&#8221; animation=&#8221;off&#8221; global_colors_info=&#8221;{}&#8221;]<\/p>\n<p>Rialach\u00e1in le haghaidh Leabharlann Benjamin U\u00edbh Eachach, Teach Farmleigh, a \u00das\u00e1id<\/p>\n<p>[\/et_pb_blurb][\/et_pb_column][et_pb_column type=&#8221;1_2&#8243; _builder_version=&#8221;4.16&#8243; custom_padding=&#8221;|||&#8221; global_colors_info=&#8221;{}&#8221; custom_padding__hover=&#8221;|||&#8221;][et_pb_image src=&#8221;https:\/\/farmleigh.ie\/wp-content\/uploads\/2017\/09\/marshs_logo.jpg&#8221; title_text=&#8221;marshs_logo&#8221; url=&#8221;http:\/\/www.marshlibrary.ie\/&#8221; url_new_window=&#8221;on&#8221; align_tablet=&#8221;center&#8221; align_phone=&#8221;&#8221; align_last_edited=&#8221;on|desktop&#8221; _builder_version=&#8221;4.17.4&#8243; background_image=&#8221;https:\/\/farmleigh.ie\/wp-content\/uploads\/2017\/09\/marshs_logo.jpg&#8221; max_width=&#8221;150px&#8221; module_alignment=&#8221;left&#8221; border_width_all=&#8221;1px&#8221; border_color_all=&#8221;#004d44&#8243; border_style=&#8221;solid&#8221; sticky=&#8221;off&#8221; always_center_on_mobile=&#8221;on&#8221; global_colors_info=&#8221;{}&#8221;][\/et_pb_image][\/et_pb_column][\/et_pb_row][et_pb_row disabled_on=&#8221;off|off|off&#8221; _builder_version=&#8221;4.16&#8243; background_size=&#8221;initial&#8221; background_position=&#8221;top_left&#8221; background_repeat=&#8221;repeat&#8221; global_colors_info=&#8221;{}&#8221;][et_pb_column type=&#8221;4_4&#8243; _builder_version=&#8221;4.16&#8243; custom_padding=&#8221;|||&#8221; global_colors_info=&#8221;{}&#8221; custom_padding__hover=&#8221;|||&#8221;][et_pb_divider show_divider=&#8221;off&#8221; disabled_on=&#8221;off&#8221; _builder_version=&#8221;4.16&#8243; hide_on_mobile=&#8221;off&#8221; global_colors_info=&#8221;{}&#8221;][\/et_pb_divider][\/et_pb_column][\/et_pb_row][\/et_pb_section][et_pb_section fb_built=&#8221;1&#8243; fullwidth=&#8221;on&#8221; _builder_version=&#8221;4.16&#8243; global_colors_info=&#8221;{}&#8221;][et_pb_fullwidth_image src=&#8221;http:\/\/farmleigh.ie\/wp-content\/uploads\/2017\/10\/Nuala-working-in-the-Library-at-Farmleigh.-OPW.jpg&#8221; _builder_version=&#8221;4.16&#8243; animation=&#8221;off&#8221; global_colors_info=&#8221;{}&#8221;][\/et_pb_fullwidth_image][\/et_pb_section]<\/p>\n","protected":false},"excerpt":{"rendered":"<p>Turais don Phobal i gCoitinne Is f\u00e9idir cuairt a thabhairt ar Leabharlann Benjamin U\u00edbh Eachach mar chuid de thuras treoraithe ar Theach Farmleigh. F\u00e9adfaidh gr\u00fapa\u00ed at\u00e1 comhdh\u00e9anta d\u2019fhiche duine ar [&hellip;]<\/p>\n","protected":false},"author":1,"featured_media":0,"parent":0,"menu_order":0,"comment_status":"closed","ping_status":"closed","template":"","meta":{"_et_pb_use_builder":"on","_et_pb_old_content":"","_et_gb_content_width":"","footnotes":""},"class_list":["post-8528","page","type-page","status-publish","hentry"],"_links":{"self":[{"href":"https:\/\/farmleigh.ie\/ga\/wp-json\/wp\/v2\/pages\/8528","targetHints":{"allow":["GET"]}}],"collection":[{"href":"https:\/\/farmleigh.ie\/ga\/wp-json\/wp\/v2\/pages"}],"about":[{"href":"https:\/\/farmleigh.ie\/ga\/wp-json\/wp\/v2\/types\/page"}],"author":[{"embeddable":true,"href":"https:\/\/farmleigh.ie\/ga\/wp-json\/wp\/v2\/users\/1"}],"replies":[{"embeddable":true,"href":"https:\/\/farmleigh.ie\/ga\/wp-json\/wp\/v2\/comments?post=8528"}],"version-history":[{"count":2,"href":"https:\/\/farmleigh.ie\/ga\/wp-json\/wp\/v2\/pages\/8528\/revisions"}],"predecessor-version":[{"id":8530,"href":"https:\/\/farmleigh.ie\/ga\/wp-json\/wp\/v2\/pages\/8528\/revisions\/8530"}],"wp:attachment":[{"href":"https:\/\/farmleigh.ie\/ga\/wp-json\/wp\/v2\/media?parent=8528"}],"curies":[{"name":"wp","href":"https:\/\/api.w.org\/{rel}","templated":true}]}}