{"id":11338,"date":"2025-01-29T12:02:03","date_gmt":"2025-01-29T12:02:03","guid":{"rendered":"https:\/\/farmleigh.ie\/gailearai-farmleigh-2\/"},"modified":"2026-01-31T15:01:14","modified_gmt":"2026-01-31T15:01:14","slug":"gailearai-farmleigh-2","status":"publish","type":"page","link":"https:\/\/farmleigh.ie\/ga\/gailearai-farmleigh-2\/","title":{"rendered":"Gaileara\u00ed Farmleigh"},"content":{"rendered":"<p>[et_pb_section fb_built=&#8221;1&#8243; fullwidth=&#8221;on&#8221; _builder_version=&#8221;4.16&#8243; background_image=&#8221;https:\/\/farmleigh.ie\/wp-content\/uploads\/2019\/10\/StructuresJun14-Sept8-Pic1.jpg&#8221; locked=&#8221;off&#8221; global_colors_info=&#8221;{}&#8221;][et_pb_fullwidth_header title=&#8221;Gaileara\u00ed Farmleigh&#8221; subhead=&#8221;Aimsigh na taispe\u00e1ntais&#8221; text_orientation=&#8221;center&#8221; header_fullscreen=&#8221;on&#8221; header_scroll_down=&#8221;on&#8221; scroll_down_icon=&#8221;%%0%%&#8221; scroll_down_icon_size=&#8221;25px&#8221; background_overlay_color=&#8221;rgba(0,0,0,0.33)&#8221; _builder_version=&#8221;4.27.4&#8243; title_font_size=&#8221;50px&#8221; subhead_font_size=&#8221;23px&#8221; background_color=&#8221;rgba(255, 255, 255, 0)&#8221; background_enable_image=&#8221;off&#8221; max_width_tablet=&#8221;50px&#8221; global_colors_info=&#8221;{}&#8221; button_one_text_size__hover_enabled=&#8221;off&#8221; button_two_text_size__hover_enabled=&#8221;off&#8221; button_one_text_color__hover_enabled=&#8221;off&#8221; button_two_text_color__hover_enabled=&#8221;off&#8221; button_one_border_width__hover_enabled=&#8221;off&#8221; button_two_border_width__hover_enabled=&#8221;off&#8221; button_one_border_color__hover_enabled=&#8221;off&#8221; button_two_border_color__hover_enabled=&#8221;off&#8221; button_one_border_radius__hover_enabled=&#8221;off&#8221; button_two_border_radius__hover_enabled=&#8221;off&#8221; button_one_letter_spacing__hover_enabled=&#8221;off&#8221; button_two_letter_spacing__hover_enabled=&#8221;off&#8221; button_one_bg_color__hover_enabled=&#8221;off&#8221; button_two_bg_color__hover_enabled=&#8221;off&#8221;][\/et_pb_fullwidth_header][\/et_pb_section][et_pb_section fb_built=&#8221;1&#8243; _builder_version=&#8221;4.16&#8243; global_colors_info=&#8221;{}&#8221;][et_pb_row admin_label=&#8221;Gallery Intro&#8221; _builder_version=&#8221;4.27.4&#8243; background_size=&#8221;initial&#8221; background_position=&#8221;top_left&#8221; background_repeat=&#8221;repeat&#8221; global_colors_info=&#8221;{}&#8221;][et_pb_column type=&#8221;4_4&#8243; _builder_version=&#8221;4.16&#8243; custom_padding=&#8221;|||&#8221; global_colors_info=&#8221;{}&#8221; custom_padding__hover=&#8221;|||&#8221;][et_pb_text admin_label=&#8221;Gallery Intro&#8221; _builder_version=&#8221;4.27.4&#8243; link_font=&#8221;|600|||||||&#8221; vertical_offset_tablet=&#8221;0&#8243; horizontal_offset_tablet=&#8221;0&#8243; z_index_tablet=&#8221;0&#8243; text_text_shadow_horizontal_length_tablet=&#8221;0px&#8221; text_text_shadow_vertical_length_tablet=&#8221;0px&#8221; text_text_shadow_blur_strength_tablet=&#8221;1px&#8221; link_text_shadow_horizontal_length_tablet=&#8221;0px&#8221; link_text_shadow_vertical_length_tablet=&#8221;0px&#8221; link_text_shadow_blur_strength_tablet=&#8221;1px&#8221; ul_text_shadow_horizontal_length_tablet=&#8221;0px&#8221; ul_text_shadow_vertical_length_tablet=&#8221;0px&#8221; ul_text_shadow_blur_strength_tablet=&#8221;1px&#8221; ol_text_shadow_horizontal_length_tablet=&#8221;0px&#8221; ol_text_shadow_vertical_length_tablet=&#8221;0px&#8221; ol_text_shadow_blur_strength_tablet=&#8221;1px&#8221; quote_text_shadow_horizontal_length_tablet=&#8221;0px&#8221; quote_text_shadow_vertical_length_tablet=&#8221;0px&#8221; quote_text_shadow_blur_strength_tablet=&#8221;1px&#8221; header_text_shadow_horizontal_length_tablet=&#8221;0px&#8221; header_text_shadow_vertical_length_tablet=&#8221;0px&#8221; header_text_shadow_blur_strength_tablet=&#8221;1px&#8221; header_2_text_shadow_horizontal_length_tablet=&#8221;0px&#8221; header_2_text_shadow_vertical_length_tablet=&#8221;0px&#8221; header_2_text_shadow_blur_strength_tablet=&#8221;1px&#8221; header_3_text_shadow_horizontal_length_tablet=&#8221;0px&#8221; header_3_text_shadow_vertical_length_tablet=&#8221;0px&#8221; header_3_text_shadow_blur_strength_tablet=&#8221;1px&#8221; header_4_text_shadow_horizontal_length_tablet=&#8221;0px&#8221; header_4_text_shadow_vertical_length_tablet=&#8221;0px&#8221; header_4_text_shadow_blur_strength_tablet=&#8221;1px&#8221; header_5_text_shadow_horizontal_length_tablet=&#8221;0px&#8221; header_5_text_shadow_vertical_length_tablet=&#8221;0px&#8221; header_5_text_shadow_blur_strength_tablet=&#8221;1px&#8221; header_6_text_shadow_horizontal_length_tablet=&#8221;0px&#8221; header_6_text_shadow_vertical_length_tablet=&#8221;0px&#8221; header_6_text_shadow_blur_strength_tablet=&#8221;1px&#8221; box_shadow_horizontal_tablet=&#8221;0px&#8221; box_shadow_vertical_tablet=&#8221;0px&#8221; box_shadow_blur_tablet=&#8221;40px&#8221; box_shadow_spread_tablet=&#8221;0px&#8221; global_colors_info=&#8221;{}&#8221;]<\/p>\n<h3>Gaileara\u00ed Farmleigh<\/h3>\n<p>Ba \u00e9 a bh\u00ed in oscailt Ghaileara\u00ed Farmleigh i m\u00ed Mhe\u00e1n F\u00f3mhair 2005 n\u00e1 c\u00e9im shuntasach i bhforbairt shaor\u00e1id\u00ed East\u00e1t Farmleigh agus sa mh\u00e9id a chuireann s\u00e9 le saol cult\u00fartha Bhaile \u00c1tha Cliath agus le saol cult\u00fartha na h\u00c9ireann ina hioml\u00e1ine. Toisc an Gaileara\u00ed a bheith ann, forl\u00edontar an baili\u00fach\u00e1n m\u00f3r eala\u00edne i dTeach Farmleigh \u00e9 f\u00e9in, rud a chuims\u00edonn Baili\u00fach\u00e1n Eala\u00edne Rialtais Oifig na hOibreacha Poibl\u00ed, saothair eala\u00edne mhuintir Guinness agus iasachta\u00ed \u00f3 fhorais eala\u00edne eile, lena n-\u00e1ir\u00edtear Gaileara\u00ed N\u00e1isi\u00fanta na h\u00c9ireann. C\u00e9 gur bh\u00f3ithigh an East\u00e1it a bh\u00ed ann tr\u00e1th, bhunathraigh Gerry Cahill Architects agus Oifig na nOibreacha Poibl\u00ed foirgneamh an Ghaileara\u00ed chun feabhais chun sp\u00e1s taispe\u00e1ntais a chruth\u00fa a chomhl\u00edonfadh caighde\u00e1in idirn\u00e1isi\u00fanta choime\u00e1da\u00edochta agus chaomhantais. D\u00e1 bhr\u00ed sin, oscla\u00edodh cl\u00e1r an Ghaileara\u00ed suas chun taispe\u00e1ntais shuntasacha a mhealladh. D\u00e1 bharr sin, t\u00e1 s\u00e9 ar cheann de na sp\u00e1sanna taispe\u00e1ntais is iomr\u00e1it\u00ed in \u00c9irinn anois.<\/p>\n<p>&nbsp;<\/p>\n<p>Oibr\u00edonn Gaileara\u00ed Farmleigh i ndl\u00fathchomhar le comhlachta\u00ed cult\u00fair agus eala\u00edne sa t\u00edr seo agus i dt\u00edortha eile, amhail an Chomhairle Eala\u00edon, Cult\u00far \u00c9ireann, Comhairle Chearda\u00edochta na h\u00c9ireann, Ceirmeacht \u00c9ireann, an Chomhairle Bhriotanach agus ambas\u00e1id\u00ed \u00e9ags\u00fala, chun go mbeifear in ann saothair a mbaineann t\u00e1bhacht eala\u00edne, cult\u00fair agus staire leo a chur ar taispe\u00e1int. Cuireadh a l\u00e1n taispe\u00e1ntas i l\u00e1thair sa Ghaileara\u00ed go dt\u00ed seo. Ceann amh\u00e1in de na buaicphoint\u00ed ina leith sin ba ea Venice At Farmleigh, inar l\u00e9ir\u00edodh an saothar le Gerard Byrne, eala\u00edont\u00f3ir \u00c9ireannach, agus le Willie Doherty, a ainmn\u00edodh do dhuais Turner agus a rinne ionada\u00edocht do Thuaisceart \u00c9ireann ag Taispe\u00e1ntas D\u00e9bhliant\u00fail Eala\u00edne na Vein\u00e9ise sa bhliain 2007.<\/p>\n<p>&nbsp;<\/p>\n<p>A bhu\u00ed leis an r\u00f3l at\u00e1 ag East\u00e1t Farmleigh maidir le teach c\u00f3naithe a shol\u00e1thar do Chinn St\u00e1it ar cuairt, tugtar deis d\u00fainn gn\u00e9 idirn\u00e1isi\u00fanta agus phoibl\u00ed a chur leis na taispe\u00e1ntais ag an nGaileara\u00ed. I measc na dtaispe\u00e1ntas a re\u00e1cht\u00e1ladh san am at\u00e1 thart t\u00e1 Treasures of Medieval Bulgaria\u00a0(2005),\u00a0Korean Art: Tradition, Modernity and Identity\u00a0(2008) agus\u00a0Kaleidoscope: Contemporary Art from EU Member States, inar ceili\u00faradh Uachtar\u00e1nacht na h\u00c9ireann ar Chomhairle an Aontais Eorpaigh sa bhliain 2013.<\/p>\n<p><strong>Le linn taispe\u00e1ntas, b\u00edonn Gaileara\u00ed Farmleigh ar oscailt \u00f3 10am go 5pm an Mh\u00e1irt go dt\u00ed an Domhnach (agus ar an Luan, i gc\u00e1s Laethanta Saoire Bainc). B\u00edonn an Gaileara\u00ed d\u00fanta don l\u00f3n \u00f3 1pm go 2pm.\u00a0<\/strong><\/p>\n<p>T\u00e1 s\u00e9 saor in aisce dul isteach i nGaileara\u00ed Farmleigh. Caith s\u00fail ar an bhf\u00e9ilire imeachta\u00ed <a href=\"https:\/\/farmleigh.ie\/events\/\"><strong>anseo<\/strong><\/a>.<\/p>\n<p>[\/et_pb_text][\/et_pb_column][\/et_pb_row][\/et_pb_section][et_pb_section fb_built=&#8221;1&#8243; fullwidth=&#8221;on&#8221; theme_builder_area=&#8221;post_content&#8221; _builder_version=&#8221;4.27.5&#8243; _module_preset=&#8221;default&#8221;][et_pb_fullwidth_image _builder_version=&#8221;4.27.5&#8243; _module_preset=&#8221;default&#8221; theme_builder_area=&#8221;post_content&#8221; alt=&#8221;Man in red jumper browsing book display in spot lit cabinet&#8221; title_text=&#8221;Benjamin Iveagh (Guinness), A life in Books&#8221; src=&#8221;http:\/\/farmleigh.ie\/wp-content\/uploads\/2026\/01\/K9A0123-scaled.jpg&#8221; hover_enabled=&#8221;0&#8243; sticky_enabled=&#8221;0&#8243;][\/et_pb_fullwidth_image][\/et_pb_section]<\/p>\n","protected":false},"excerpt":{"rendered":"<p>Gaileara\u00ed Farmleigh Ba \u00e9 a bh\u00ed in oscailt Ghaileara\u00ed Farmleigh i m\u00ed Mhe\u00e1n F\u00f3mhair 2005 n\u00e1 c\u00e9im shuntasach i bhforbairt shaor\u00e1id\u00ed East\u00e1t Farmleigh agus sa mh\u00e9id a chuireann s\u00e9 le [&hellip;]<\/p>\n","protected":false},"author":11,"featured_media":0,"parent":0,"menu_order":0,"comment_status":"closed","ping_status":"closed","template":"","meta":{"_et_pb_use_builder":"on","_et_pb_old_content":"","_et_gb_content_width":"","footnotes":""},"class_list":["post-11338","page","type-page","status-publish","hentry"],"_links":{"self":[{"href":"https:\/\/farmleigh.ie\/ga\/wp-json\/wp\/v2\/pages\/11338","targetHints":{"allow":["GET"]}}],"collection":[{"href":"https:\/\/farmleigh.ie\/ga\/wp-json\/wp\/v2\/pages"}],"about":[{"href":"https:\/\/farmleigh.ie\/ga\/wp-json\/wp\/v2\/types\/page"}],"author":[{"embeddable":true,"href":"https:\/\/farmleigh.ie\/ga\/wp-json\/wp\/v2\/users\/11"}],"replies":[{"embeddable":true,"href":"https:\/\/farmleigh.ie\/ga\/wp-json\/wp\/v2\/comments?post=11338"}],"version-history":[{"count":5,"href":"https:\/\/farmleigh.ie\/ga\/wp-json\/wp\/v2\/pages\/11338\/revisions"}],"predecessor-version":[{"id":12430,"href":"https:\/\/farmleigh.ie\/ga\/wp-json\/wp\/v2\/pages\/11338\/revisions\/12430"}],"wp:attachment":[{"href":"https:\/\/farmleigh.ie\/ga\/wp-json\/wp\/v2\/media?parent=11338"}],"curies":[{"name":"wp","href":"https:\/\/api.w.org\/{rel}","templated":true}]}}